{"id":1955321,"date":"2026-04-15T21:26:07","date_gmt":"2026-04-15T19:26:07","guid":{"rendered":"https:\/\/liquidmaster.pl\/tenzi-kok-gt-600ml-preparat-pielegnujaco-myjacy-do-kokpitow\/"},"modified":"2026-04-18T04:20:58","modified_gmt":"2026-04-18T02:20:58","slug":"tenzi-kok-gt-600ml-preparat-pielegnujaco-myjacy-do-kokpitow","status":"publish","type":"product","link":"https:\/\/liquidmaster.pl\/en\/tenzi-kok-gt-600ml-preparat-pielegnujaco-myjacy-do-kokpitow\/","title":{"rendered":"Tenzi KOK GT 600ml - care and cleaning preparation for cockpits"},"content":{"rendered":"<p>Care of cockpits and plastic elements (matt effect)<\/p>\n<p>\nCare of cockpits and plastic elements. Anti-reflective care and cleaning preparation for cockpits and other plastic surfaces. It creates a matte protective layer on the surface, preventing it from deterioration. Removes dirt; refreshes, leaves a pleasant scent and a matte surface; does not cause stains and greasy deposits.<\/p>\n<p>\u00a0<\/p>\n<p>Plastic elements inside vehicles<\/p>\n<p>\n\u00a0<\/p>\n<p>\u00a0<\/p>\n<p>cover evenly with dew from the sprinkler<\/p>\n<p>cleaned surface;<\/p>\n<p>wipe dry with a clean cloth.<\/p>\n<p class=\"TbPoz\">Package capacity: 0.6<\/p>\n<p class=\"TbPoz\">Packaging: 0.6 L spray bottle<\/p>","protected":false},"excerpt":{"rendered":"<p>Piel\u0119gnacja kokpit\u00f3w i element\u00f3w z tworzyw sztucznych (efekt &#8211; mat) Piel\u0119gnacja kokpit\u00f3w i element\u00f3w z tworzyw sztucznych. Antyrefleksyjny preparat piel\u0119gnuj\u0105co &#8211; myj\u0105cy do\u00a0kokpit\u00f3w oraz innych powierzchni z tworzyw\u00a0sztucznych. Tworzy na powierzchni matow\u0105 warstw\u0119\u00a0ochronn\u0105, zapobiegaj\u0105c\u0105 jej niszczeniu. Usuwa\u00a0zabrudzenia; od\u015bwie\u017ca, pozostawia przyjemny zapach\u00a0i matow\u0105 powierzchni\u0119; nie powoduje plam\u00a0i t\u0142ustych nalot\u00f3w. \u00a0 Elementy z tworzyw sztucznych wewn\u0105trz pojazd\u00f3w&hellip;&nbsp;<a href=\"https:\/\/liquidmaster.pl\/en\/tenzi-kok-gt-600ml-preparat-pielegnujaco-myjacy-do-kokpitow\/\" rel=\"bookmark\">Read More \u00bb<span class=\"screen-reader-text\">Tenzi KOK GT 600ml - care and cleaning preparation for cockpits<\/span><\/a><\/p>","protected":false},"featured_media":1955323,"comment_status":"open","ping_status":"open","template":"","meta":{"neve_meta_sidebar":"","neve_meta_container":"","neve_meta_enable_content_width":"","neve_meta_content_width":0,"neve_meta_title_alignment":"","neve_meta_author_avatar":"","neve_post_elements_order":"","neve_meta_disable_header":"","neve_meta_disable_footer":"","neve_meta_disable_title":"","_themeisle_gutenberg_block_has_review":false},"product_brand":[],"product_cat":[796,795,768],"product_tag":[368],"class_list":{"0":"post-1955321","1":"product","2":"type-product","3":"status-publish","4":"has-post-thumbnail","6":"product_cat-ochrona-plastikow-wewnetrznych","7":"product_cat-plastiki-wewnetrzne","8":"product_cat-wnetrze-auta","9":"product_tag-tenzi","11":"first","12":"outofstock","13":"taxable","14":"shipping-taxable","15":"purchasable","16":"product-type-simple"},"_links":{"self":[{"href":"https:\/\/liquidmaster.pl\/en\/wp-json\/wp\/v2\/product\/1955321","targetHints":{"allow":["GET"]}}],"collection":[{"href":"https:\/\/liquidmaster.pl\/en\/wp-json\/wp\/v2\/product"}],"about":[{"href":"https:\/\/liquidmaster.pl\/en\/wp-json\/wp\/v2\/types\/product"}],"replies":[{"embeddable":true,"href":"https:\/\/liquidmaster.pl\/en\/wp-json\/wp\/v2\/comments?post=1955321"}],"wp:featuredmedia":[{"embeddable":true,"href":"https:\/\/liquidmaster.pl\/en\/wp-json\/wp\/v2\/media\/1955323"}],"wp:attachment":[{"href":"https:\/\/liquidmaster.pl\/en\/wp-json\/wp\/v2\/media?parent=1955321"}],"wp:term":[{"taxonomy":"product_brand","embeddable":true,"href":"https:\/\/liquidmaster.pl\/en\/wp-json\/wp\/v2\/product_brand?post=1955321"},{"taxonomy":"product_cat","embeddable":true,"href":"https:\/\/liquidmaster.pl\/en\/wp-json\/wp\/v2\/product_cat?post=1955321"},{"taxonomy":"product_tag","embeddable":true,"href":"https:\/\/liquidmaster.pl\/en\/wp-json\/wp\/v2\/product_tag?post=1955321"}],"curies":[{"name":"wp","href":"https:\/\/api.w.org\/{rel}","templated":true}]}}