{"id":1954635,"date":"2026-04-12T05:36:08","date_gmt":"2026-04-12T03:36:08","guid":{"rendered":"https:\/\/liquidmaster.pl\/indasa-dysk-rzep-rlr-d-150mm-15h-p-400\/"},"modified":"2026-04-18T04:33:41","modified_gmt":"2026-04-18T02:33:41","slug":"indasa-dysk-rzep-rlr-d-150mm-15h-p-400","status":"publish","type":"product","link":"https:\/\/liquidmaster.pl\/en\/indasa-dysk-rzep-rlr-d-150mm-15h-p-400\/","title":{"rendered":"INDASA Velcro disc RLR D 150mm 15H P-400"},"content":{"rendered":"<p>REDLine \u2013 it is a product with an aluminum oxide coating, which allows for effective abrasion and also affects the strength of the material. The REDLine line is one of the most modern abrasive materials in technology. It was created to obtain a professional finish and meet the needs of the automotive industry. The technical innovation means that REDLine materials work faster and are more durable and durable in use.<\/p>\n<p style=\"text-align: justify;\">\nThe excellent technology of the REDLine line enables long-term operation and makes the paper more resistant to the heat generated during grinding. Paper retains its original properties longer during use.<\/p>","protected":false},"excerpt":{"rendered":"<p>REDLine &#8211; jest to produkt z nasypem tlenku aluminium, co pozwala na efektywne \u015bcieranie, a tak\u017ce wp\u0142ywa na wytrzyma\u0142o\u015b\u0107 materia\u0142u. Linia REDLine jest jedn\u0105 z najnowocze\u015bniejszych w technologii materia\u0142\u00f3w \u015bciernych. Powsta\u0142a, aby uzyska\u0107 profesjonalne wyko\u0144czenie oraz sprosta\u0107 potrzebom przemys\u0142u motoryzacyjnego. Innowacja techniczna polega na tym, \u017ce materia\u0142y REDLine dzia\u0142aj\u0105 szybciej oraz s\u0105 bardziej trwa\u0142e i&hellip;&nbsp;<a href=\"https:\/\/liquidmaster.pl\/en\/indasa-dysk-rzep-rlr-d-150mm-15h-p-400\/\" rel=\"bookmark\">Read More \u00bb<span class=\"screen-reader-text\">INDASA Velcro disc RLR D 150mm 15H P-400<\/span><\/a><\/p>","protected":false},"featured_media":1954637,"comment_status":"open","ping_status":"open","template":"","meta":{"neve_meta_sidebar":"","neve_meta_container":"","neve_meta_enable_content_width":"","neve_meta_content_width":0,"neve_meta_title_alignment":"","neve_meta_author_avatar":"","neve_post_elements_order":"","neve_meta_disable_header":"","neve_meta_disable_footer":"","neve_meta_disable_title":"","_themeisle_gutenberg_block_has_review":false},"product_brand":[],"product_cat":[876,748,874],"product_tag":[308],"class_list":{"0":"post-1954635","1":"product","2":"type-product","3":"status-publish","4":"has-post-thumbnail","6":"product_cat-papiery","7":"product_cat-polerowanie","8":"product_cat-wet-sanding","9":"product_tag-indasa","11":"first","12":"instock","13":"taxable","14":"shipping-taxable","15":"purchasable","16":"product-type-simple"},"_links":{"self":[{"href":"https:\/\/liquidmaster.pl\/en\/wp-json\/wp\/v2\/product\/1954635","targetHints":{"allow":["GET"]}}],"collection":[{"href":"https:\/\/liquidmaster.pl\/en\/wp-json\/wp\/v2\/product"}],"about":[{"href":"https:\/\/liquidmaster.pl\/en\/wp-json\/wp\/v2\/types\/product"}],"replies":[{"embeddable":true,"href":"https:\/\/liquidmaster.pl\/en\/wp-json\/wp\/v2\/comments?post=1954635"}],"wp:featuredmedia":[{"embeddable":true,"href":"https:\/\/liquidmaster.pl\/en\/wp-json\/wp\/v2\/media\/1954637"}],"wp:attachment":[{"href":"https:\/\/liquidmaster.pl\/en\/wp-json\/wp\/v2\/media?parent=1954635"}],"wp:term":[{"taxonomy":"product_brand","embeddable":true,"href":"https:\/\/liquidmaster.pl\/en\/wp-json\/wp\/v2\/product_brand?post=1954635"},{"taxonomy":"product_cat","embeddable":true,"href":"https:\/\/liquidmaster.pl\/en\/wp-json\/wp\/v2\/product_cat?post=1954635"},{"taxonomy":"product_tag","embeddable":true,"href":"https:\/\/liquidmaster.pl\/en\/wp-json\/wp\/v2\/product_tag?post=1954635"}],"curies":[{"name":"wp","href":"https:\/\/api.w.org\/{rel}","templated":true}]}}