{"id":1948069,"date":"2026-03-01T04:42:09","date_gmt":"2026-03-01T02:42:09","guid":{"rendered":"https:\/\/liquidmaster.pl\/lake-country-sdo-pad-black-38mm-miekki-pad-polerski-2\/"},"modified":"2026-03-01T04:42:09","modified_gmt":"2026-03-01T02:42:09","slug":"lake-country-sdo-pad-black-38mm-miekki-pad-polerski-2","status":"publish","type":"product","link":"https:\/\/liquidmaster.pl\/en\/product\/lake-country-sdo-pad-black-38mm-miekki-pad-polerski-2\/","title":{"rendered":"Lake Country SDO Pad Black 38mm &#8211; mi\u0119kki pad polerski"},"content":{"rendered":"<p>Lake Country SDO Finishing Pad<\/p>\n<p>SDO polishing pads are designed for use on Dual Action machines with a central vent. The central vent allows excess heat to escape and dissipate freely from the foam, lowering the working surface temperature, reducing the risk of paint damage.<\/p>\n<p>They are made of high-quality European foam, which ensures maximum durability and maintains hardness when polishing with long-stroke Dual Action polishing machines.<\/p>\n<p>SDO Finishing Pad is the perfect solution for removing light scratches and creating a high-gloss paint finish using slightly abrasive polishing compounds.<\/p>\n<p>Pads with a diameter of 38, 63 and 89 mm do not have a central hole!<\/p>\n<p>The most important features:<\/p>\n<ul>\n<li>The conical shape prevents the pad from deforming and ensures even rotation. It works perfectly on rounded and highly contoured panels and enables precise polishing in hard-to-reach areas.<\/li>\n<li>Central hole \u2013 dissipates heat from the center of the pad, reducing temperature and increasing durability. It also allows for a perfect fit with the backing plate of the polishing machine.<\/li>\n<li>A comprehensive polishing system \u2013 the SDO line is the perfect complement to the powerful, low-pile wool polishing pads.<\/li>\n<\/ul>\n<p>Technical data:<\/p>\n<ul>\n<li>Pad diameter: 38 mm<\/li>\n<li>Polishing power: light<\/li>\n<li>Application: light scratch removal, high gloss finish<\/li>\n<li>Fastening: Velcro<\/li>\n<li>Foam color: black<\/li>\n<\/ul>","protected":false},"excerpt":{"rendered":"<p>Lake Country SDO Finishing Pad Pady polerskie z linii SDO zosta\u0142y opracowane z my\u015bl\u0105 o pracy na maszynach Dual Action z centralnym otworzem wentylacyjnym. Otw\u00f3r centralny pozwala na swobodne uwalnianie i rozpraszanie nadmiaru ciep\u0142a z pianki, a tak\u017ce obni\u017ca temperatur\u0119 powierzchnie roboczej, co zmniejsza ryzyko uszkodzenia lakieru. Wykonane s\u0105 z wysokiej jako\u015bci europejskiej pianki, kt\u00f3ra&hellip;&nbsp;<a href=\"https:\/\/liquidmaster.pl\/en\/product\/lake-country-sdo-pad-black-38mm-miekki-pad-polerski-2\/\" rel=\"bookmark\">Read More \u00bb<span class=\"screen-reader-text\">Lake Country SDO Pad Black 38mm &#8211; mi\u0119kki pad polerski<\/span><\/a><\/p>","protected":false},"featured_media":0,"comment_status":"open","ping_status":"open","template":"","meta":{"neve_meta_sidebar":"","neve_meta_container":"","neve_meta_enable_content_width":"","neve_meta_content_width":0,"neve_meta_title_alignment":"","neve_meta_author_avatar":"","neve_post_elements_order":"","neve_meta_disable_header":"","neve_meta_disable_footer":"","neve_meta_disable_title":"","_themeisle_gutenberg_block_has_review":false},"product_brand":[],"product_cat":[],"product_tag":[],"class_list":{"0":"post-1948069","1":"product","2":"type-product","3":"status-publish","6":"first","7":"instock","8":"taxable","9":"shipping-taxable","10":"product-type-simple"},"_links":{"self":[{"href":"https:\/\/liquidmaster.pl\/en\/wp-json\/wp\/v2\/product\/1948069","targetHints":{"allow":["GET"]}}],"collection":[{"href":"https:\/\/liquidmaster.pl\/en\/wp-json\/wp\/v2\/product"}],"about":[{"href":"https:\/\/liquidmaster.pl\/en\/wp-json\/wp\/v2\/types\/product"}],"replies":[{"embeddable":true,"href":"https:\/\/liquidmaster.pl\/en\/wp-json\/wp\/v2\/comments?post=1948069"}],"wp:attachment":[{"href":"https:\/\/liquidmaster.pl\/en\/wp-json\/wp\/v2\/media?parent=1948069"}],"wp:term":[{"taxonomy":"product_brand","embeddable":true,"href":"https:\/\/liquidmaster.pl\/en\/wp-json\/wp\/v2\/product_brand?post=1948069"},{"taxonomy":"product_cat","embeddable":true,"href":"https:\/\/liquidmaster.pl\/en\/wp-json\/wp\/v2\/product_cat?post=1948069"},{"taxonomy":"product_tag","embeddable":true,"href":"https:\/\/liquidmaster.pl\/en\/wp-json\/wp\/v2\/product_tag?post=1948069"}],"curies":[{"name":"wp","href":"https:\/\/api.w.org\/{rel}","templated":true}]}}