{"id":1946396,"date":"2026-02-20T02:56:09","date_gmt":"2026-02-20T00:56:09","guid":{"rendered":"https:\/\/liquidmaster.pl\/colourlock-impregnat-do-tkanin-i-alcantary-200ml-2\/"},"modified":"2026-02-20T02:58:01","modified_gmt":"2026-02-20T00:58:01","slug":"colourlock-impregnat-do-tkanin-i-alcantary-200ml-2","status":"publish","type":"product","link":"https:\/\/liquidmaster.pl\/en\/colourlock-impregnat-do-tkanin-i-alcantary-201\/","title":{"rendered":"Colourlock Impregnate for fabrics and alcantara 200ml"},"content":{"rendered":"<p>Fabric impregnation protects fabric from staining. Impregnation is intended to make the surface water-resistant. It does not have any conditioning properties.<br \/>\nThe impregnation can be used for clothes, shoes, upholstery, bags, etc.<\/p>\n<p>Quantities:<br \/>\n200 ml of impregnation is enough to impregnate a furniture set several times. In some cases, with very dry leather or upholstery that hasn&#039;t been cared for in a long time, it may be necessary to use a larger amount. Especially in the case of shoes and furniture seats, the impregnation wears off more quickly and should be applied more frequently.<\/p>\n<p>Use:<br \/>\nAll products should first be tested in an inconspicuous area. Apply a thin, even layer of the impregnation to a clean, dry surface from a distance of approximately 40 cm. Then, allow the impregnation to dry. Surfaces exposed to heavy wear should be re-sprayed after drying. After cleaning or washing, the surface should be re-impregnated. The product should be used according to the instructions on the packaging. The safety recommendations on the label should be strictly observed.<\/p>\n<p>Important:<br \/>\nImpregnation won&#039;t completely seal the fabric. This would significantly reduce its breathing capacity. While you&#039;ll enhance the fabric&#039;s protection, fabric upholstery should still be handled with care.<\/p>\n<p>Capacity 200ml in a can<\/p>","protected":false},"excerpt":{"rendered":"<p>Impregnat do tkanin chroni przed zaplamieniem tkaniny. Impregnaty maj\u0105 za zadanie uczyni\u0107 powierzchni\u0119 odporn\u0105 na dzia\u0142anie wody. Impregnat nie ma w\u0142a\u015bciwo\u015bci piel\u0119gnuj\u0105cych. Impregnat mo\u017cna stosowa\u0107 do ubra\u0144, but\u00f3w, tapicerek, torebek itd. Ilo\u015bci: 200 ml impregnatu starcza na kilkakrotne zaimpregnowanie kompletu meblowego . W niekt\u00f3rych wypadkach przy bardzo suchej sk\u00f3rze i dawno nie piel\u0119gnowanej tapicerce konieczne&hellip;&nbsp;<a href=\"https:\/\/liquidmaster.pl\/en\/colourlock-impregnat-do-tkanin-i-alcantary-201\/\" rel=\"bookmark\">Read More \u00bb<span class=\"screen-reader-text\">Colourlock Impregnate for fabrics and alcantara 200ml<\/span><\/a><\/p>","protected":false},"featured_media":1848654,"comment_status":"open","ping_status":"open","template":"","meta":{"neve_meta_sidebar":"","neve_meta_container":"","neve_meta_enable_content_width":"","neve_meta_content_width":0,"neve_meta_title_alignment":"","neve_meta_author_avatar":"","neve_post_elements_order":"","neve_meta_disable_header":"","neve_meta_disable_footer":"","neve_meta_disable_title":"","_themeisle_gutenberg_block_has_review":false},"product_brand":[],"product_cat":[832,769,768],"product_tag":[283],"class_list":{"0":"post-1946396","1":"product","2":"type-product","3":"status-publish","4":"has-post-thumbnail","6":"product_cat-impregnaty","7":"product_cat-tapicerka-i-dywaniki","8":"product_cat-wnetrze-auta","9":"product_tag-colourlock","11":"first","12":"outofstock","13":"taxable","14":"shipping-taxable","15":"purchasable","16":"product-type-simple"},"_links":{"self":[{"href":"https:\/\/liquidmaster.pl\/en\/wp-json\/wp\/v2\/product\/1946396","targetHints":{"allow":["GET"]}}],"collection":[{"href":"https:\/\/liquidmaster.pl\/en\/wp-json\/wp\/v2\/product"}],"about":[{"href":"https:\/\/liquidmaster.pl\/en\/wp-json\/wp\/v2\/types\/product"}],"replies":[{"embeddable":true,"href":"https:\/\/liquidmaster.pl\/en\/wp-json\/wp\/v2\/comments?post=1946396"}],"wp:featuredmedia":[{"embeddable":true,"href":"https:\/\/liquidmaster.pl\/en\/wp-json\/wp\/v2\/media\/1848654"}],"wp:attachment":[{"href":"https:\/\/liquidmaster.pl\/en\/wp-json\/wp\/v2\/media?parent=1946396"}],"wp:term":[{"taxonomy":"product_brand","embeddable":true,"href":"https:\/\/liquidmaster.pl\/en\/wp-json\/wp\/v2\/product_brand?post=1946396"},{"taxonomy":"product_cat","embeddable":true,"href":"https:\/\/liquidmaster.pl\/en\/wp-json\/wp\/v2\/product_cat?post=1946396"},{"taxonomy":"product_tag","embeddable":true,"href":"https:\/\/liquidmaster.pl\/en\/wp-json\/wp\/v2\/product_tag?post=1946396"}],"curies":[{"name":"wp","href":"https:\/\/api.w.org\/{rel}","templated":true}]}}