{"id":1943770,"date":"2026-02-05T11:12:11","date_gmt":"2026-02-05T09:12:11","guid":{"rendered":"https:\/\/liquidmaster.pl\/soft99-ultra-glaco-70ml-niewidzialna-wycieraczka-od-45km-h-2\/"},"modified":"2026-02-05T11:14:34","modified_gmt":"2026-02-05T09:14:34","slug":"soft99-ultra-glaco-70ml-niewidzialna-wycieraczka-od-45km-h-2","status":"publish","type":"product","link":"https:\/\/liquidmaster.pl\/en\/soft99-ultra-glaco-70ml-niewidzialna-wycieraczka-od-45kmh\/","title":{"rendered":"Soft99 Ultra Glaco 70ml \u2013 invisible wiper from 45km\/h"},"content":{"rendered":"<p>Soft99 Ultra Glaco - an &quot;invisible wiper&quot; preparation that creates a protective coating on the glass surface. The &quot;invisible wiper&quot; effect is available from 45 km\/h and lasts up to 1 year. Suitable for all weather conditions - windows are more difficult to freeze in winter due to snowfall or frost.<\/p>\n<p>Usage:<\/p>\n<ul>\n<li>Before use, wash the glass surface thoroughly.<\/li>\n<li>Remove the cap, press the bottle lightly and spread the liquid evenly on the dry surface of the glass using the applicator. Do not apply on wet windows! Spreading the product on undried windows may damage them!<\/li>\n<li>Leave to dry for 5-10 minutes, then wipe off with a dry towel.<\/li>\n<li>The preparation dries completely after approximately 12 hours.<\/li>\n<\/ul>\n<p>\u00a0<\/p><\/p>","protected":false},"excerpt":{"rendered":"<p>Soft99 Ultra Glaco &#8211; jest to preparat typu &#8222;niewidzialna wycieraczka&#8221;, kt\u00f3ry tworzy pow\u0142ok\u0119 zabezpieczaj\u0105c\u0105 na powierzchni szyb. Efekt \u201eniewidzialnej wycieraczki&#8221; jest dost\u0119pny ju\u017c od 45 km\/h i utrzymuje si\u0119 nawet do 1 roku czasu. Odpowiedni na ka\u017cd\u0105 pogod\u0119 &#8211; szyby w zimie trudniej ulegaj\u0105 zamarzaniu z powodu opad\u00f3w \u015bniegu lub wyst\u0119powania szronu. Spos\u00f3b u\u017cycia: Przed&hellip;&nbsp;<a href=\"https:\/\/liquidmaster.pl\/en\/soft99-ultra-glaco-70ml-niewidzialna-wycieraczka-od-45kmh\/\" rel=\"bookmark\">Read More \u00bb<span class=\"screen-reader-text\">Soft99 Ultra Glaco 70ml \u2013 invisible wiper from 45km\/h<\/span><\/a><\/p>","protected":false},"featured_media":1842810,"comment_status":"open","ping_status":"open","template":"","meta":{"neve_meta_sidebar":"","neve_meta_container":"","neve_meta_enable_content_width":"","neve_meta_content_width":0,"neve_meta_title_alignment":"","neve_meta_author_avatar":"","neve_post_elements_order":"","neve_meta_disable_header":"","neve_meta_disable_footer":"","neve_meta_disable_title":"","_themeisle_gutenberg_block_has_review":false},"product_brand":[],"product_cat":[733,794,773],"product_tag":[362],"class_list":{"0":"post-1943770","1":"product","2":"type-product","3":"status-publish","4":"has-post-thumbnail","6":"product_cat-na-zewnatrz","7":"product_cat-niewidzialna-wycieraczka","8":"product_cat-szyby","9":"product_tag-soft99","11":"first","12":"instock","13":"taxable","14":"shipping-taxable","15":"purchasable","16":"product-type-simple"},"_links":{"self":[{"href":"https:\/\/liquidmaster.pl\/en\/wp-json\/wp\/v2\/product\/1943770","targetHints":{"allow":["GET"]}}],"collection":[{"href":"https:\/\/liquidmaster.pl\/en\/wp-json\/wp\/v2\/product"}],"about":[{"href":"https:\/\/liquidmaster.pl\/en\/wp-json\/wp\/v2\/types\/product"}],"replies":[{"embeddable":true,"href":"https:\/\/liquidmaster.pl\/en\/wp-json\/wp\/v2\/comments?post=1943770"}],"wp:featuredmedia":[{"embeddable":true,"href":"https:\/\/liquidmaster.pl\/en\/wp-json\/wp\/v2\/media\/1842810"}],"wp:attachment":[{"href":"https:\/\/liquidmaster.pl\/en\/wp-json\/wp\/v2\/media?parent=1943770"}],"wp:term":[{"taxonomy":"product_brand","embeddable":true,"href":"https:\/\/liquidmaster.pl\/en\/wp-json\/wp\/v2\/product_brand?post=1943770"},{"taxonomy":"product_cat","embeddable":true,"href":"https:\/\/liquidmaster.pl\/en\/wp-json\/wp\/v2\/product_cat?post=1943770"},{"taxonomy":"product_tag","embeddable":true,"href":"https:\/\/liquidmaster.pl\/en\/wp-json\/wp\/v2\/product_tag?post=1943770"}],"curies":[{"name":"wp","href":"https:\/\/api.w.org\/{rel}","templated":true}]}}