{"id":1920625,"date":"2025-09-28T01:50:11","date_gmt":"2025-09-27T23:50:11","guid":{"rendered":"https:\/\/liquidmaster.pl\/fresso-bug-remover-5l-preparat-do-usuwania-owadow\/"},"modified":"2026-04-18T04:43:24","modified_gmt":"2026-04-18T02:43:24","slug":"fresso-bug-remover-5l-preparat-do-usuwania-owadow","status":"publish","type":"product","link":"https:\/\/liquidmaster.pl\/en\/fresso-bug-remover-5l-preparat-do-usuwania-owadow\/","title":{"rendered":"Fresso Bug Remover 5L \u2013 insect removal product"},"content":{"rendered":"<p>Bug Remover &#8211; opracowany w oparciu o najnowocze\u015bniejsz\u0105 technologi\u0119 i sk\u0142adniki, produkt s\u0142u\u017c\u0105cy do skutecznego i szybkiego usuwania pozosta\u0142o\u015bci owad\u00f3w i innych zabrudze\u0144 organicznych. Jego formu\u0142a jest bezpieczna dla wszystkich rodzaj\u00f3w powierzchni. Nie narusza pow\u0142ok ceramicznych oraz wi\u0119kszo\u015bci wosk\u00f3w. Charakteryzuje si\u0119 du\u017c\u0105 wydajno\u015bci\u0105 oraz \u0142atwo\u015bci\u0105 aplikacji. Korzystanie z produktu uprzyjemnia perfumowany zapach.<\/p>\n<p>Key product features:<\/p>\n<ul>\n<li>Effectively removes insect residues<\/li>\n<li>Safe formula<\/li>\n<li>High product efficiency<\/li>\n<li>Ready to use<\/li>\n<li>Does not damage coatings or most waxes<\/li>\n<li>High cleaning power<\/li>\n<\/ul>\n<p>Usage<\/p>\n<li>Apply the product directly to the surface to be cleaned<\/li>\n<li>Leave the product on the dirty area for about 2 minutes<\/li>\n<li>W razie konieczno\u015bci &#8211; wypracowa\u0107 produkt r\u0119kawic\u0105 lub p\u0119dzelkiem<\/li>\n<li>Rinse off any product residue with high-pressure water.<\/li>\n<li>Repeat the operation if necessary<\/li>\n<p>Capacity 5L<\/p>","protected":false},"excerpt":{"rendered":"<p>Bug Remover &#8211; opracowany w oparciu o najnowocze\u015bniejsz\u0105 technologi\u0119 i sk\u0142adniki, produkt s\u0142u\u017c\u0105cy do skutecznego i szybkiego usuwania pozosta\u0142o\u015bci owad\u00f3w i innych zabrudze\u0144 organicznych. Jego formu\u0142a jest bezpieczna dla wszystkich rodzaj\u00f3w powierzchni. Nie narusza pow\u0142ok ceramicznych oraz wi\u0119kszo\u015bci wosk\u00f3w. Charakteryzuje si\u0119 du\u017c\u0105 wydajno\u015bci\u0105 oraz \u0142atwo\u015bci\u0105 aplikacji. Korzystanie z produktu uprzyjemnia perfumowany zapach. Najwa\u017cniejsze cechy produktu:&hellip;&nbsp;<a href=\"https:\/\/liquidmaster.pl\/en\/fresso-bug-remover-5l-preparat-do-usuwania-owadow\/\" rel=\"bookmark\">Read More \u00bb<span class=\"screen-reader-text\">Fresso Bug Remover 5L \u2013 insect removal product<\/span><\/a><\/p>","protected":false},"featured_media":1849040,"comment_status":"open","ping_status":"open","template":"","meta":{"neve_meta_sidebar":"","neve_meta_container":"","neve_meta_enable_content_width":"","neve_meta_content_width":0,"neve_meta_title_alignment":"","neve_meta_author_avatar":"","neve_post_elements_order":"","neve_meta_disable_header":"","neve_meta_disable_footer":"","neve_meta_disable_title":"","_themeisle_gutenberg_block_has_review":false},"product_brand":[],"product_cat":[743,733,754],"product_tag":[296],"class_list":{"0":"post-1920625","1":"product","2":"type-product","3":"status-publish","4":"has-post-thumbnail","6":"product_cat-dekontaminacja","7":"product_cat-na-zewnatrz","8":"product_cat-usuwanie-owadow","9":"product_tag-fresso","11":"first","12":"instock","13":"taxable","14":"shipping-taxable","15":"purchasable","16":"product-type-simple"},"_links":{"self":[{"href":"https:\/\/liquidmaster.pl\/en\/wp-json\/wp\/v2\/product\/1920625","targetHints":{"allow":["GET"]}}],"collection":[{"href":"https:\/\/liquidmaster.pl\/en\/wp-json\/wp\/v2\/product"}],"about":[{"href":"https:\/\/liquidmaster.pl\/en\/wp-json\/wp\/v2\/types\/product"}],"replies":[{"embeddable":true,"href":"https:\/\/liquidmaster.pl\/en\/wp-json\/wp\/v2\/comments?post=1920625"}],"wp:featuredmedia":[{"embeddable":true,"href":"https:\/\/liquidmaster.pl\/en\/wp-json\/wp\/v2\/media\/1849040"}],"wp:attachment":[{"href":"https:\/\/liquidmaster.pl\/en\/wp-json\/wp\/v2\/media?parent=1920625"}],"wp:term":[{"taxonomy":"product_brand","embeddable":true,"href":"https:\/\/liquidmaster.pl\/en\/wp-json\/wp\/v2\/product_brand?post=1920625"},{"taxonomy":"product_cat","embeddable":true,"href":"https:\/\/liquidmaster.pl\/en\/wp-json\/wp\/v2\/product_cat?post=1920625"},{"taxonomy":"product_tag","embeddable":true,"href":"https:\/\/liquidmaster.pl\/en\/wp-json\/wp\/v2\/product_tag?post=1920625"}],"curies":[{"name":"wp","href":"https:\/\/api.w.org\/{rel}","templated":true}]}}