{"id":1920618,"date":"2025-09-28T01:44:07","date_gmt":"2025-09-27T23:44:07","guid":{"rendered":"https:\/\/liquidmaster.pl\/cleantle-mikrofibra-shorty-3-pack-350gsm-40x40cm\/"},"modified":"2026-04-18T04:43:22","modified_gmt":"2026-04-18T02:43:22","slug":"cleantle-mikrofibra-shorty-3-pack-350gsm-40x40cm","status":"publish","type":"product","link":"https:\/\/liquidmaster.pl\/en\/cleantle-mikrofibra-shorty-3-pack-350gsm-40x40cm\/","title":{"rendered":"Cleantle Microfiber Shorty 3-pack 350gsm 40x40cm"},"content":{"rendered":"<\/p>\n<p>Shorty (3-pack) is a set of three multi-purpose, short-pile, high-grammage 350 gsm microfiber cloths. They can be used for applying quick detailers, buffing paintwork, cleaning interiors, and many other detailing tasks. Shorty microfiber is an indispensable tool for both amateurs and professionals. We recommend washing at a maximum of 40 degrees Celsius using Cleantle Fabriclean+ and tumble drying.<\/p>\n<p>Weight: 350 gsm<br \/>\nSize: 40\u00d740 cm<\/p>\n<p>Product features:<\/p>\n<ul>\n<li>high grammage 350 gsm<\/li>\n<li>multi-purpose microfiber<\/li>\n<li>short bristles<\/li>\n<\/ul>","protected":false},"excerpt":{"rendered":"<p>Shorty (3-pack) to zestaw 3 wielozadaniowych mikrofibr z kr\u00f3tkim w\u0142osiem o wysokiej gramaturze 350 gsm. Mog\u0105 s\u0142u\u017cy\u0107 do nak\u0142adania quick detailer\u00f3w, docierania pow\u0142oki, czyszczenia wn\u0119trza i wielu innych prac detailingowych. Mikrofibra Shorty to niezast\u0105piony pomocnik dla amator\u00f3w i profesjonalist\u00f3w. Rekomendujemy pranie w max. 40 stopniach przy u\u017cyciu Cleantle Fabriclean+ i suszenie w suszarce b\u0119bnowej. Gramatura:&hellip;&nbsp;<a href=\"https:\/\/liquidmaster.pl\/en\/cleantle-mikrofibra-shorty-3-pack-350gsm-40x40cm\/\" rel=\"bookmark\">Read More \u00bb<span class=\"screen-reader-text\">Cleantle Microfiber Shorty 3-pack 350gsm 40x40cm<\/span><\/a><\/p>","protected":false},"featured_media":1920620,"comment_status":"open","ping_status":"open","template":"","meta":{"neve_meta_sidebar":"","neve_meta_container":"","neve_meta_enable_content_width":"","neve_meta_content_width":0,"neve_meta_title_alignment":"","neve_meta_author_avatar":"","neve_post_elements_order":"","neve_meta_disable_header":"","neve_meta_disable_footer":"","neve_meta_disable_title":"","_themeisle_gutenberg_block_has_review":false},"product_brand":[],"product_cat":[757,758,798],"product_tag":[],"class_list":{"0":"post-1920618","1":"product","2":"type-product","3":"status-publish","4":"has-post-thumbnail","6":"product_cat-akcesoria","7":"product_cat-mikrofibry-i-reczniki","8":"product_cat-uniwersalne","10":"first","11":"instock","12":"taxable","13":"shipping-taxable","14":"purchasable","15":"product-type-simple"},"_links":{"self":[{"href":"https:\/\/liquidmaster.pl\/en\/wp-json\/wp\/v2\/product\/1920618","targetHints":{"allow":["GET"]}}],"collection":[{"href":"https:\/\/liquidmaster.pl\/en\/wp-json\/wp\/v2\/product"}],"about":[{"href":"https:\/\/liquidmaster.pl\/en\/wp-json\/wp\/v2\/types\/product"}],"replies":[{"embeddable":true,"href":"https:\/\/liquidmaster.pl\/en\/wp-json\/wp\/v2\/comments?post=1920618"}],"wp:featuredmedia":[{"embeddable":true,"href":"https:\/\/liquidmaster.pl\/en\/wp-json\/wp\/v2\/media\/1920620"}],"wp:attachment":[{"href":"https:\/\/liquidmaster.pl\/en\/wp-json\/wp\/v2\/media?parent=1920618"}],"wp:term":[{"taxonomy":"product_brand","embeddable":true,"href":"https:\/\/liquidmaster.pl\/en\/wp-json\/wp\/v2\/product_brand?post=1920618"},{"taxonomy":"product_cat","embeddable":true,"href":"https:\/\/liquidmaster.pl\/en\/wp-json\/wp\/v2\/product_cat?post=1920618"},{"taxonomy":"product_tag","embeddable":true,"href":"https:\/\/liquidmaster.pl\/en\/wp-json\/wp\/v2\/product_tag?post=1920618"}],"curies":[{"name":"wp","href":"https:\/\/api.w.org\/{rel}","templated":true}]}}