{"id":1920610,"date":"2025-09-28T01:24:06","date_gmt":"2025-09-27T23:24:06","guid":{"rendered":"https:\/\/liquidmaster.pl\/tenzi-mikrofibry-na-rolce-kremowe-20szt-35x35cm\/"},"modified":"2026-04-18T04:43:20","modified_gmt":"2026-04-18T02:43:20","slug":"tenzi-mikrofibry-na-rolce-kremowe-20szt-35x35cm","status":"publish","type":"product","link":"https:\/\/liquidmaster.pl\/en\/tenzi-mikrofibry-na-rolce-kremowe-20szt-35x35cm\/","title":{"rendered":"Tenzi Microfiber Rolls CREAM 20pcs 35x35cm"},"content":{"rendered":"<p>Sprz\u0105taj z przyjemno\u015bci\u0105. Rolka najwy\u017cszej klasy premium \u015bciereczek z mikrofibry oferuje bezkonkurencyjn\u0105 skuteczno\u015b\u0107 w czyszczeniu ka\u017cdej powierzchni, w po\u0142\u0105czeniu z wygodn\u0105 form\u0105 przechowywania. Nowa szmatka jest nieoceniona przy r\u0119cznym polerowaniu, gwarantuj\u0105c bezpiecze\u0144stwo i eliminuj\u0105c ryzyko zarysowania wszelkich powierzchni. Stosowana na sucho, perfekcyjnie przyci\u0105ga kurz, pozostawiaj\u0105c powierzchnie nieskazitelnie czyste i l\u015bni\u0105ce. Po nawil\u017ceniu, \u015bciereczka \u015bciereczka natychmiast poch\u0142ania wilgo\u0107 i zabrudzenia, czyni\u0105c j\u0105 niezast\u0105pionym narz\u0119dziem do wszechstronnych zada\u0144 czyszcz\u0105cych. Dodatkowo, po szybkim p\u0142ukaniu, \u015bciereczka jest natychmiast gotowa do ponownego u\u017cycia, co zapewnia wygod\u0119, oszcz\u0119dno\u015b\u0107 czasu i najwy\u017cszy komfort u\u017cytkowania.<\/p>\n<p>Jedna rolka zawiera 20 \u0142atwych do oderwania szmatek.<\/p>","protected":false},"excerpt":{"rendered":"<p>Sprz\u0105taj z przyjemno\u015bci\u0105. Rolka najwy\u017cszej klasy premium \u015bciereczek z mikrofibry oferuje bezkonkurencyjn\u0105 skuteczno\u015b\u0107 w czyszczeniu ka\u017cdej powierzchni, w po\u0142\u0105czeniu z wygodn\u0105 form\u0105 przechowywania. Nowa szmatka jest nieoceniona przy r\u0119cznym polerowaniu, gwarantuj\u0105c bezpiecze\u0144stwo i eliminuj\u0105c ryzyko zarysowania wszelkich powierzchni. Stosowana na sucho, perfekcyjnie przyci\u0105ga kurz, pozostawiaj\u0105c powierzchnie nieskazitelnie czyste i l\u015bni\u0105ce. Po nawil\u017ceniu, \u015bciereczka \u015bciereczka natychmiast&hellip;&nbsp;<a href=\"https:\/\/liquidmaster.pl\/en\/tenzi-mikrofibry-na-rolce-kremowe-20szt-35x35cm\/\" rel=\"bookmark\">Read More \u00bb<span class=\"screen-reader-text\">Tenzi Microfiber Rolls CREAM 20pcs 35x35cm<\/span><\/a><\/p>","protected":false},"featured_media":1848985,"comment_status":"open","ping_status":"open","template":"","meta":{"neve_meta_sidebar":"","neve_meta_container":"","neve_meta_enable_content_width":"","neve_meta_content_width":0,"neve_meta_title_alignment":"","neve_meta_author_avatar":"","neve_post_elements_order":"","neve_meta_disable_header":"","neve_meta_disable_footer":"","neve_meta_disable_title":"","_themeisle_gutenberg_block_has_review":false},"product_brand":[],"product_cat":[757,758,798],"product_tag":[368],"class_list":{"0":"post-1920610","1":"product","2":"type-product","3":"status-publish","4":"has-post-thumbnail","6":"product_cat-akcesoria","7":"product_cat-mikrofibry-i-reczniki","8":"product_cat-uniwersalne","9":"product_tag-tenzi","11":"first","12":"instock","13":"taxable","14":"shipping-taxable","15":"purchasable","16":"product-type-simple"},"_links":{"self":[{"href":"https:\/\/liquidmaster.pl\/en\/wp-json\/wp\/v2\/product\/1920610","targetHints":{"allow":["GET"]}}],"collection":[{"href":"https:\/\/liquidmaster.pl\/en\/wp-json\/wp\/v2\/product"}],"about":[{"href":"https:\/\/liquidmaster.pl\/en\/wp-json\/wp\/v2\/types\/product"}],"replies":[{"embeddable":true,"href":"https:\/\/liquidmaster.pl\/en\/wp-json\/wp\/v2\/comments?post=1920610"}],"wp:featuredmedia":[{"embeddable":true,"href":"https:\/\/liquidmaster.pl\/en\/wp-json\/wp\/v2\/media\/1848985"}],"wp:attachment":[{"href":"https:\/\/liquidmaster.pl\/en\/wp-json\/wp\/v2\/media?parent=1920610"}],"wp:term":[{"taxonomy":"product_brand","embeddable":true,"href":"https:\/\/liquidmaster.pl\/en\/wp-json\/wp\/v2\/product_brand?post=1920610"},{"taxonomy":"product_cat","embeddable":true,"href":"https:\/\/liquidmaster.pl\/en\/wp-json\/wp\/v2\/product_cat?post=1920610"},{"taxonomy":"product_tag","embeddable":true,"href":"https:\/\/liquidmaster.pl\/en\/wp-json\/wp\/v2\/product_tag?post=1920610"}],"curies":[{"name":"wp","href":"https:\/\/api.w.org\/{rel}","templated":true}]}}