{"id":1920515,"date":"2025-09-26T05:16:07","date_gmt":"2025-09-26T03:16:07","guid":{"rendered":"https:\/\/liquidmaster.pl\/shiny-garage-leather-cleaner-soft-500ml\/"},"modified":"2026-04-18T04:31:41","modified_gmt":"2026-04-18T02:31:41","slug":"shiny-garage-leather-cleaner-soft-500ml","status":"publish","type":"product","link":"https:\/\/liquidmaster.pl\/en\/shiny-garage-leather-cleaner-soft-501\/","title":{"rendered":"Shiny Garage Leather Cleaner Soft 500ml"},"content":{"rendered":"<p style=\"text-align: justify;\">A preparation for cleaning light and medium dirt on leather upholstery. Leather Cleaner is a composition of surfactants that safely and quickly penetrate dirt and help remove it. Safe for cleaned surfaces. Contains substances that moisturize and soften the skin.<\/p>\n<ul style=\"text-align: justify;\">\n<li>effective<\/li>\n<li>quickly reacting to dirt<\/li>\n<li>moisturizing and softening the skin<\/li>\n<\/ul>\n<p style=\"text-align: justify;\">pH: 7.0<\/p>\n<p style=\"text-align: justify;\">Odor: none<\/p>\n<p style=\"text-align: justify;\">Usage:<\/p>\n<ul style=\"text-align: justify;\">\n<li>Make sure the surface is cool<\/li>\n<li>Do not apply in direct sunlight<\/li>\n<\/ul>\n<li>Gently moisten the upholstery with an atomizer.<\/li>\n<li>Spread evenly with a brush.<\/li>\n<li>Remove excess product with a clean, dry microfiber cloth.<\/li>\n<li>Protect the surface with Leather Mousse.<\/li>\n<p style=\"text-align: justify;\">ATTENTION! Do not allow the product to dry on the surface of upholstery and plastic elements. If applied to plastic elements, remove the product immediately with a damp microfiber cloth.<\/p>\n<p style=\"text-align: justify;\">Available capacities: 150 ml, 500 ml \u00a0<\/p>","protected":false},"excerpt":{"rendered":"<p>Preparat do czyszczenia lekkich i \u015brednich zabrudze\u0144 na sk\u00f3rzanej tapicerce Leather Cleaner to kompozycja \u015brodk\u00f3w powierzchniowo czynnych, kt\u00f3re w bezpieczny i szybki spos\u00f3b penetruj\u0105 zabrudzenia i pomagaj\u0105 je usun\u0105\u0107. Bezpieczny dla czyszczonych powierzchni. Zawiera substancje nawil\u017caj\u0105ce i zmi\u0119kczaj\u0105ce sk\u00f3r\u0119. skuteczny szybko reaguj\u0105cy na zabrudzenia nawil\u017caj\u0105cy i zmi\u0119kczaj\u0105cy sk\u00f3r\u0119 pH:\u00a07,0 Zapach: brak Spos\u00f3b u\u017cycia: Upewnij si\u0119&hellip;&nbsp;<a href=\"https:\/\/liquidmaster.pl\/en\/shiny-garage-leather-cleaner-soft-501\/\" rel=\"bookmark\">Read More \u00bb<span class=\"screen-reader-text\">Shiny Garage Leather Cleaner Soft 500ml<\/span><\/a><\/p>","protected":false},"featured_media":1847276,"comment_status":"open","ping_status":"open","template":"","meta":{"neve_meta_sidebar":"","neve_meta_container":"","neve_meta_enable_content_width":"","neve_meta_content_width":0,"neve_meta_title_alignment":"","neve_meta_author_avatar":"","neve_post_elements_order":"","neve_meta_disable_header":"","neve_meta_disable_footer":"","neve_meta_disable_title":"","_themeisle_gutenberg_block_has_review":false},"product_brand":[],"product_cat":[834,816,768],"product_tag":[360],"class_list":{"0":"post-1920515","1":"product","2":"type-product","3":"status-publish","4":"has-post-thumbnail","6":"product_cat-czyszczenie-skory","7":"product_cat-tapicerka-skorzana","8":"product_cat-wnetrze-auta","9":"product_tag-shiny-garage","11":"first","12":"instock","13":"taxable","14":"shipping-taxable","15":"purchasable","16":"product-type-simple"},"_links":{"self":[{"href":"https:\/\/liquidmaster.pl\/en\/wp-json\/wp\/v2\/product\/1920515","targetHints":{"allow":["GET"]}}],"collection":[{"href":"https:\/\/liquidmaster.pl\/en\/wp-json\/wp\/v2\/product"}],"about":[{"href":"https:\/\/liquidmaster.pl\/en\/wp-json\/wp\/v2\/types\/product"}],"replies":[{"embeddable":true,"href":"https:\/\/liquidmaster.pl\/en\/wp-json\/wp\/v2\/comments?post=1920515"}],"wp:featuredmedia":[{"embeddable":true,"href":"https:\/\/liquidmaster.pl\/en\/wp-json\/wp\/v2\/media\/1847276"}],"wp:attachment":[{"href":"https:\/\/liquidmaster.pl\/en\/wp-json\/wp\/v2\/media?parent=1920515"}],"wp:term":[{"taxonomy":"product_brand","embeddable":true,"href":"https:\/\/liquidmaster.pl\/en\/wp-json\/wp\/v2\/product_brand?post=1920515"},{"taxonomy":"product_cat","embeddable":true,"href":"https:\/\/liquidmaster.pl\/en\/wp-json\/wp\/v2\/product_cat?post=1920515"},{"taxonomy":"product_tag","embeddable":true,"href":"https:\/\/liquidmaster.pl\/en\/wp-json\/wp\/v2\/product_tag?post=1920515"}],"curies":[{"name":"wp","href":"https:\/\/api.w.org\/{rel}","templated":true}]}}