{"id":1920489,"date":"2025-09-26T04:52:06","date_gmt":"2025-09-26T02:52:06","guid":{"rendered":"https:\/\/liquidmaster.pl\/kwazar-koncowka-przegubowa-venus-super-cleaning-pro-regulowana-dysza-do-opryskiwacza\/"},"modified":"2026-02-19T02:23:57","modified_gmt":"2026-02-19T00:23:57","slug":"kwazar-koncowka-przegubowa-venus-super-cleaning-pro-regulowana-dysza-do-opryskiwacza","status":"publish","type":"product","link":"https:\/\/liquidmaster.pl\/en\/kwazar-koncowka-przegubowa-venus-super-cleaning-pro-regulowana-dysza-do-opryskiwacza\/","title":{"rendered":"Kwazar Articulated Tip Venus Super Cleaning Pro+ - adjustable nozzle for the sprayer"},"content":{"rendered":"<p>Kwazar Articulated tip for Venus series sprayers<\/p>\n<p>It is installed in Venus series sprayers. It allows you to set any spraying angle. It has an adjustable nozzle that allows you to set the degree of liquid spray - from mist to a continuous stream.<\/p>\n<p>Suitable for: Venus Super Cleaning Pro+<\/p>","protected":false},"excerpt":{"rendered":"<p>Kwazar Ko\u0144c\u00f3wka przegubowa do opryskiwaczy z serii Venus Montowana jest w opryskiwaczach serii Venus. Umo\u017cliwia ustawienie dowolnego k\u0105ta oprysku. Posiada regulowan\u0105 dysz\u0119, kt\u00f3ra umo\u017cliwia ustawienie stopnia rozpylenia cieczy \u2013 od mgie\u0142ki po ci\u0105g\u0142y strumie\u0144. Pasuje do: Venus Super Cleaning Pro+<\/p>","protected":false},"featured_media":1847253,"comment_status":"open","ping_status":"open","template":"","meta":{"neve_meta_sidebar":"","neve_meta_container":"","neve_meta_enable_content_width":"","neve_meta_content_width":0,"neve_meta_title_alignment":"","neve_meta_author_avatar":"","neve_post_elements_order":"","neve_meta_disable_header":"","neve_meta_disable_footer":"","neve_meta_disable_title":"","_themeisle_gutenberg_block_has_review":false},"product_brand":[],"product_cat":[757,893,846],"product_tag":[315],"class_list":{"0":"post-1920489","1":"product","2":"type-product","3":"status-publish","4":"has-post-thumbnail","6":"product_cat-akcesoria","7":"product_cat-inne","8":"product_cat-reszta","9":"product_tag-kwazar","11":"first","12":"outofstock","13":"taxable","14":"shipping-taxable","15":"purchasable","16":"product-type-simple"},"_links":{"self":[{"href":"https:\/\/liquidmaster.pl\/en\/wp-json\/wp\/v2\/product\/1920489","targetHints":{"allow":["GET"]}}],"collection":[{"href":"https:\/\/liquidmaster.pl\/en\/wp-json\/wp\/v2\/product"}],"about":[{"href":"https:\/\/liquidmaster.pl\/en\/wp-json\/wp\/v2\/types\/product"}],"replies":[{"embeddable":true,"href":"https:\/\/liquidmaster.pl\/en\/wp-json\/wp\/v2\/comments?post=1920489"}],"wp:featuredmedia":[{"embeddable":true,"href":"https:\/\/liquidmaster.pl\/en\/wp-json\/wp\/v2\/media\/1847253"}],"wp:attachment":[{"href":"https:\/\/liquidmaster.pl\/en\/wp-json\/wp\/v2\/media?parent=1920489"}],"wp:term":[{"taxonomy":"product_brand","embeddable":true,"href":"https:\/\/liquidmaster.pl\/en\/wp-json\/wp\/v2\/product_brand?post=1920489"},{"taxonomy":"product_cat","embeddable":true,"href":"https:\/\/liquidmaster.pl\/en\/wp-json\/wp\/v2\/product_cat?post=1920489"},{"taxonomy":"product_tag","embeddable":true,"href":"https:\/\/liquidmaster.pl\/en\/wp-json\/wp\/v2\/product_tag?post=1920489"}],"curies":[{"name":"wp","href":"https:\/\/api.w.org\/{rel}","templated":true}]}}