{"id":1920468,"date":"2025-09-25T15:44:07","date_gmt":"2025-09-25T13:44:07","guid":{"rendered":"https:\/\/liquidmaster.pl\/pm-tools-extended-102-pneumatic\/"},"modified":"2026-03-18T06:38:01","modified_gmt":"2026-03-18T04:38:01","slug":"pm-tools-extended-102-pneumatic","status":"publish","type":"product","link":"https:\/\/liquidmaster.pl\/en\/zestaw-cleantle-deiron-man-500ml-tfr-prewash-500ml\/","title":{"rendered":"Cleantle Deiron Man 500ml + TFR PreWash 500ml set"},"content":{"rendered":"<p>A set consisting of two bestsellers from Cleantle including:<\/p>\n<p>Cleantle Deiron Man - a neutral pH product designed to remove strongly adhered metallic dirt from the surfaces most exposed to it, i.e. rims and paint. Appropriate cleaning power allows you to get rid of even the most stubborn dirt, such as volatile rust or brake pad dust. Deiron Man reacts with dirt and begins to turn red.\u00a0<\/p>\n<p>\u00a0<\/p>\n<p>TFR Prewash \u2013 a concentrated product intended for pre-washing vehicles. It degreases very strongly and copes well with typical road dirt. It has a low-foaming formula that effectively reacts with contaminants, loosening them from the surface. It also copes well with insect residues. It is a great solution before hand washing. Due to its extremely user- and environmentally friendly composition, it is completely safe for all car surfaces. Does not contain sodium\/potassium hydroxides.<\/p>","protected":false},"excerpt":{"rendered":"<p>Zestaw sk\u0142adaj\u0105cy si\u0119 z dw\u00f3ch bestseller\u00f3w firmy Cleantle zawieraj\u0105cy: Cleantle Deiron Man \u2013 to produkt o neutralnym pH stworzony do usuwania mocno przywartych zabrudze\u0144 metalicznych z powierzchni najbardziej na nie nara\u017conych, czyli felg i lakieru. Odpowiednia si\u0142a czyszcz\u0105ca pozwala pozby\u0107 si\u0119 nawet najbardziej opornych zabrudze\u0144, taki jak np. lotna rdza czy py\u0142 z klock\u00f3w hamulcowych.&hellip;&nbsp;<a href=\"https:\/\/liquidmaster.pl\/en\/zestaw-cleantle-deiron-man-500ml-tfr-prewash-500ml\/\" rel=\"bookmark\">Read More \u00bb<span class=\"screen-reader-text\">Cleantle Deiron Man 500ml + TFR PreWash 500ml set<\/span><\/a><\/p>","protected":false},"featured_media":1848374,"comment_status":"open","ping_status":"open","template":"","meta":{"neve_meta_sidebar":"","neve_meta_container":"","neve_meta_enable_content_width":"","neve_meta_content_width":0,"neve_meta_title_alignment":"","neve_meta_author_avatar":"","neve_post_elements_order":"","neve_meta_disable_header":"","neve_meta_disable_footer":"","neve_meta_disable_title":"","_themeisle_gutenberg_block_has_review":false},"product_brand":[],"product_cat":[757,893,846],"product_tag":[342],"class_list":{"0":"post-1920468","1":"product","2":"type-product","3":"status-publish","4":"has-post-thumbnail","6":"product_cat-akcesoria","7":"product_cat-inne","8":"product_cat-reszta","9":"product_tag-pm-tools","11":"first","12":"instock","13":"taxable","14":"shipping-taxable","15":"purchasable","16":"product-type-simple"},"_links":{"self":[{"href":"https:\/\/liquidmaster.pl\/en\/wp-json\/wp\/v2\/product\/1920468","targetHints":{"allow":["GET"]}}],"collection":[{"href":"https:\/\/liquidmaster.pl\/en\/wp-json\/wp\/v2\/product"}],"about":[{"href":"https:\/\/liquidmaster.pl\/en\/wp-json\/wp\/v2\/types\/product"}],"replies":[{"embeddable":true,"href":"https:\/\/liquidmaster.pl\/en\/wp-json\/wp\/v2\/comments?post=1920468"}],"wp:featuredmedia":[{"embeddable":true,"href":"https:\/\/liquidmaster.pl\/en\/wp-json\/wp\/v2\/media\/1848374"}],"wp:attachment":[{"href":"https:\/\/liquidmaster.pl\/en\/wp-json\/wp\/v2\/media?parent=1920468"}],"wp:term":[{"taxonomy":"product_brand","embeddable":true,"href":"https:\/\/liquidmaster.pl\/en\/wp-json\/wp\/v2\/product_brand?post=1920468"},{"taxonomy":"product_cat","embeddable":true,"href":"https:\/\/liquidmaster.pl\/en\/wp-json\/wp\/v2\/product_cat?post=1920468"},{"taxonomy":"product_tag","embeddable":true,"href":"https:\/\/liquidmaster.pl\/en\/wp-json\/wp\/v2\/product_tag?post=1920468"}],"curies":[{"name":"wp","href":"https:\/\/api.w.org\/{rel}","templated":true}]}}