{"id":1920307,"date":"2025-09-23T00:58:06","date_gmt":"2025-09-22T22:58:06","guid":{"rendered":"https:\/\/liquidmaster.pl\/chemical-guys-on-tap-beer-scent-473ml-slodki-odswiezacz-powietrza-o-zapachu-piwa\/"},"modified":"2026-04-18T04:20:20","modified_gmt":"2026-04-18T02:20:20","slug":"chemical-guys-on-tap-beer-scent-473ml-slodki-odswiezacz-powietrza-o-zapachu-piwa","status":"publish","type":"product","link":"https:\/\/liquidmaster.pl\/en\/chemical-guys-on-tap-beer-scent-473ml-slodki-odswiezacz-powietrza-o-zapachu-piwa\/","title":{"rendered":"Chemical Guys On Tap Beer Scent 473ml - sweet air freshener with the smell of beer"},"content":{"rendered":"<p>Air freshener with the scent of sweet beer<\/p>\n<p>Chemical Guys On Tap Beer Scent Air Freshener \u2013 an air freshener with a sweet and tempting beer scent. It allows you to enjoy the aroma of steamed wheat, honey and citrus wherever you are.<\/p>\n<ul>\n<li>It is great at removing unpleasant odors and lasts up to 4 weeks.<\/li>\n<li>It is best to spray the product on fabric mats or car carpet.<\/li>\n<li>Perfect for use in the car, office and home.<\/li>\n<li>Ready to use.<\/li>\n<\/ul>\n<p>\u00a0<\/p>","protected":false},"excerpt":{"rendered":"<p>Od\u015bwie\u017cacz powietrza o zapachu s\u0142odkiego piwa Chemical Guys On Tap Beer Scent Air Freshener\u00a0\u2013 od\u015bwie\u017cacz powietrza o s\u0142odkim i kusz\u0105cym zapachu piwa. Pozwala si\u0119 cieszy\u0107 aromatem parzonej pszenicy, miodu i cytrus\u00f3w, wsz\u0119dzie gdzie tylko jeste\u015b. \u015awietnie radzi sobie z usuwaniem nieprzyjemnych zapach\u00f3w i zapewnia trwa\u0142o\u015b\u0107 dochodz\u0105c\u0105 do 4 tygodni. Produkt najlepiej rozpyli\u0107 na materia\u0142owe dywaniki&hellip;&nbsp;<a href=\"https:\/\/liquidmaster.pl\/en\/chemical-guys-on-tap-beer-scent-473ml-slodki-odswiezacz-powietrza-o-zapachu-piwa\/\" rel=\"bookmark\">Read More \u00bb<span class=\"screen-reader-text\">Chemical Guys On Tap Beer Scent 473ml - sweet air freshener with the smell of beer<\/span><\/a><\/p>","protected":false},"featured_media":1843034,"comment_status":"open","ping_status":"open","template":"","meta":{"neve_meta_sidebar":"","neve_meta_container":"","neve_meta_enable_content_width":"","neve_meta_content_width":0,"neve_meta_title_alignment":"","neve_meta_author_avatar":"","neve_post_elements_order":"","neve_meta_disable_header":"","neve_meta_disable_footer":"","neve_meta_disable_title":"","_themeisle_gutenberg_block_has_review":false},"product_brand":[],"product_cat":[801,802,768],"product_tag":[278],"class_list":{"0":"post-1920307","1":"product","2":"type-product","3":"status-publish","4":"has-post-thumbnail","6":"product_cat-odswiezacze-powietrza","7":"product_cat-perfumy-i-spraye","8":"product_cat-wnetrze-auta","9":"product_tag-chemical-guys","11":"first","12":"outofstock","13":"taxable","14":"shipping-taxable","15":"purchasable","16":"product-type-simple"},"_links":{"self":[{"href":"https:\/\/liquidmaster.pl\/en\/wp-json\/wp\/v2\/product\/1920307","targetHints":{"allow":["GET"]}}],"collection":[{"href":"https:\/\/liquidmaster.pl\/en\/wp-json\/wp\/v2\/product"}],"about":[{"href":"https:\/\/liquidmaster.pl\/en\/wp-json\/wp\/v2\/types\/product"}],"replies":[{"embeddable":true,"href":"https:\/\/liquidmaster.pl\/en\/wp-json\/wp\/v2\/comments?post=1920307"}],"wp:featuredmedia":[{"embeddable":true,"href":"https:\/\/liquidmaster.pl\/en\/wp-json\/wp\/v2\/media\/1843034"}],"wp:attachment":[{"href":"https:\/\/liquidmaster.pl\/en\/wp-json\/wp\/v2\/media?parent=1920307"}],"wp:term":[{"taxonomy":"product_brand","embeddable":true,"href":"https:\/\/liquidmaster.pl\/en\/wp-json\/wp\/v2\/product_brand?post=1920307"},{"taxonomy":"product_cat","embeddable":true,"href":"https:\/\/liquidmaster.pl\/en\/wp-json\/wp\/v2\/product_cat?post=1920307"},{"taxonomy":"product_tag","embeddable":true,"href":"https:\/\/liquidmaster.pl\/en\/wp-json\/wp\/v2\/product_tag?post=1920307"}],"curies":[{"name":"wp","href":"https:\/\/api.w.org\/{rel}","templated":true}]}}