{"id":1920246,"date":"2025-09-22T09:26:06","date_gmt":"2025-09-22T07:26:06","guid":{"rendered":"https:\/\/liquidmaster.pl\/detailing-house-gabka-syntetyczna-duza\/"},"modified":"2026-04-20T08:33:03","modified_gmt":"2026-04-20T06:33:03","slug":"detailing-house-gabka-syntetyczna-duza","status":"publish","type":"product","link":"https:\/\/liquidmaster.pl\/en\/detailing-house-gabka-syntetyczna-duza\/","title":{"rendered":"Detailing House G\u0105bka Syntetyczna Du\u017ca"},"content":{"rendered":"<p>Specjalna profesjonalna g\u0105bka do dressing\u00f3w.\u00a0 Mo\u017cna stosowa\u0107 do nak\u0142adania oraz do polerowania wosk\u00f3w i\u00a0 preparat\u00f3w do piel\u0119gnacji tworzyw sztucznych. G\u0105bka mo\u017ce by\u0107 u\u017cyta wielokrotnie, jest odporna na dzia\u0142anie \u015brodk\u00f3w chemicznych.<\/p>\n<p>Dimensions:<\/p>\n<ul>\n<li>wysoko\u015b\u0107 &#8211; 10 cm<\/li>\n<li>szeroko\u015b\u0107 &#8211; 8 cm<\/li>\n<li>g\u0142\u0119boko\u015b\u0107 &#8211; 5 cm<\/li>\n<\/ul>\n<p>\u00a0<\/p>","protected":false},"excerpt":{"rendered":"<p>Specjalna profesjonalna g\u0105bka do dressing\u00f3w.\u00a0 Mo\u017cna stosowa\u0107 do nak\u0142adania oraz do polerowania wosk\u00f3w i\u00a0 preparat\u00f3w do piel\u0119gnacji tworzyw sztucznych. G\u0105bka mo\u017ce by\u0107 u\u017cyta wielokrotnie, jest odporna na dzia\u0142anie \u015brodk\u00f3w chemicznych. Wymiary: wysoko\u015b\u0107 &#8211; 10 cm szeroko\u015b\u0107 &#8211; 8 cm g\u0142\u0119boko\u015b\u0107 &#8211; 5 cm \u00a0<\/p>","protected":false},"featured_media":1920248,"comment_status":"open","ping_status":"open","template":"","meta":{"neve_meta_sidebar":"","neve_meta_container":"","neve_meta_enable_content_width":"","neve_meta_content_width":0,"neve_meta_title_alignment":"","neve_meta_author_avatar":"","neve_post_elements_order":"","neve_meta_disable_header":"","neve_meta_disable_footer":"","neve_meta_disable_title":"","_themeisle_gutenberg_block_has_review":false},"product_brand":[],"product_cat":[757,786,912],"product_tag":[286],"class_list":{"0":"post-1920246","1":"product","2":"type-product","3":"status-publish","4":"has-post-thumbnail","6":"product_cat-akcesoria","7":"product_cat-aplikatory","8":"product_cat-aplikatory-do-opon","9":"product_tag-detailing-house","11":"first","12":"instock","13":"taxable","14":"shipping-taxable","15":"purchasable","16":"product-type-simple"},"_links":{"self":[{"href":"https:\/\/liquidmaster.pl\/en\/wp-json\/wp\/v2\/product\/1920246","targetHints":{"allow":["GET"]}}],"collection":[{"href":"https:\/\/liquidmaster.pl\/en\/wp-json\/wp\/v2\/product"}],"about":[{"href":"https:\/\/liquidmaster.pl\/en\/wp-json\/wp\/v2\/types\/product"}],"replies":[{"embeddable":true,"href":"https:\/\/liquidmaster.pl\/en\/wp-json\/wp\/v2\/comments?post=1920246"}],"wp:featuredmedia":[{"embeddable":true,"href":"https:\/\/liquidmaster.pl\/en\/wp-json\/wp\/v2\/media\/1920248"}],"wp:attachment":[{"href":"https:\/\/liquidmaster.pl\/en\/wp-json\/wp\/v2\/media?parent=1920246"}],"wp:term":[{"taxonomy":"product_brand","embeddable":true,"href":"https:\/\/liquidmaster.pl\/en\/wp-json\/wp\/v2\/product_brand?post=1920246"},{"taxonomy":"product_cat","embeddable":true,"href":"https:\/\/liquidmaster.pl\/en\/wp-json\/wp\/v2\/product_cat?post=1920246"},{"taxonomy":"product_tag","embeddable":true,"href":"https:\/\/liquidmaster.pl\/en\/wp-json\/wp\/v2\/product_tag?post=1920246"}],"curies":[{"name":"wp","href":"https:\/\/api.w.org\/{rel}","templated":true}]}}