{"id":1920243,"date":"2025-09-22T09:24:07","date_gmt":"2025-09-22T07:24:07","guid":{"rendered":"https:\/\/liquidmaster.pl\/detailing-house-gabka-jumbo-pad-gabkowy-do-mycia-karoserii\/"},"modified":"2026-04-18T04:51:43","modified_gmt":"2026-04-18T02:51:43","slug":"detailing-house-gabka-jumbo-pad-gabkowy-do-mycia-karoserii","status":"publish","type":"product","link":"https:\/\/liquidmaster.pl\/en\/detailing-house-gabka-jumbo-2\/","title":{"rendered":"Detailing House Jumbo Sponge \u2013 sponge pad for washing car bodywork"},"content":{"rendered":"<p>Uniwersalna g\u0105bka do mycia samochodu. Wyj\u0105tkowo ch\u0142onna. G\u0105bka posiada zr\u00f3\u017cnicowan\u0105 struktur\u0119 powierzchni,\u00a0 do r\u00f3\u017cnych zada\u0144. Bardzo delikatna nie rysuje nawet najdelikatniejszych lakier\u00f3w. Bardzo wytrzyma\u0142a.<\/p>\n<p>Dimensions:<\/p>\n<ul>\n<li>d\u0142ugo\u015b\u0107 23 cm,<\/li>\n<li>szeroko\u015b\u0107 12 cm,<\/li>\n<li>g\u0142\u0119boko\u015b\u0107 7 cm.<\/li>\n<\/ul>\n<p>\u00a0<\/p>","protected":false},"excerpt":{"rendered":"<p>Uniwersalna g\u0105bka do mycia samochodu. Wyj\u0105tkowo ch\u0142onna. G\u0105bka posiada zr\u00f3\u017cnicowan\u0105 struktur\u0119 powierzchni,\u00a0 do r\u00f3\u017cnych zada\u0144. Bardzo delikatna nie rysuje nawet najdelikatniejszych lakier\u00f3w. Bardzo wytrzyma\u0142a. Wymiary: d\u0142ugo\u015b\u0107 23 cm, szeroko\u015b\u0107 12 cm, g\u0142\u0119boko\u015b\u0107 7 cm. \u00a0<\/p>","protected":false},"featured_media":1920245,"comment_status":"open","ping_status":"open","template":"","meta":{"neve_meta_sidebar":"","neve_meta_container":"","neve_meta_enable_content_width":"","neve_meta_content_width":0,"neve_meta_title_alignment":"","neve_meta_author_avatar":"","neve_post_elements_order":"","neve_meta_disable_header":"","neve_meta_disable_footer":"","neve_meta_disable_title":"","_themeisle_gutenberg_block_has_review":false},"product_brand":[],"product_cat":[734,733,764],"product_tag":[286],"class_list":{"0":"post-1920243","1":"product","2":"type-product","3":"status-publish","4":"has-post-thumbnail","6":"product_cat-mycie-i-osuszanie","7":"product_cat-na-zewnatrz","8":"product_cat-rekawice-i-gabki","9":"product_tag-detailing-house","11":"first","12":"instock","13":"taxable","14":"shipping-taxable","15":"purchasable","16":"product-type-simple"},"_links":{"self":[{"href":"https:\/\/liquidmaster.pl\/en\/wp-json\/wp\/v2\/product\/1920243","targetHints":{"allow":["GET"]}}],"collection":[{"href":"https:\/\/liquidmaster.pl\/en\/wp-json\/wp\/v2\/product"}],"about":[{"href":"https:\/\/liquidmaster.pl\/en\/wp-json\/wp\/v2\/types\/product"}],"replies":[{"embeddable":true,"href":"https:\/\/liquidmaster.pl\/en\/wp-json\/wp\/v2\/comments?post=1920243"}],"wp:featuredmedia":[{"embeddable":true,"href":"https:\/\/liquidmaster.pl\/en\/wp-json\/wp\/v2\/media\/1920245"}],"wp:attachment":[{"href":"https:\/\/liquidmaster.pl\/en\/wp-json\/wp\/v2\/media?parent=1920243"}],"wp:term":[{"taxonomy":"product_brand","embeddable":true,"href":"https:\/\/liquidmaster.pl\/en\/wp-json\/wp\/v2\/product_brand?post=1920243"},{"taxonomy":"product_cat","embeddable":true,"href":"https:\/\/liquidmaster.pl\/en\/wp-json\/wp\/v2\/product_cat?post=1920243"},{"taxonomy":"product_tag","embeddable":true,"href":"https:\/\/liquidmaster.pl\/en\/wp-json\/wp\/v2\/product_tag?post=1920243"}],"curies":[{"name":"wp","href":"https:\/\/api.w.org\/{rel}","templated":true}]}}