{"id":1920203,"date":"2025-09-21T23:38:07","date_gmt":"2025-09-21T21:38:07","guid":{"rendered":"https:\/\/liquidmaster.pl\/cartec-fortex-115-kg-piana-do-mycia-bezdotykowego-koncentrat\/"},"modified":"2026-04-20T08:30:21","modified_gmt":"2026-04-20T06:30:21","slug":"cartec-fortex-115-kg-piana-do-mycia-bezdotykowego-koncentrat","status":"publish","type":"product","link":"https:\/\/liquidmaster.pl\/en\/cartec-fortex-115-kg-piana-do-mycia-bezdotykowego-koncentrat\/","title":{"rendered":"Cartec Fortex 1.15 kg \u2013 touchless cleaning foam concentrate"},"content":{"rendered":"<p>Cartec Fortex<\/p>\n<p>Strongly foaming and safe preparation for touchless cleaning. A very efficient, highly concentrated alkaline agent based on special surface-active ingredients for removing strong, greasy dirt from passenger cars and trucks. The product is safe for delicate external elements such as aluminum, chrome and plastic. Perfect pre-wash agent. It can be used in a sprayer and in foam-producing devices.<\/p>\n<p>Usage:<\/p>\n<ul>\n<li>If the surface is slightly dirty, use a dilution of 1:50 - 1:100<\/li>\n<li>For very dirty surfaces, use a dilution of 1:20 - 1:40<\/li>\n<li>Use foam lance 1:5\/1:20<\/li>\n<\/ul>\n<p>Use with a sprayer or foam lance, apply from the bottom up and leave under the action for about 1 minute. Rinse with an intensive stream of water using a high-pressure washer. Do not use the preparation directly in the sun and do not allow the preparation to dry before rinsing it off.<\/p>\n<p>Capacity: 1.15 kg<\/p>","protected":false},"excerpt":{"rendered":"<p>Cartec Fortex Silnie pieni\u0105cy oraz bezpieczny preparat do mycia bezdotykowego. Bardzo wydajny, wysoce skoncentrowany alkaiczny \u015brodek oparty na specjalnych sk\u0142adnikach powierzchniowo czynnych do usuwania silnych, t\u0142ustych zabrudze\u0144 z samochod\u00f3w osobowych oraz ci\u0119\u017carowych. Produkt jest bezpieczny dla delikatnych zewn\u0119trznych element\u00f3w jak aluminium, chromy, plastiki. Doskona\u0142y \u015brodek do mycia wst\u0119pnego. Mo\u017ce by\u0107 stosowany w opryskiwaczu i w&hellip;&nbsp;<a href=\"https:\/\/liquidmaster.pl\/en\/cartec-fortex-115-kg-piana-do-mycia-bezdotykowego-koncentrat\/\" rel=\"bookmark\">Read More \u00bb<span class=\"screen-reader-text\">Cartec Fortex 1.15 kg \u2013 touchless cleaning foam concentrate<\/span><\/a><\/p>","protected":false},"featured_media":1920205,"comment_status":"open","ping_status":"open","template":"","meta":{"neve_meta_sidebar":"","neve_meta_container":"","neve_meta_enable_content_width":"","neve_meta_content_width":0,"neve_meta_title_alignment":"","neve_meta_author_avatar":"","neve_post_elements_order":"","neve_meta_disable_header":"","neve_meta_disable_footer":"","neve_meta_disable_title":"","_themeisle_gutenberg_block_has_review":false},"product_brand":[],"product_cat":[734,733,753],"product_tag":[276],"class_list":{"0":"post-1920203","1":"product","2":"type-product","3":"status-publish","4":"has-post-thumbnail","6":"product_cat-mycie-i-osuszanie","7":"product_cat-na-zewnatrz","8":"product_cat-piany-aktywne-i-pianownice","9":"product_tag-cartec","11":"first","12":"instock","13":"taxable","14":"shipping-taxable","15":"purchasable","16":"product-type-simple"},"_links":{"self":[{"href":"https:\/\/liquidmaster.pl\/en\/wp-json\/wp\/v2\/product\/1920203","targetHints":{"allow":["GET"]}}],"collection":[{"href":"https:\/\/liquidmaster.pl\/en\/wp-json\/wp\/v2\/product"}],"about":[{"href":"https:\/\/liquidmaster.pl\/en\/wp-json\/wp\/v2\/types\/product"}],"replies":[{"embeddable":true,"href":"https:\/\/liquidmaster.pl\/en\/wp-json\/wp\/v2\/comments?post=1920203"}],"wp:featuredmedia":[{"embeddable":true,"href":"https:\/\/liquidmaster.pl\/en\/wp-json\/wp\/v2\/media\/1920205"}],"wp:attachment":[{"href":"https:\/\/liquidmaster.pl\/en\/wp-json\/wp\/v2\/media?parent=1920203"}],"wp:term":[{"taxonomy":"product_brand","embeddable":true,"href":"https:\/\/liquidmaster.pl\/en\/wp-json\/wp\/v2\/product_brand?post=1920203"},{"taxonomy":"product_cat","embeddable":true,"href":"https:\/\/liquidmaster.pl\/en\/wp-json\/wp\/v2\/product_cat?post=1920203"},{"taxonomy":"product_tag","embeddable":true,"href":"https:\/\/liquidmaster.pl\/en\/wp-json\/wp\/v2\/product_tag?post=1920203"}],"curies":[{"name":"wp","href":"https:\/\/api.w.org\/{rel}","templated":true}]}}