{"id":1920150,"date":"2025-09-21T19:22:07","date_gmt":"2025-09-21T17:22:07","guid":{"rendered":"https:\/\/liquidmaster.pl\/funky-witch-clean-mint-fabric-cleaner-500ml-new-produkt-do-czyszczenia-tapicerki\/"},"modified":"2026-04-18T04:48:13","modified_gmt":"2026-04-18T02:48:13","slug":"funky-witch-clean-mint-fabric-cleaner-500ml-new-produkt-do-czyszczenia-tapicerki","status":"publish","type":"product","link":"https:\/\/liquidmaster.pl\/en\/funky-witch-clean-mint-fabric-cleaner-500ml-new-produkt-do-czyszczenia-tapicerki\/","title":{"rendered":"Funky Witch Clean Mint Fabric Cleaner 500ml New \u2013 Upholstery cleaning product"},"content":{"rendered":"<p>Funky Witch Clean&amp;Mint Fabric Cleaner - is a ready-made product for cleaning fabric upholstery, headliners and carpets. Safe and easy to use. Does not require washing, leaves a fresh mint scent. Perfect for working with a tornado in a dilution of 1:3-1:5. It can work as a pre-spray in extraction washing.<\/p>\n<p>Capacity: 500 ml<\/p>","protected":false},"excerpt":{"rendered":"<p>Funky Witch Clean&#038;Mint Fabric Cleaner \u2013 to gotowy produkt do czyszczenia tapicerki materia\u0142owej, podsufitki i dywanik\u00f3w. Bezpieczny i \u0142atwy w u\u017cyciu. Nie wymaga wymywania, pozostawia \u015bwie\u017cy zapach mi\u0119ty. Doskona\u0142y do pracy z tornadorem w rozcie\u0144czeniu 1:3-1:5. Mo\u017ce si\u0119 sprawdzi\u0107 jako pre-spray w praniu ekstrakcyjnym. Pojemno\u015b\u0107: 500 ml<\/p>","protected":false},"featured_media":1920152,"comment_status":"open","ping_status":"open","template":"","meta":{"neve_meta_sidebar":"","neve_meta_container":"","neve_meta_enable_content_width":"","neve_meta_content_width":0,"neve_meta_title_alignment":"","neve_meta_author_avatar":"","neve_post_elements_order":"","neve_meta_disable_header":"","neve_meta_disable_footer":"","neve_meta_disable_title":"","_themeisle_gutenberg_block_has_review":false},"product_brand":[],"product_cat":[771,769,768],"product_tag":[298],"class_list":{"0":"post-1920150","1":"product","2":"type-product","3":"status-publish","4":"has-post-thumbnail","6":"product_cat-czyszczenie","7":"product_cat-tapicerka-i-dywaniki","8":"product_cat-wnetrze-auta","9":"product_tag-funky-witch","11":"first","12":"instock","13":"taxable","14":"shipping-taxable","15":"purchasable","16":"product-type-simple"},"_links":{"self":[{"href":"https:\/\/liquidmaster.pl\/en\/wp-json\/wp\/v2\/product\/1920150","targetHints":{"allow":["GET"]}}],"collection":[{"href":"https:\/\/liquidmaster.pl\/en\/wp-json\/wp\/v2\/product"}],"about":[{"href":"https:\/\/liquidmaster.pl\/en\/wp-json\/wp\/v2\/types\/product"}],"replies":[{"embeddable":true,"href":"https:\/\/liquidmaster.pl\/en\/wp-json\/wp\/v2\/comments?post=1920150"}],"wp:featuredmedia":[{"embeddable":true,"href":"https:\/\/liquidmaster.pl\/en\/wp-json\/wp\/v2\/media\/1920152"}],"wp:attachment":[{"href":"https:\/\/liquidmaster.pl\/en\/wp-json\/wp\/v2\/media?parent=1920150"}],"wp:term":[{"taxonomy":"product_brand","embeddable":true,"href":"https:\/\/liquidmaster.pl\/en\/wp-json\/wp\/v2\/product_brand?post=1920150"},{"taxonomy":"product_cat","embeddable":true,"href":"https:\/\/liquidmaster.pl\/en\/wp-json\/wp\/v2\/product_cat?post=1920150"},{"taxonomy":"product_tag","embeddable":true,"href":"https:\/\/liquidmaster.pl\/en\/wp-json\/wp\/v2\/product_tag?post=1920150"}],"curies":[{"name":"wp","href":"https:\/\/api.w.org\/{rel}","templated":true}]}}