{"id":1919718,"date":"2025-09-19T04:44:06","date_gmt":"2025-09-19T02:44:06","guid":{"rendered":"https:\/\/liquidmaster.pl\/vikan-interior-brush-631559-pedzel-do-czyszczenia-detali\/"},"modified":"2026-04-21T08:11:19","modified_gmt":"2026-04-21T06:11:19","slug":"vikan-interior-brush-631559-pedzel-do-czyszczenia-detali","status":"publish","type":"product","link":"https:\/\/liquidmaster.pl\/en\/vikan-interior-brush-631559-pedzel-do-czyszczenia-detali\/","title":{"rendered":"Vikan Interior Brush 631559 - detail cleaning brush"},"content":{"rendered":"<p>Vikan Interior Brush 631559 \u2013 a brush designed for cleaning details both inside and outside the car. High-quality bristles and the lack of metal elements make it safe for cleaned surfaces.<\/p>\n<p>Properties:<\/p>\n<ul>\n<li>ergonomic handle with hanging loop<\/li>\n<li>delicate chemically resistant bristles<\/li>\n<li>high durability of materials<\/li>\n<li>diameter: 22 mm<\/li>\n<li>length: 155 mm<\/li>\n<\/ul>","protected":false},"excerpt":{"rendered":"<p>Vikan Interior Brush 631559 \u2013 p\u0119dzelek przeznaczony do czyszczenia detali zar\u00f3wno wewn\u0105trz, jak i na zewn\u0105trz samochodu. Wysokiej jako\u015bci w\u0142osie oraz brak metalowych element\u00f3w sprawia, \u017ce jest bezpieczny dla czyszczonych powierzchni. W\u0142a\u015bciwo\u015bci: ergonomiczna r\u0119koje\u015b\u0107 z uchwytem do zawieszenia delikatne w\u0142osie odporne chemicznie du\u017ca wytrzyma\u0142o\u015b\u0107 materia\u0142\u00f3w \u015brednica: 22 mm d\u0142ugo\u015b\u0107: 155 mm<\/p>","protected":false},"featured_media":1847244,"comment_status":"open","ping_status":"open","template":"","meta":{"neve_meta_sidebar":"","neve_meta_container":"","neve_meta_enable_content_width":"","neve_meta_content_width":0,"neve_meta_title_alignment":"","neve_meta_author_avatar":"","neve_post_elements_order":"","neve_meta_disable_header":"","neve_meta_disable_footer":"","neve_meta_disable_title":"","_themeisle_gutenberg_block_has_review":false},"product_brand":[],"product_cat":[757,778,777],"product_tag":[377],"class_list":{"0":"post-1919718","1":"product","2":"type-product","3":"status-publish","4":"has-post-thumbnail","6":"product_cat-akcesoria","7":"product_cat-do-plastikow-wewnetrznych","8":"product_cat-szczotki-i-pedzelki","9":"product_tag-vikan","11":"first","12":"instock","13":"taxable","14":"shipping-taxable","15":"purchasable","16":"product-type-simple"},"_links":{"self":[{"href":"https:\/\/liquidmaster.pl\/en\/wp-json\/wp\/v2\/product\/1919718","targetHints":{"allow":["GET"]}}],"collection":[{"href":"https:\/\/liquidmaster.pl\/en\/wp-json\/wp\/v2\/product"}],"about":[{"href":"https:\/\/liquidmaster.pl\/en\/wp-json\/wp\/v2\/types\/product"}],"replies":[{"embeddable":true,"href":"https:\/\/liquidmaster.pl\/en\/wp-json\/wp\/v2\/comments?post=1919718"}],"wp:featuredmedia":[{"embeddable":true,"href":"https:\/\/liquidmaster.pl\/en\/wp-json\/wp\/v2\/media\/1847244"}],"wp:attachment":[{"href":"https:\/\/liquidmaster.pl\/en\/wp-json\/wp\/v2\/media?parent=1919718"}],"wp:term":[{"taxonomy":"product_brand","embeddable":true,"href":"https:\/\/liquidmaster.pl\/en\/wp-json\/wp\/v2\/product_brand?post=1919718"},{"taxonomy":"product_cat","embeddable":true,"href":"https:\/\/liquidmaster.pl\/en\/wp-json\/wp\/v2\/product_cat?post=1919718"},{"taxonomy":"product_tag","embeddable":true,"href":"https:\/\/liquidmaster.pl\/en\/wp-json\/wp\/v2\/product_tag?post=1919718"}],"curies":[{"name":"wp","href":"https:\/\/api.w.org\/{rel}","templated":true}]}}