{"id":1919549,"date":"2025-09-16T01:00:09","date_gmt":"2025-09-15T23:00:09","guid":{"rendered":"https:\/\/liquidmaster.pl\/flex-aku-xce-8-125-18-0-ec-5-0-p-set-maszyna-polerska\/"},"modified":"2026-04-20T07:58:01","modified_gmt":"2026-04-20T05:58:01","slug":"flex-aku-xce-8-125-18-0-ec-5-0-p-set-maszyna-polerska","status":"publish","type":"product","link":"https:\/\/liquidmaster.pl\/en\/flex-aku-xce-8-125-180-ec50-p-set-maszyna-polerska\/","title":{"rendered":"FLEX AKU XCE 8 125 18.0-EC\/5.0 P-Set \u2013 polishing machine"},"content":{"rendered":"<p>CHARACTERISTICS<\/p>\n<ul>\n<li>Electronic Management System (EMS) protects the machine, extends its life and increases efficiency<\/li>\n<li>Brushless motor with high efficiency and long life<\/li>\n<li>LED display showing the current battery capacity<\/li>\n<li>8 mm disc pitch for high abrasion, no hologram<\/li>\n<li>With special cushioned Velcro pad for polishing<\/li>\n<li>Comfortable work thanks to balanced weight distribution<\/li>\n<li>The perfect device for trouble-free removal of holograms until the final effect is achieved<\/li>\n<li>The flat gear head of the XCE 8 125 reduces the distance to the plane. This allows the device to be guided safely and securely in any position.<\/li>\n<li>Handle: ergonomically shaped with a SoftGrip surface. The device can be guided very precisely and always fits well, safely and securely in the hand.<\/li>\n<li>Optimized air flow guidance ensures the best possible cooling of the engine and transmission. The airflow is not directed towards the user.<\/li>\n<li>It is ideal for paints that are sensitive to temperature changes, as the heat build-up on the surface is low.<\/li>\n<\/ul>\n<p>TECHNICAL DATA<\/p>\n<ul>\n<li>Maximum Disc Diameter 150 mm<\/li>\n<li>Idle Speed 280-430\/min<\/li>\n<li>Weight 2.1 kg (without battery)<\/li>\n<li>Maximum Diameter of the Polishing Sponge 160 mm<\/li>\n<li>Eccentric stroke 8 mm<\/li>\n<li>Battery Voltage 18V<\/li>\n<li>Battery capacity 5.0 Ah<\/li>\n<li>Rotational Speed No Load 4600-7600\/min<\/li>\n<\/ul>\n<p>EQUIPMENT<\/p>\n<ul>\n<li>1 Velcro holder, diameter 125\u00a0<\/li>\n<li>1 polishing sponge PS-O 140\u00a0<\/li>\n<li>1 polishing sponge PSX-G 140\u00a0<\/li>\n<li>1 polishing paste P03\/06-LDX 250 ml\u00a0<\/li>\n<li>1 coarse paste P05\/05-LDX 250 ml\u00a0<\/li>\n<li>1 MW-C microfiber cloth\u00a0<\/li>\n<li>2 batteries 5.0 Ah AP 18.0\/5.0\u00a0<\/li>\n<li>1 CA 10.8\/18.0 charger\u00a0<\/li>\n<li>1 L-BOXX\u00ae 238 transport case\u00a0<\/li>\n<li>1 suitcase insert\u00a0<\/li>\n<\/ul>\n<p>\u00a0<\/p>","protected":false},"excerpt":{"rendered":"<p>CECHY Electronic Management System (EMS) chroni maszyn\u0119, przed\u0142u\u017ca jej \u017cywotno\u015b\u0107 i zwi\u0119ksza efektywno\u015b\u0107 Bezszczotkowy silnik o wysokiej skuteczno\u015bci i d\u0142ugiej \u017cywotno\u015bci Wy\u015bwietlacz LED wskazuj\u0105cy aktualn\u0105 pojemno\u015b\u0107 akumulatora Skok talerza 8 mm zapewniaj\u0105cy wysok\u0105 \u015bcieralno\u015b\u0107, bez hologramu Ze specjalnym wyt\u0142umionym talerzem na rzep do polerowania Komfortowa praca dzi\u0119ki zr\u00f3wnowa\u017conemu rozk\u0142adowi masy Idealne urz\u0105dzenie do bezproblemowego usuwania&hellip;&nbsp;<a href=\"https:\/\/liquidmaster.pl\/en\/flex-aku-xce-8-125-180-ec50-p-set-maszyna-polerska\/\" rel=\"bookmark\">Read More \u00bb<span class=\"screen-reader-text\">FLEX AKU XCE 8 125 18.0-EC\/5.0 P-Set \u2013 polishing machine<\/span><\/a><\/p>","protected":false},"featured_media":1842997,"comment_status":"open","ping_status":"open","template":"","meta":{"neve_meta_sidebar":"","neve_meta_container":"","neve_meta_enable_content_width":"","neve_meta_content_width":0,"neve_meta_title_alignment":"","neve_meta_author_avatar":"","neve_post_elements_order":"","neve_meta_disable_header":"","neve_meta_disable_footer":"","neve_meta_disable_title":"","_themeisle_gutenberg_block_has_review":false},"product_brand":[],"product_cat":[889,806,748],"product_tag":[292],"class_list":{"0":"post-1919549","1":"product","2":"type-product","3":"status-publish","4":"has-post-thumbnail","6":"product_cat-maszyny-planetarne","7":"product_cat-maszyny-polerskie","8":"product_cat-polerowanie","9":"product_tag-flex","11":"first","12":"outofstock","13":"taxable","14":"shipping-taxable","15":"purchasable","16":"product-type-simple"},"_links":{"self":[{"href":"https:\/\/liquidmaster.pl\/en\/wp-json\/wp\/v2\/product\/1919549","targetHints":{"allow":["GET"]}}],"collection":[{"href":"https:\/\/liquidmaster.pl\/en\/wp-json\/wp\/v2\/product"}],"about":[{"href":"https:\/\/liquidmaster.pl\/en\/wp-json\/wp\/v2\/types\/product"}],"replies":[{"embeddable":true,"href":"https:\/\/liquidmaster.pl\/en\/wp-json\/wp\/v2\/comments?post=1919549"}],"wp:featuredmedia":[{"embeddable":true,"href":"https:\/\/liquidmaster.pl\/en\/wp-json\/wp\/v2\/media\/1842997"}],"wp:attachment":[{"href":"https:\/\/liquidmaster.pl\/en\/wp-json\/wp\/v2\/media?parent=1919549"}],"wp:term":[{"taxonomy":"product_brand","embeddable":true,"href":"https:\/\/liquidmaster.pl\/en\/wp-json\/wp\/v2\/product_brand?post=1919549"},{"taxonomy":"product_cat","embeddable":true,"href":"https:\/\/liquidmaster.pl\/en\/wp-json\/wp\/v2\/product_cat?post=1919549"},{"taxonomy":"product_tag","embeddable":true,"href":"https:\/\/liquidmaster.pl\/en\/wp-json\/wp\/v2\/product_tag?post=1919549"}],"curies":[{"name":"wp","href":"https:\/\/api.w.org\/{rel}","templated":true}]}}