{"id":1918353,"date":"2025-09-14T01:58:09","date_gmt":"2025-09-13T23:58:09","guid":{"rendered":"https:\/\/liquidmaster.pl\/adbl-vampire-elixir-1l-zel-do-mycia-felg\/"},"modified":"2026-04-18T04:43:18","modified_gmt":"2026-04-18T02:43:18","slug":"adbl-vampire-elixir-1l-zel-do-mycia-felg","status":"publish","type":"product","link":"https:\/\/liquidmaster.pl\/en\/adbl-vampire-elixir-1l-zel-do-mycia-felg\/","title":{"rendered":"ADBL Vampire Elixir 1L \u2013 rim cleaning gel"},"content":{"rendered":"<p>ADBL Vampire Elixir is a neutral gel for daily cleaning of all types of rims. We&#039;ve changed the name to ensure the product has the power to actually work. It perfectly removes brake pad dust and everyday wear and tear. ADBL VAMPIRE ELIXIR works quickly, within 3 to 5 minutes. Thanks to carefully selected ingredients, it&#039;s completely free from the unpleasant odor typical of this type of product. The new formula is also much gentler on alloys containing iron.<\/p>\n<p>Usage:<\/p>\n<li>Spray the agent onto the contaminated surface and cover it completely. Remember that the element to be cleaned must be cool.<\/li>\n<li>Leave the product to work for 3-5 minutes. ADBL VAMPIRE ELIXIR can remain on the cleaned surface for up to 15 minutes.<\/li>\n<li>Work the center on the surface with a brush, brush or sponge.<\/li>\n<li>Rinse thoroughly with water under pressure.<\/li>\n<li>Repeat steps 1 through 4 as necessary.<\/li>\n<p>Smell: FRUIT<\/p>\n<p>Additional Tips:<\/p>\n<ul>\n<li>To increase the effectiveness, before using ADBL VAMPIRE ELIXIR, you can wash the rims of any existing dirt with ADBL WHEEL WARRIOR and\/or ADBL APC.<\/li>\n<li>Don&#039;t let it dry!<\/li>\n<li>Before use, make sure the surface being cleaned is cool.<\/li>\n<li>Always test in an inconspicuous place before use!<\/li>\n<li>Store in a cool place.<\/li>\n<li>Protect from sunlight.<\/li>\n<li>Don&#039;t freeze.<\/li>\n<\/ul>\n<p>Capacity: 1L<\/p>","protected":false},"excerpt":{"rendered":"<p>ADBL Vampire Elixir \u2013 to neutralny \u017cel do codziennego mycia ka\u017cdego rodzaju felg. Zmienili\u015bmy nazw\u0119, aby\u015bcie mieli pewno\u015b\u0107, \u017ce produkt ma moc, kt\u00f3ra faktycznie dzia\u0142a. Doskonale usuwa py\u0142 z klock\u00f3w hamulcowych oraz bie\u017c\u0105ce zanieczyszczenia eksploatacyjne. ADBL VAMPIRE ELIXIR charakteryzuje szybki czas dzia\u0142ania w przedziale od 3 do 5 minut. Dzi\u0119ki starannie dobranym komponentom jest ca\u0142kowicie&hellip;&nbsp;<a href=\"https:\/\/liquidmaster.pl\/en\/adbl-vampire-elixir-1l-zel-do-mycia-felg\/\" rel=\"bookmark\">Read More \u00bb<span class=\"screen-reader-text\">ADBL Vampire Elixir 1L \u2013 rim cleaning gel<\/span><\/a><\/p>","protected":false},"featured_media":1848972,"comment_status":"open","ping_status":"open","template":"","meta":{"neve_meta_sidebar":"","neve_meta_container":"","neve_meta_enable_content_width":"","neve_meta_content_width":0,"neve_meta_title_alignment":"","neve_meta_author_avatar":"","neve_post_elements_order":"","neve_meta_disable_header":"","neve_meta_disable_footer":"","neve_meta_disable_title":"","_themeisle_gutenberg_block_has_review":false},"product_brand":[],"product_cat":[746,745,733],"product_tag":[258],"class_list":{"0":"post-1918353","1":"product","2":"type-product","3":"status-publish","4":"has-post-thumbnail","6":"product_cat-czyszczenie-felg","7":"product_cat-kola-i-opony","8":"product_cat-na-zewnatrz","9":"product_tag-adbl","11":"first","12":"instock","13":"taxable","14":"shipping-taxable","15":"purchasable","16":"product-type-simple"},"_links":{"self":[{"href":"https:\/\/liquidmaster.pl\/en\/wp-json\/wp\/v2\/product\/1918353","targetHints":{"allow":["GET"]}}],"collection":[{"href":"https:\/\/liquidmaster.pl\/en\/wp-json\/wp\/v2\/product"}],"about":[{"href":"https:\/\/liquidmaster.pl\/en\/wp-json\/wp\/v2\/types\/product"}],"replies":[{"embeddable":true,"href":"https:\/\/liquidmaster.pl\/en\/wp-json\/wp\/v2\/comments?post=1918353"}],"wp:featuredmedia":[{"embeddable":true,"href":"https:\/\/liquidmaster.pl\/en\/wp-json\/wp\/v2\/media\/1848972"}],"wp:attachment":[{"href":"https:\/\/liquidmaster.pl\/en\/wp-json\/wp\/v2\/media?parent=1918353"}],"wp:term":[{"taxonomy":"product_brand","embeddable":true,"href":"https:\/\/liquidmaster.pl\/en\/wp-json\/wp\/v2\/product_brand?post=1918353"},{"taxonomy":"product_cat","embeddable":true,"href":"https:\/\/liquidmaster.pl\/en\/wp-json\/wp\/v2\/product_cat?post=1918353"},{"taxonomy":"product_tag","embeddable":true,"href":"https:\/\/liquidmaster.pl\/en\/wp-json\/wp\/v2\/product_tag?post=1918353"}],"curies":[{"name":"wp","href":"https:\/\/api.w.org\/{rel}","templated":true}]}}