{"id":1918347,"date":"2025-09-14T01:54:06","date_gmt":"2025-09-13T23:54:06","guid":{"rendered":"https:\/\/liquidmaster.pl\/adbl-glass-cleaner-ultra-500ml-plyn-do-mycia-szyb\/"},"modified":"2026-04-19T03:30:58","modified_gmt":"2026-04-19T01:30:58","slug":"adbl-glass-cleaner-ultra-500ml-plyn-do-mycia-szyb","status":"publish","type":"product","link":"https:\/\/liquidmaster.pl\/en\/adbl-glass-cleaner-ultra-500ml-plyn-do-mycia-szyb\/","title":{"rendered":"ADBL Glass Cleaner Ultra 500ml \u2013 glass cleaning fluid"},"content":{"rendered":"<p>ADBL Glass Cleaner Ultra \u2013 the newest window and glass cleaner, developed from our previous Cleaners. It combines the best of both worlds. It&#039;s ideal for cleaning car windows. This enhanced version of our Glass Cleaner offers improved degreasing by modifying and increasing the amount of solvents in the system. Evaporation has been slightly increased, allowing for faster, streak-free cleaning of the glass. These changes elevate Glass Cleaner Ultra to a higher level of cleaning power, degreasing, and performance compared to previous Glass Cleaners.<\/p>\n<p>Usage:<\/p>\n<li>Prepare 2 microfibres ADBL GOOFER and ADBL GLASS CLEANER ULTRA.<\/li>\n<li>Apply ADBL GLASS CLEANER ULTRA to the ADBL GOOFER microfibre.<\/li>\n<li>Wipe the entire surface of the glass.<\/li>\n<li>With the other side, wipe off excess liquid from the dirt.<\/li>\n<li>Polish the glass with a dry microfiber cloth to remove any smudges.<\/li>\n<p>Scent: Fruit<\/p>\n<p>Capacity: 500 ml<\/p>","protected":false},"excerpt":{"rendered":"<p>ADBL Glass Cleaner Ultra \u2013 najnowszy p\u0142yn do mycia szyb oraz szk\u0142a, stworzony z poprzednich Cleaner\u00f3w. W \u015brodku jest to, co najlepsze z obydwu produkt\u00f3w. Idealnie nadaje si\u0119 do mycia szyb samochodowych. Wzmocniona wersja naszego Glass Cleaner\u2019a. Przez zmian\u0119 i zwi\u0119kszenie ilo\u015bci rozpuszczalnik\u00f3w w uk\u0142adzie uzyskali\u015bmy lepsze odt\u0142uszczanie. Odparowywanie zosta\u0142o delikatnie zwi\u0119kszone, co pozwoli\u0142o na&hellip;&nbsp;<a href=\"https:\/\/liquidmaster.pl\/en\/adbl-glass-cleaner-ultra-500ml-plyn-do-mycia-szyb\/\" rel=\"bookmark\">Read More \u00bb<span class=\"screen-reader-text\">ADBL Glass Cleaner Ultra 500ml \u2013 glass cleaning fluid<\/span><\/a><\/p>","protected":false},"featured_media":1848960,"comment_status":"open","ping_status":"open","template":"","meta":{"neve_meta_sidebar":"","neve_meta_container":"","neve_meta_enable_content_width":"","neve_meta_content_width":0,"neve_meta_title_alignment":"","neve_meta_author_avatar":"","neve_post_elements_order":"","neve_meta_disable_header":"","neve_meta_disable_footer":"","neve_meta_disable_title":"","_themeisle_gutenberg_block_has_review":false},"product_brand":[],"product_cat":[733,774,773],"product_tag":[258],"class_list":{"0":"post-1918347","1":"product","2":"type-product","3":"status-publish","4":"has-post-thumbnail","6":"product_cat-na-zewnatrz","7":"product_cat-plyny-do-szyb","8":"product_cat-szyby","9":"product_tag-adbl","11":"first","12":"instock","13":"taxable","14":"shipping-taxable","15":"purchasable","16":"product-type-simple"},"_links":{"self":[{"href":"https:\/\/liquidmaster.pl\/en\/wp-json\/wp\/v2\/product\/1918347","targetHints":{"allow":["GET"]}}],"collection":[{"href":"https:\/\/liquidmaster.pl\/en\/wp-json\/wp\/v2\/product"}],"about":[{"href":"https:\/\/liquidmaster.pl\/en\/wp-json\/wp\/v2\/types\/product"}],"replies":[{"embeddable":true,"href":"https:\/\/liquidmaster.pl\/en\/wp-json\/wp\/v2\/comments?post=1918347"}],"wp:featuredmedia":[{"embeddable":true,"href":"https:\/\/liquidmaster.pl\/en\/wp-json\/wp\/v2\/media\/1848960"}],"wp:attachment":[{"href":"https:\/\/liquidmaster.pl\/en\/wp-json\/wp\/v2\/media?parent=1918347"}],"wp:term":[{"taxonomy":"product_brand","embeddable":true,"href":"https:\/\/liquidmaster.pl\/en\/wp-json\/wp\/v2\/product_brand?post=1918347"},{"taxonomy":"product_cat","embeddable":true,"href":"https:\/\/liquidmaster.pl\/en\/wp-json\/wp\/v2\/product_cat?post=1918347"},{"taxonomy":"product_tag","embeddable":true,"href":"https:\/\/liquidmaster.pl\/en\/wp-json\/wp\/v2\/product_tag?post=1918347"}],"curies":[{"name":"wp","href":"https:\/\/api.w.org\/{rel}","templated":true}]}}