{"id":1918344,"date":"2025-09-14T01:52:06","date_gmt":"2025-09-13T23:52:06","guid":{"rendered":"https:\/\/liquidmaster.pl\/adbl-smooth-operator-delikatny-pedzel-detailingowy\/"},"modified":"2026-04-19T03:30:57","modified_gmt":"2026-04-19T01:30:57","slug":"adbl-smooth-operator-delikatny-pedzel-detailingowy","status":"publish","type":"product","link":"https:\/\/liquidmaster.pl\/en\/adbl-smooth-operator-delikatny-pedzel-detailingowy\/","title":{"rendered":"ADBL Smooth Operator \u2013 a delicate detailing brush"},"content":{"rendered":"<p>The ADBL Smooth Operator is a delicate brush with soft nylon bristles, ideal for removing dust from hard-to-reach areas. The ergonomic handle ensures a comfortable grip, and the bristles are safe for all surfaces, both interior and exterior, including leather and piano black finishes. Its compact size makes it easy to store in any storage unit, making it the perfect tool for precise detailing.<\/p>\n<p>Product features:<\/p>\n<ul>\n<li>Soft, nylon bristles<\/li>\n<li>Ergonomic handle<\/li>\n<li>Safe for surfaces, does not scratch<\/li>\n<li>Wavy bristles for thorough cleaning<\/li>\n<li>Compact size, easy to store<\/li>\n<\/ul>","protected":false},"excerpt":{"rendered":"<p>ADBL Smooth Operator to delikatny p\u0119dzel z mi\u0119kkim nylonowym w\u0142osiem, idealny do usuwania kurzu z trudno dost\u0119pnych miejsc. Ergonomiczny uchwyt zapewnia wygodne trzymanie, a w\u0142osie jest bezpieczne dla wszelkich powierzchni, zar\u00f3wno wewn\u0119trznych, jak i zewn\u0119trznych, w tym sk\u00f3r i wyko\u0144cze\u0144 piano black. Dzi\u0119ki kompaktowym rozmiarom p\u0119dzel \u0142atwo zmie\u015bci si\u0119 w ka\u017cdym schowku, co czyni go&hellip;&nbsp;<a href=\"https:\/\/liquidmaster.pl\/en\/adbl-smooth-operator-delikatny-pedzel-detailingowy\/\" rel=\"bookmark\">Read More \u00bb<span class=\"screen-reader-text\">ADBL Smooth Operator \u2013 a delicate detailing brush<\/span><\/a><\/p>","protected":false},"featured_media":1848958,"comment_status":"open","ping_status":"open","template":"","meta":{"neve_meta_sidebar":"","neve_meta_container":"","neve_meta_enable_content_width":"","neve_meta_content_width":0,"neve_meta_title_alignment":"","neve_meta_author_avatar":"","neve_post_elements_order":"","neve_meta_disable_header":"","neve_meta_disable_footer":"","neve_meta_disable_title":"","_themeisle_gutenberg_block_has_review":false},"product_brand":[],"product_cat":[757,911,777],"product_tag":[258],"class_list":{"0":"post-1918344","1":"product","2":"type-product","3":"status-publish","4":"has-post-thumbnail","6":"product_cat-akcesoria","7":"product_cat-do-kol","8":"product_cat-szczotki-i-pedzelki","9":"product_tag-adbl","11":"first","12":"instock","13":"taxable","14":"shipping-taxable","15":"purchasable","16":"product-type-simple"},"_links":{"self":[{"href":"https:\/\/liquidmaster.pl\/en\/wp-json\/wp\/v2\/product\/1918344","targetHints":{"allow":["GET"]}}],"collection":[{"href":"https:\/\/liquidmaster.pl\/en\/wp-json\/wp\/v2\/product"}],"about":[{"href":"https:\/\/liquidmaster.pl\/en\/wp-json\/wp\/v2\/types\/product"}],"replies":[{"embeddable":true,"href":"https:\/\/liquidmaster.pl\/en\/wp-json\/wp\/v2\/comments?post=1918344"}],"wp:featuredmedia":[{"embeddable":true,"href":"https:\/\/liquidmaster.pl\/en\/wp-json\/wp\/v2\/media\/1848958"}],"wp:attachment":[{"href":"https:\/\/liquidmaster.pl\/en\/wp-json\/wp\/v2\/media?parent=1918344"}],"wp:term":[{"taxonomy":"product_brand","embeddable":true,"href":"https:\/\/liquidmaster.pl\/en\/wp-json\/wp\/v2\/product_brand?post=1918344"},{"taxonomy":"product_cat","embeddable":true,"href":"https:\/\/liquidmaster.pl\/en\/wp-json\/wp\/v2\/product_cat?post=1918344"},{"taxonomy":"product_tag","embeddable":true,"href":"https:\/\/liquidmaster.pl\/en\/wp-json\/wp\/v2\/product_tag?post=1918344"}],"curies":[{"name":"wp","href":"https:\/\/api.w.org\/{rel}","templated":true}]}}