{"id":1918340,"date":"2025-09-14T01:50:08","date_gmt":"2025-09-13T23:50:08","guid":{"rendered":"https:\/\/liquidmaster.pl\/cleantle-daily-cloth-3pak-uniwersalna-mikrofibra-zestaw-3-szt\/"},"modified":"2026-04-18T04:43:16","modified_gmt":"2026-04-18T02:43:16","slug":"cleantle-daily-cloth-3pak-uniwersalna-mikrofibra-zestaw-3-szt","status":"publish","type":"product","link":"https:\/\/liquidmaster.pl\/en\/cleantle-daily-cloth-3pak-uniwersalna-mikrofibra-zestaw-3-szt\/","title":{"rendered":"Cleantle Daily Cloth 3pack \u2013 universal microfiber set of 3"},"content":{"rendered":"<\/p>\n<p>Discover Daily Cloth, a versatile 350gsm microfiber cloth ideal for all detailing tasks. Its seamless construction ensures gentleness on paintwork and other surfaces, and its ability to absorb liquids makes cleaning much easier.<\/p>\n<p>Product features:<\/p>\n<ul>\n<li>Multi-tasking: Perfect for lapping coatings, quick detailing and cleaning the car interior.<\/li>\n<li>High quality: It does not produce any lint or fluff, and its durability and washability at 40\u00b0C mean that it will serve you for a long time.<\/li>\n<li>Well-thought-out design: Different bristles (shorter and longer) adapt to different tasks.<\/li>\n<\/ul>\n<p>The perfect choice for amateurs and professional detailers.<\/p>\n<p>Size: 40 x 40 cm.<\/p>\n<p>Weight: 350 g\/m\u00b2<\/p>","protected":false},"excerpt":{"rendered":"<p>Odkryj Daily Cloth, wszechstronn\u0105 mikrofibr\u0119 o gramaturze 350gsm, idealn\u0105 do wszelkich prac detailingowych. Konstrukcja bez obszycia zapewnia delikatno\u015b\u0107 dla lakieru oraz innych powierzchni, a jej zdolno\u015b\u0107 do ch\u0142oni\u0119cia p\u0142yn\u00f3w znacznie u\u0142atwia proces mycia. Cechy produktu: Wielozadaniowo\u015b\u0107: Doskona\u0142a do docierania pow\u0142ok, quick detailer\u00f3w oraz czyszczenia wn\u0119trza auta. Wysoka jako\u015b\u0107: Nie pyli ani nie pozostawia nitek, a&hellip;&nbsp;<a href=\"https:\/\/liquidmaster.pl\/en\/cleantle-daily-cloth-3pak-uniwersalna-mikrofibra-zestaw-3-szt\/\" rel=\"bookmark\">Read More \u00bb<span class=\"screen-reader-text\">Cleantle Daily Cloth 3pack \u2013 universal microfiber set of 3<\/span><\/a><\/p>","protected":false},"featured_media":1918343,"comment_status":"open","ping_status":"open","template":"","meta":{"neve_meta_sidebar":"","neve_meta_container":"","neve_meta_enable_content_width":"","neve_meta_content_width":0,"neve_meta_title_alignment":"","neve_meta_author_avatar":"","neve_post_elements_order":"","neve_meta_disable_header":"","neve_meta_disable_footer":"","neve_meta_disable_title":"","_themeisle_gutenberg_block_has_review":false},"product_brand":[],"product_cat":[757,758,798],"product_tag":[],"class_list":{"0":"post-1918340","1":"product","2":"type-product","3":"status-publish","4":"has-post-thumbnail","6":"product_cat-akcesoria","7":"product_cat-mikrofibry-i-reczniki","8":"product_cat-uniwersalne","10":"first","11":"instock","12":"taxable","13":"shipping-taxable","14":"purchasable","15":"product-type-simple"},"_links":{"self":[{"href":"https:\/\/liquidmaster.pl\/en\/wp-json\/wp\/v2\/product\/1918340","targetHints":{"allow":["GET"]}}],"collection":[{"href":"https:\/\/liquidmaster.pl\/en\/wp-json\/wp\/v2\/product"}],"about":[{"href":"https:\/\/liquidmaster.pl\/en\/wp-json\/wp\/v2\/types\/product"}],"replies":[{"embeddable":true,"href":"https:\/\/liquidmaster.pl\/en\/wp-json\/wp\/v2\/comments?post=1918340"}],"wp:featuredmedia":[{"embeddable":true,"href":"https:\/\/liquidmaster.pl\/en\/wp-json\/wp\/v2\/media\/1918343"}],"wp:attachment":[{"href":"https:\/\/liquidmaster.pl\/en\/wp-json\/wp\/v2\/media?parent=1918340"}],"wp:term":[{"taxonomy":"product_brand","embeddable":true,"href":"https:\/\/liquidmaster.pl\/en\/wp-json\/wp\/v2\/product_brand?post=1918340"},{"taxonomy":"product_cat","embeddable":true,"href":"https:\/\/liquidmaster.pl\/en\/wp-json\/wp\/v2\/product_cat?post=1918340"},{"taxonomy":"product_tag","embeddable":true,"href":"https:\/\/liquidmaster.pl\/en\/wp-json\/wp\/v2\/product_tag?post=1918340"}],"curies":[{"name":"wp","href":"https:\/\/api.w.org\/{rel}","templated":true}]}}