{"id":1918327,"date":"2025-09-14T01:40:08","date_gmt":"2025-09-13T23:40:08","guid":{"rendered":"https:\/\/liquidmaster.pl\/shiny-garage-d-tox-one-1l-preparat-do-mycia-felg-z-wlasciwosciami-deironizujacymi\/"},"modified":"2026-04-18T04:43:14","modified_gmt":"2026-04-18T02:43:14","slug":"shiny-garage-d-tox-one-1l-preparat-do-mycia-felg-z-wlasciwosciami-deironizujacymi","status":"publish","type":"product","link":"https:\/\/liquidmaster.pl\/en\/shiny-garage-d-tox-one-1l-preparat-do-mycia-felg-z-wlasciwosciami-deironizujacymi\/","title":{"rendered":"Shiny Garage D-Tox One 1L &#8211; Preparat do mycia felg z w\u0142a\u015bciwo\u015bciami deironizuj\u0105cymi"},"content":{"rendered":"<p>Now you can enjoy removing metallic contaminants from your paint, rims or any bodywork surface more effectively than ever before using just one product.<\/p>\n<p>D-Tox One is the result of months of testing, trials and conversations with you, our customers.<\/p>\n<p>Listening to your suggestions, we have created one product that combines the most desired features of our three deironization products and added a special touch in the form of a fresh, cherry scent.<\/p>\n<p>D-Tox One is:<\/p>\n<ul>\n<li>The cleaning and dirt-removing power of Monster Wheel Cleaner<\/li>\n<li>Speed of action and viscosity known from D-Tox<\/li>\n<li>Ease of application and long duration of action known from D-Tox Liquid<\/li>\n<li>Fresh cherry scent<\/li>\n<\/ul>\n<p>Usage:<\/p>\n<li>Make sure the surface is cool<\/li>\n<li>Do not apply in direct sunlight<\/li>\n<li>For delicate items, test the product in an inconspicuous area first.<\/li>\n<li>Spread evenly using an atomizer.<\/li>\n<li>Leave the product on the surface for 3-5 minutes<\/li>\n<li>High pressure rinse<\/li>\n<p>1L capacity<\/p>","protected":false},"excerpt":{"rendered":"<p>Teraz mo\u017cesz cieszy\u0107 si\u0119 z usuwania metalicznych zanieczyszcze\u0144\u00a0 z lakieru, felg lub dowolnej powierzchni karoserii, tak skutecznie jak nigdy wcze\u015bniej stosuj\u0105c tylko jeden produkt. D-Tox One to owoc miesi\u0119cy test\u00f3w, pr\u00f3b i rozm\u00f3w z Wami, naszymi klientami. Ws\u0142uchuj\u0105c si\u0119 w Wasze sugestie stworzyli\u015bmy jeden preparat, kt\u00f3ry \u0142\u0105czy najbardziej przez Was po\u017c\u0105dane cechy z naszych trzech&hellip;&nbsp;<a href=\"https:\/\/liquidmaster.pl\/en\/shiny-garage-d-tox-one-1l-preparat-do-mycia-felg-z-wlasciwosciami-deironizujacymi\/\" rel=\"bookmark\">Read More \u00bb<span class=\"screen-reader-text\">Shiny Garage D-Tox One 1L &#8211; Preparat do mycia felg z w\u0142a\u015bciwo\u015bciami deironizuj\u0105cymi<\/span><\/a><\/p>","protected":false},"featured_media":1848932,"comment_status":"open","ping_status":"open","template":"","meta":{"neve_meta_sidebar":"","neve_meta_container":"","neve_meta_enable_content_width":"","neve_meta_content_width":0,"neve_meta_title_alignment":"","neve_meta_author_avatar":"","neve_post_elements_order":"","neve_meta_disable_header":"","neve_meta_disable_footer":"","neve_meta_disable_title":"","_themeisle_gutenberg_block_has_review":false},"product_brand":[],"product_cat":[746,745,733],"product_tag":[360],"class_list":{"0":"post-1918327","1":"product","2":"type-product","3":"status-publish","4":"has-post-thumbnail","6":"product_cat-czyszczenie-felg","7":"product_cat-kola-i-opony","8":"product_cat-na-zewnatrz","9":"product_tag-shiny-garage","11":"first","12":"instock","13":"taxable","14":"shipping-taxable","15":"purchasable","16":"product-type-simple"},"_links":{"self":[{"href":"https:\/\/liquidmaster.pl\/en\/wp-json\/wp\/v2\/product\/1918327","targetHints":{"allow":["GET"]}}],"collection":[{"href":"https:\/\/liquidmaster.pl\/en\/wp-json\/wp\/v2\/product"}],"about":[{"href":"https:\/\/liquidmaster.pl\/en\/wp-json\/wp\/v2\/types\/product"}],"replies":[{"embeddable":true,"href":"https:\/\/liquidmaster.pl\/en\/wp-json\/wp\/v2\/comments?post=1918327"}],"wp:featuredmedia":[{"embeddable":true,"href":"https:\/\/liquidmaster.pl\/en\/wp-json\/wp\/v2\/media\/1848932"}],"wp:attachment":[{"href":"https:\/\/liquidmaster.pl\/en\/wp-json\/wp\/v2\/media?parent=1918327"}],"wp:term":[{"taxonomy":"product_brand","embeddable":true,"href":"https:\/\/liquidmaster.pl\/en\/wp-json\/wp\/v2\/product_brand?post=1918327"},{"taxonomy":"product_cat","embeddable":true,"href":"https:\/\/liquidmaster.pl\/en\/wp-json\/wp\/v2\/product_cat?post=1918327"},{"taxonomy":"product_tag","embeddable":true,"href":"https:\/\/liquidmaster.pl\/en\/wp-json\/wp\/v2\/product_tag?post=1918327"}],"curies":[{"name":"wp","href":"https:\/\/api.w.org\/{rel}","templated":true}]}}