{"id":1918324,"date":"2025-09-14T01:38:07","date_gmt":"2025-09-13T23:38:07","guid":{"rendered":"https:\/\/liquidmaster.pl\/gtechniq-w8v2-bug-remover-250ml-preparat-do-usuwania-owadow-z-lakieru-szyb\/"},"modified":"2026-04-20T08:23:42","modified_gmt":"2026-04-20T06:23:42","slug":"gtechniq-w8v2-bug-remover-250ml-preparat-do-usuwania-owadow-z-lakieru-szyb","status":"publish","type":"product","link":"https:\/\/liquidmaster.pl\/en\/gtechniq-w8v2-bug-remover-250ml-preparat-do-usuwania-owadow-z-lakieru-szyb\/","title":{"rendered":"Gtechniq W8v2 Bug Remover 250ml \u2013 preparation for removing insects from paintwork and windows"},"content":{"rendered":"<p style=\"text-align: left;\">W8v2 Bug Remover is a product that will quickly remove insect residues from paint and windows. Neutral PH makes it safe for paint and coatings. It removes unwanted dirt within 5-10 minutes after spraying on the element, and at the same time does not damage the paint or protective coatings, which is a real breakthrough in the field of auto detailing. It has a neutral scent and the consistency of milk.<\/p>\n<p style=\"text-align: left;\">Usage:<\/p>\n<li style=\"text-align: left;\">Shake the bottle well before use and wear gloves<\/li>\n<li style=\"text-align: left;\">Use out of direct sunlight<\/li>\n<li style=\"text-align: left;\">Spray W8 on the insect mark and leave for about 5 minutes<\/li>\n<li style=\"text-align: left;\">Rinse and repeat the procedure if necessary<\/li>\n<li style=\"text-align: left;\">In extreme cases, wipe the surface with a cloth<\/li>\n<li style=\"text-align: left;\">Store in a cool, dry place<\/li>\n<p style=\"text-align: left;\">Capacity 250ml<\/p>","protected":false},"excerpt":{"rendered":"<p>W8v2 Bug Remover to \u015brodek, kt\u00f3ry szybko usunie pozosta\u0142o\u015bci owad\u00f3w z lakieru i szyb. Neutralne PH sprawia, \u017ce jest bezpieczny dla lakieru i pow\u0142ok. Usuwa niepo\u017c\u0105dane zabrudzenia w 5-10 minut po rozpyleniu na element, a jednocze\u015bnie nie niszczy lakieru czy pow\u0142ok ochronnych, co stanowi prawdziwy prze\u0142om w dziedzinie autodetailingu. Posiada neutralny zapach i konsystencj\u0119 mleczka.&hellip;&nbsp;<a href=\"https:\/\/liquidmaster.pl\/en\/gtechniq-w8v2-bug-remover-250ml-preparat-do-usuwania-owadow-z-lakieru-szyb\/\" rel=\"bookmark\">Read More \u00bb<span class=\"screen-reader-text\">Gtechniq W8v2 Bug Remover 250ml \u2013 preparation for removing insects from paintwork and windows<\/span><\/a><\/p>","protected":false},"featured_media":1848926,"comment_status":"open","ping_status":"open","template":"","meta":{"neve_meta_sidebar":"","neve_meta_container":"","neve_meta_enable_content_width":"","neve_meta_content_width":0,"neve_meta_title_alignment":"","neve_meta_author_avatar":"","neve_post_elements_order":"","neve_meta_disable_header":"","neve_meta_disable_footer":"","neve_meta_disable_title":"","_themeisle_gutenberg_block_has_review":false},"product_brand":[],"product_cat":[743,733,754],"product_tag":[940],"class_list":{"0":"post-1918324","1":"product","2":"type-product","3":"status-publish","4":"has-post-thumbnail","6":"product_cat-dekontaminacja","7":"product_cat-na-zewnatrz","8":"product_cat-usuwanie-owadow","9":"product_tag-gtechniq","11":"first","12":"outofstock","13":"taxable","14":"shipping-taxable","15":"purchasable","16":"product-type-simple"},"_links":{"self":[{"href":"https:\/\/liquidmaster.pl\/en\/wp-json\/wp\/v2\/product\/1918324","targetHints":{"allow":["GET"]}}],"collection":[{"href":"https:\/\/liquidmaster.pl\/en\/wp-json\/wp\/v2\/product"}],"about":[{"href":"https:\/\/liquidmaster.pl\/en\/wp-json\/wp\/v2\/types\/product"}],"replies":[{"embeddable":true,"href":"https:\/\/liquidmaster.pl\/en\/wp-json\/wp\/v2\/comments?post=1918324"}],"wp:featuredmedia":[{"embeddable":true,"href":"https:\/\/liquidmaster.pl\/en\/wp-json\/wp\/v2\/media\/1848926"}],"wp:attachment":[{"href":"https:\/\/liquidmaster.pl\/en\/wp-json\/wp\/v2\/media?parent=1918324"}],"wp:term":[{"taxonomy":"product_brand","embeddable":true,"href":"https:\/\/liquidmaster.pl\/en\/wp-json\/wp\/v2\/product_brand?post=1918324"},{"taxonomy":"product_cat","embeddable":true,"href":"https:\/\/liquidmaster.pl\/en\/wp-json\/wp\/v2\/product_cat?post=1918324"},{"taxonomy":"product_tag","embeddable":true,"href":"https:\/\/liquidmaster.pl\/en\/wp-json\/wp\/v2\/product_tag?post=1918324"}],"curies":[{"name":"wp","href":"https:\/\/api.w.org\/{rel}","templated":true}]}}