{"id":1918322,"date":"2025-09-14T01:36:06","date_gmt":"2025-09-13T23:36:06","guid":{"rendered":"https:\/\/liquidmaster.pl\/gyeon-q2m-leathercleaner-natural-1l-delikatny-srodek-do-czyszczenia-skor\/"},"modified":"2026-04-18T04:43:13","modified_gmt":"2026-04-18T02:43:13","slug":"gyeon-q2m-leathercleaner-natural-1l-delikatny-srodek-do-czyszczenia-skor","status":"publish","type":"product","link":"https:\/\/liquidmaster.pl\/en\/gyeon-q2m-leathercleaner-natural-1l-delikatny-srodek-do-czyszczenia-skor\/","title":{"rendered":"GYEON Q2M LeatherCleaner Natural 1L \u2013 gentle leather cleaner"},"content":{"rendered":"<p>GENTLY CLEANSING AGENT FOR SEMI-ANILINE AND NAPPA LEATHER<br \/>\nQ\u00b2M LeatherCleaner Natural is a safe, pH-neutral cleaner for all leather types found in modern cars. It was developed specifically for luxury and sports cars with delicate nappa or semi-aniline upholstery. Of course, it can be used on all types of modern leather upholstery. It is an excellent product for preparing leather for coating. Developed in conjunction with the top-of-the-line Q\u00b2 LeatherShield EVO &amp; Q\u00b2 LeatherCoat redefined, it removes light dirt, oily residue, and even slight discoloration. Unlike other products in this category, it contains no softeners or preservatives, leaving the surface ready for coating.<\/p>\n<p>CONSUMPTION: 100ml\/car<\/p>\n<p>A GENTLE PRODUCT FOR CLEANING ALL LEATHER TYPES<br \/>\nQ\u00b2M LeatherCleaner Natural is the perfect solution for daily care and preparation of leather upholstery for coating. It contains no softening additives and leaves no residue that could potentially reduce the effectiveness of the ceramic coating. Q\u00b2M LeatherCleaner Natural leaves a completely matte finish and is suitable for all types of modern leather. It can also be used on leathers protected with a coating; it gently cleans but does not remove it.<\/p>\n<p>TIPS AND TRICKS FROM YVES HEYLEN<br \/>\nAlways start by vacuuming the upholstery. Use Q\u00b2M LeatherCleaner Natural with water to increase foaming and facilitate product distribution. Use the Q\u00b2M ScrubPad EVO. Work in small areas. Tip: Always remove dirt with a microfiber cloth using simple movements. Use at least three microfiber cloths: one for initial wiping, one damp cloth to remove residue, and one dry cloth to dry the surface.<\/p>\n<p>1L capacity<\/p>","protected":false},"excerpt":{"rendered":"<p>\u0141AGODNIE CZYSZCZ\u0104CY \u015aRODEK DO SK\u00d3R TYPU SEMI-ANILINA I NAPPA Q\u00b2M LeatherCleaner Natural jest bezpiecznym, pH neutralnym \u015brodkiem czyszcz\u0105cym do wszystkich rodzaj\u00f3w sk\u00f3r wyst\u0119puj\u0105cych we wsp\u00f3\u0142czesnych samochodach. Opracowali\u015bmy go specjalnie dla luksusowych i sportowych samochod\u00f3w z delikatnymi tapicerkami z nappy lub semi-aniliny. Oczywi\u015bcie mo\u017cna go u\u017cywa\u0107 na ka\u017cdego rodzaju wsp\u00f3\u0142czesnej tapicerce sk\u00f3rzanej. Jest doskona\u0142ym produktem przygotowuj\u0105cym&hellip;&nbsp;<a href=\"https:\/\/liquidmaster.pl\/en\/gyeon-q2m-leathercleaner-natural-1l-delikatny-srodek-do-czyszczenia-skor\/\" rel=\"bookmark\">Read More \u00bb<span class=\"screen-reader-text\">GYEON Q2M LeatherCleaner Natural 1L \u2013 gentle leather cleaner<\/span><\/a><\/p>","protected":false},"featured_media":1848924,"comment_status":"open","ping_status":"open","template":"","meta":{"neve_meta_sidebar":"","neve_meta_container":"","neve_meta_enable_content_width":"","neve_meta_content_width":0,"neve_meta_title_alignment":"","neve_meta_author_avatar":"","neve_post_elements_order":"","neve_meta_disable_header":"","neve_meta_disable_footer":"","neve_meta_disable_title":"","_themeisle_gutenberg_block_has_review":false},"product_brand":[],"product_cat":[834,816,768],"product_tag":[302],"class_list":{"0":"post-1918322","1":"product","2":"type-product","3":"status-publish","4":"has-post-thumbnail","6":"product_cat-czyszczenie-skory","7":"product_cat-tapicerka-skorzana","8":"product_cat-wnetrze-auta","9":"product_tag-gyeon","11":"first","12":"instock","13":"taxable","14":"shipping-taxable","15":"purchasable","16":"product-type-simple"},"_links":{"self":[{"href":"https:\/\/liquidmaster.pl\/en\/wp-json\/wp\/v2\/product\/1918322","targetHints":{"allow":["GET"]}}],"collection":[{"href":"https:\/\/liquidmaster.pl\/en\/wp-json\/wp\/v2\/product"}],"about":[{"href":"https:\/\/liquidmaster.pl\/en\/wp-json\/wp\/v2\/types\/product"}],"replies":[{"embeddable":true,"href":"https:\/\/liquidmaster.pl\/en\/wp-json\/wp\/v2\/comments?post=1918322"}],"wp:featuredmedia":[{"embeddable":true,"href":"https:\/\/liquidmaster.pl\/en\/wp-json\/wp\/v2\/media\/1848924"}],"wp:attachment":[{"href":"https:\/\/liquidmaster.pl\/en\/wp-json\/wp\/v2\/media?parent=1918322"}],"wp:term":[{"taxonomy":"product_brand","embeddable":true,"href":"https:\/\/liquidmaster.pl\/en\/wp-json\/wp\/v2\/product_brand?post=1918322"},{"taxonomy":"product_cat","embeddable":true,"href":"https:\/\/liquidmaster.pl\/en\/wp-json\/wp\/v2\/product_cat?post=1918322"},{"taxonomy":"product_tag","embeddable":true,"href":"https:\/\/liquidmaster.pl\/en\/wp-json\/wp\/v2\/product_tag?post=1918322"}],"curies":[{"name":"wp","href":"https:\/\/api.w.org\/{rel}","templated":true}]}}