{"id":1918311,"date":"2025-09-14T01:30:08","date_gmt":"2025-09-13T23:30:08","guid":{"rendered":"https:\/\/liquidmaster.pl\/cleantle-clean-wheel2-5l-kwasowy-preparat-do-usuwania-trudnych-zabrudzen-z-felg\/"},"modified":"2026-04-19T03:30:52","modified_gmt":"2026-04-19T01:30:52","slug":"cleantle-clean-wheel2-5l-kwasowy-preparat-do-usuwania-trudnych-zabrudzen-z-felg","status":"publish","type":"product","link":"https:\/\/liquidmaster.pl\/en\/cleantle-clean-wheel2-5l-kwasowy-preparat-do-usuwania-trudnych-zabrudzen-z-felg\/","title":{"rendered":"Cleantle Clean Wheel2 5L \u2013 an acidic preparation for removing difficult dirt from rims"},"content":{"rendered":"<\/p>\n<p lang=\"zxx\">Clean Wheel2 to bardzo skuteczny, kwasowy preparat do usuwania trudnych zabrudze\u0144 z felg.<br \/>\nUsuwa takie zabrudzenia jak nalot z klock\u00f3w hamulcowych, rdz\u0119, osady mineralne oraz t\u0142uste zabrudzenia. Idealnie sprawdzi si\u0119 zar\u00f3wno do bie\u017c\u0105cej piel\u0119gnacji oraz w czyszczeniu ci\u0119\u017ckich zabrudze\u0144. Produkt nie zawiera w sk\u0142adzie bardzo szkodliwego dla zdrowia kwasu fluorowodorowego. Produkt \u0142atwo biodegradowalny.<\/p>\n<p>Product features:<\/p>\n<ul>\n<li lang=\"zxx\">usuwa trudne zanieczyszczenia w tym rdz\u0119, opi\u0142ki metaliczne, osady mineralne i inne<\/li>\n<li lang=\"zxx\">u\u017cyteczny na r\u00f3\u017cnych powierzchniach: lakier, szk\u0142o<\/li>\n<li lang=\"zxx\">mocno skoncentrowany \u2013 robocze st\u0119\u017cenie 1:20<\/li>\n<li lang=\"zxx\">brak szkodliwego kwasu fluorowodorowego w sk\u0142adzie<\/li>\n<li lang=\"zxx\">easily biodegradable<\/li>\n<\/ul>\n<p lang=\"zxx\">Dilution:<br \/>\n1:0-1:9 \u2013 du\u017ce zabrudzenia<br \/>\n1:10-1:20 \u2013 bie\u017c\u0105ca piel\u0119gnacja<\/p>\n<p lang=\"zxx\">Usage:<\/p>\n<li lang=\"zxx\">Dilute the product as recommended.<\/li>\n<li lang=\"zxx\">Zaaplikuj produkt na ch\u0142odn\u0105 felg\u0119.<\/li>\n<li lang=\"zxx\">W przypadku du\u017cych zabrudze\u0144 wypracuj produkt p\u0119dzlem.<\/li>\n<li lang=\"zxx\">Rinse thoroughly with water under pressure.<\/li>\n<li lang=\"zxx\">Repeat steps 1-4 if necessary.<\/li>\n<li lang=\"zxx\">Nie stosowa\u0107 na felgi z polerowanego aluminium.<\/li>\n<p>Capacity 5L<\/p>","protected":false},"excerpt":{"rendered":"<p>Clean Wheel2 to bardzo skuteczny, kwasowy preparat do usuwania trudnych zabrudze\u0144 z felg. Usuwa takie zabrudzenia jak nalot z klock\u00f3w hamulcowych, rdz\u0119, osady mineralne oraz t\u0142uste zabrudzenia. Idealnie sprawdzi si\u0119 zar\u00f3wno do bie\u017c\u0105cej piel\u0119gnacji oraz w czyszczeniu ci\u0119\u017ckich zabrudze\u0144. Produkt nie zawiera w sk\u0142adzie bardzo szkodliwego dla zdrowia kwasu fluorowodorowego. Produkt \u0142atwo biodegradowalny. Cechy produktu:&hellip;&nbsp;<a href=\"https:\/\/liquidmaster.pl\/en\/cleantle-clean-wheel2-5l-kwasowy-preparat-do-usuwania-trudnych-zabrudzen-z-felg\/\" rel=\"bookmark\">Read More \u00bb<span class=\"screen-reader-text\">Cleantle Clean Wheel2 5L \u2013 an acidic preparation for removing difficult dirt from rims<\/span><\/a><\/p>","protected":false},"featured_media":1918313,"comment_status":"open","ping_status":"open","template":"","meta":{"neve_meta_sidebar":"","neve_meta_container":"","neve_meta_enable_content_width":"","neve_meta_content_width":0,"neve_meta_title_alignment":"","neve_meta_author_avatar":"","neve_post_elements_order":"","neve_meta_disable_header":"","neve_meta_disable_footer":"","neve_meta_disable_title":"","_themeisle_gutenberg_block_has_review":false},"product_brand":[],"product_cat":[746,745,733],"product_tag":[],"class_list":{"0":"post-1918311","1":"product","2":"type-product","3":"status-publish","4":"has-post-thumbnail","6":"product_cat-czyszczenie-felg","7":"product_cat-kola-i-opony","8":"product_cat-na-zewnatrz","10":"first","11":"instock","12":"taxable","13":"shipping-taxable","14":"purchasable","15":"product-type-simple"},"_links":{"self":[{"href":"https:\/\/liquidmaster.pl\/en\/wp-json\/wp\/v2\/product\/1918311","targetHints":{"allow":["GET"]}}],"collection":[{"href":"https:\/\/liquidmaster.pl\/en\/wp-json\/wp\/v2\/product"}],"about":[{"href":"https:\/\/liquidmaster.pl\/en\/wp-json\/wp\/v2\/types\/product"}],"replies":[{"embeddable":true,"href":"https:\/\/liquidmaster.pl\/en\/wp-json\/wp\/v2\/comments?post=1918311"}],"wp:featuredmedia":[{"embeddable":true,"href":"https:\/\/liquidmaster.pl\/en\/wp-json\/wp\/v2\/media\/1918313"}],"wp:attachment":[{"href":"https:\/\/liquidmaster.pl\/en\/wp-json\/wp\/v2\/media?parent=1918311"}],"wp:term":[{"taxonomy":"product_brand","embeddable":true,"href":"https:\/\/liquidmaster.pl\/en\/wp-json\/wp\/v2\/product_brand?post=1918311"},{"taxonomy":"product_cat","embeddable":true,"href":"https:\/\/liquidmaster.pl\/en\/wp-json\/wp\/v2\/product_cat?post=1918311"},{"taxonomy":"product_tag","embeddable":true,"href":"https:\/\/liquidmaster.pl\/en\/wp-json\/wp\/v2\/product_tag?post=1918311"}],"curies":[{"name":"wp","href":"https:\/\/api.w.org\/{rel}","templated":true}]}}