{"id":1917758,"date":"2025-09-12T01:32:07","date_gmt":"2025-09-11T23:32:07","guid":{"rendered":"https:\/\/liquidmaster.pl\/rupes-lh-19e-zestaw-deluxe\/"},"modified":"2026-04-20T08:10:14","modified_gmt":"2026-04-20T06:10:14","slug":"rupes-lh-19e-zestaw-deluxe","status":"publish","type":"product","link":"https:\/\/liquidmaster.pl\/en\/rupes-lh-19e-zestaw-deluxe\/","title":{"rendered":"Rupes LH 19E Deluxe Set"},"content":{"rendered":"<p>RUPES LH 19E\/DLX<\/p>\n<p>The latest generation of professional rotary polisher equipped with a high-torque motor. Excellent ergonomics and light housing make it one of the most efficient and handy polishers available on the market. The progressive trigger button allows for precise control of the machine&#039;s rotation.<\/p>\n<p>Characteristics:<\/p>\n<ul>\n<li>1200W motor with high torque<\/li>\n<li>progressive trigger that responds to the force of pressing it<\/li>\n<li>ergonomic design<\/li>\n<li>possibility of attaching a side handle<\/li>\n<li>lightweight housing<\/li>\n<li>9m long power cable<\/li>\n<li>possibility of mounting working plates with diameters of 125mm\/150mm\/165mm<\/li>\n<\/ul>\n<p>Application:<\/p>\n<ul>\n<li>polishing in the automotive industry and post-accident repairs<\/li>\n<li>polishing in various industries: maritime, railway, aviation and many others<\/li>\n<\/ul>\n<p>The DLX kit includes:<\/p>\n<ul>\n<li>LH19 rotary polisher<\/li>\n<li>mounting plate 125mm<\/li>\n<li>removable handle<\/li>\n<li>Rotary Blue Coarse polishing paste 250ml<\/li>\n<li>Rotary Yellow Fine polishing paste 250ml<\/li>\n<li>Rotary White Ultra Fine polishing paste 250ml<\/li>\n<li>Rotary Blue Foam polishing sponge 135mm \u2013 2 pcs.<\/li>\n<li>Rotary Yellow Foam polishing sponge 135mm<\/li>\n<li>Rotary White Foam polishing sponge 135mm<\/li>\n<li>microfiber \u2013 4 pcs.<\/li>\n<li>Clow Pad Tool pad cleaning brush<\/li>\n<li>BigFoot polishing apron<\/li>\n<li>BigFoot machine bag<\/li>\n<\/ul>","protected":false},"excerpt":{"rendered":"<p>RUPES LH 19E\/DLX Najnowsza generacja profesjonalnej polerki rotacyjnej wyposa\u017conej w silnik o wysokim momencie obrotowym. Doskona\u0142a ergonomia i lekka obudowa czyni\u0105 z niej jedn\u0105 z najbardziej wydajnych i por\u0119cznych polerek dost\u0119pnych na rynku. Progresywny przycisk spustowy pozwala na precyzyjn\u0105 kontrol\u0119 obrot\u00f3w maszyny. Cechy: silnik o mocy 1200W i wysokim momencie obrotowym progresywny spust reaguj\u0105cy na&hellip;&nbsp;<a href=\"https:\/\/liquidmaster.pl\/en\/rupes-lh-19e-zestaw-deluxe\/\" rel=\"bookmark\">Read More \u00bb<span class=\"screen-reader-text\">Rupes LH 19E Deluxe Set<\/span><\/a><\/p>","protected":false},"featured_media":1847223,"comment_status":"open","ping_status":"open","template":"","meta":{"neve_meta_sidebar":"","neve_meta_container":"","neve_meta_enable_content_width":"","neve_meta_content_width":0,"neve_meta_title_alignment":"","neve_meta_author_avatar":"","neve_post_elements_order":"","neve_meta_disable_header":"","neve_meta_disable_footer":"","neve_meta_disable_title":"","_themeisle_gutenberg_block_has_review":false},"product_brand":[],"product_cat":[806,828,748],"product_tag":[354],"class_list":{"0":"post-1917758","1":"product","2":"type-product","3":"status-publish","4":"has-post-thumbnail","6":"product_cat-maszyny-polerskie","7":"product_cat-maszyny-rotacyjne","8":"product_cat-polerowanie","9":"product_tag-rupes","11":"first","12":"outofstock","13":"taxable","14":"shipping-taxable","15":"purchasable","16":"product-type-simple"},"_links":{"self":[{"href":"https:\/\/liquidmaster.pl\/en\/wp-json\/wp\/v2\/product\/1917758","targetHints":{"allow":["GET"]}}],"collection":[{"href":"https:\/\/liquidmaster.pl\/en\/wp-json\/wp\/v2\/product"}],"about":[{"href":"https:\/\/liquidmaster.pl\/en\/wp-json\/wp\/v2\/types\/product"}],"replies":[{"embeddable":true,"href":"https:\/\/liquidmaster.pl\/en\/wp-json\/wp\/v2\/comments?post=1917758"}],"wp:featuredmedia":[{"embeddable":true,"href":"https:\/\/liquidmaster.pl\/en\/wp-json\/wp\/v2\/media\/1847223"}],"wp:attachment":[{"href":"https:\/\/liquidmaster.pl\/en\/wp-json\/wp\/v2\/media?parent=1917758"}],"wp:term":[{"taxonomy":"product_brand","embeddable":true,"href":"https:\/\/liquidmaster.pl\/en\/wp-json\/wp\/v2\/product_brand?post=1917758"},{"taxonomy":"product_cat","embeddable":true,"href":"https:\/\/liquidmaster.pl\/en\/wp-json\/wp\/v2\/product_cat?post=1917758"},{"taxonomy":"product_tag","embeddable":true,"href":"https:\/\/liquidmaster.pl\/en\/wp-json\/wp\/v2\/product_tag?post=1917758"}],"curies":[{"name":"wp","href":"https:\/\/api.w.org\/{rel}","templated":true}]}}