{"id":1917754,"date":"2025-09-12T01:28:07","date_gmt":"2025-09-11T23:28:07","guid":{"rendered":"https:\/\/liquidmaster.pl\/mirka-deros-650cv-150mm-skok-5mm-szlifierka-mimosrodowa\/"},"modified":"2026-04-20T08:10:13","modified_gmt":"2026-04-20T06:10:13","slug":"mirka-deros-650cv-150mm-skok-5mm-szlifierka-mimosrodowa","status":"publish","type":"product","link":"https:\/\/liquidmaster.pl\/en\/mirka-deros-650cv-150mm-skok-5mm-szlifierka-mimosrodowa\/","title":{"rendered":"Mirka DEROS 650CV 150mm stroke 5mm - eccentric sander"},"content":{"rendered":"<p>MIRKA DEROS 650CV 150 mm, stroke 5 mm<\/p>\n<p>MirkaCode: MID6252022<\/p>\n<p>Mirka\u00ae DEROS is an electric eccentric sander with direct power supply. It is designed for effective and dust-free grinding of all types of surfaces. The current, improved model has a built-in vibration sensor and a Bluetooth module in Low Energy technology. This smallest and most ergonomic grinder is equipped with a brushless motor ensuring constant speed even under heavy load. The lowest level of vibration in this class of tools and a unique, symmetrical design guarantee easy and long-lasting work without hand fatigue. Mirka\u00ae DEROS 650CV is equipped with a 150 mm (6\u2033) cap and 5.0 mm oscillation.<\/p>","protected":false},"excerpt":{"rendered":"<p>MIRKA DEROS 650CV 150 mm, skok 5 mm MirkaCode: MID6252022 Mirka\u00ae DEROS to elektryczna szlifierka mimo\u015brodowa z bezpo\u015brednim zasilaniem. Zaprojektowana jest pod k\u0105tem efektywnej i bezpy\u0142owej obr\u00f3bki szlifierskiej ka\u017cdego rodzaju powierzchni. Obecny, ulepszony model posiada wbudowany czujnik wibracji, oraz modu\u0142 Bluetooth w technologii Low Energy. Ta najmniejsza i najbardziej ergonomiczna szlifierka wyposa\u017cona jest w bezszczotkowy&hellip;&nbsp;<a href=\"https:\/\/liquidmaster.pl\/en\/mirka-deros-650cv-150mm-skok-5mm-szlifierka-mimosrodowa\/\" rel=\"bookmark\">Read More \u00bb<span class=\"screen-reader-text\">Mirka DEROS 650CV 150mm stroke 5mm - eccentric sander<\/span><\/a><\/p>","protected":false},"featured_media":1847219,"comment_status":"open","ping_status":"open","template":"","meta":{"neve_meta_sidebar":"","neve_meta_container":"","neve_meta_enable_content_width":"","neve_meta_content_width":0,"neve_meta_title_alignment":"","neve_meta_author_avatar":"","neve_post_elements_order":"","neve_meta_disable_header":"","neve_meta_disable_footer":"","neve_meta_disable_title":"","_themeisle_gutenberg_block_has_review":false},"product_brand":[],"product_cat":[806,828,748],"product_tag":[325],"class_list":{"0":"post-1917754","1":"product","2":"type-product","3":"status-publish","4":"has-post-thumbnail","6":"product_cat-maszyny-polerskie","7":"product_cat-maszyny-rotacyjne","8":"product_cat-polerowanie","9":"product_tag-mirka","11":"first","12":"outofstock","13":"taxable","14":"shipping-taxable","15":"purchasable","16":"product-type-simple"},"_links":{"self":[{"href":"https:\/\/liquidmaster.pl\/en\/wp-json\/wp\/v2\/product\/1917754","targetHints":{"allow":["GET"]}}],"collection":[{"href":"https:\/\/liquidmaster.pl\/en\/wp-json\/wp\/v2\/product"}],"about":[{"href":"https:\/\/liquidmaster.pl\/en\/wp-json\/wp\/v2\/types\/product"}],"replies":[{"embeddable":true,"href":"https:\/\/liquidmaster.pl\/en\/wp-json\/wp\/v2\/comments?post=1917754"}],"wp:featuredmedia":[{"embeddable":true,"href":"https:\/\/liquidmaster.pl\/en\/wp-json\/wp\/v2\/media\/1847219"}],"wp:attachment":[{"href":"https:\/\/liquidmaster.pl\/en\/wp-json\/wp\/v2\/media?parent=1917754"}],"wp:term":[{"taxonomy":"product_brand","embeddable":true,"href":"https:\/\/liquidmaster.pl\/en\/wp-json\/wp\/v2\/product_brand?post=1917754"},{"taxonomy":"product_cat","embeddable":true,"href":"https:\/\/liquidmaster.pl\/en\/wp-json\/wp\/v2\/product_cat?post=1917754"},{"taxonomy":"product_tag","embeddable":true,"href":"https:\/\/liquidmaster.pl\/en\/wp-json\/wp\/v2\/product_tag?post=1917754"}],"curies":[{"name":"wp","href":"https:\/\/api.w.org\/{rel}","templated":true}]}}