{"id":1917744,"date":"2025-09-12T01:18:07","date_gmt":"2025-09-11T23:18:07","guid":{"rendered":"https:\/\/liquidmaster.pl\/ultracoat-gentle-buff-microfibre-cloth-2-pack-320-gsm\/"},"modified":"2026-04-19T03:18:18","modified_gmt":"2026-04-19T01:18:18","slug":"ultracoat-gentle-buff-microfibre-cloth-2-pack-320-gsm","status":"publish","type":"product","link":"https:\/\/liquidmaster.pl\/en\/ultracoat-gentle-buff-microfibre-cloth-2-pack-320-gsm\/","title":{"rendered":"Ultracoat Gentle Buff Microfibre Cloth 2-pack 320 gsm"},"content":{"rendered":"<p>Gentle Buff \u2013 Short Pile Edgeless Microfiber 2-pack<\/p>\n<p>It is a short-pile microfiber with universal use. Particularly recommended when working on paint, lapping ceramic coatings and caring for vehicle interiors. The cloth is laser cut, so it has no hard edges and no tags or other markings, which positively affects the safety of working with paint. It is made of the highest quality Korean microfiber.\u00a0<\/p>\n<p>Properties:<\/p>\n<ul>\n<li>Weight: 320 GSM<\/li>\n<li>Size: 40 x 40 cm<\/li>\n<li>Blend: 70\/30 Polyester\/Polyamide\u00a0<\/li>\n<li>Made in Korea<\/li>\n<\/ul>\n<p>Application:<\/p>\n<ul>\n<li style=\"font-weight:400;\">Application of ceramic coatings<\/li>\n<li style=\"font-weight:400;\">Paint work<\/li>\n<li style=\"font-weight:400;\">Interior cleaning\u00a0<\/li>\n<\/ul>\n<p>Do not bleach or use fabric softener. Washing at high temperatures above 60\u00baC may cause deformation or damage to the fabric.<\/p>","protected":false},"excerpt":{"rendered":"<p>Gentle Buff &#8211; Short Pile Edgeless Microfibre 2-pack To mikrofibra o kr\u00f3tkim w\u0142osiu o uniwersalnym zastosowaniu. Szczeg\u00f3lnie polecana podczas pracy przy lakierze, docieraniu pow\u0142ok ceramicznych oraz piel\u0119gnacji wn\u0119trza pojazd\u00f3w. \u015aciereczka jest ci\u0119ta laserowo, dzi\u0119ki czemu pozbawiona jest twardych kraw\u0119dzi, nie posiada r\u00f3wnie\u017c metek i innych oznacze\u0144, co pozytywnie wp\u0142ywa na bezpiecze\u0144stwo pracy przy lakierze. Wykonana&hellip;&nbsp;<a href=\"https:\/\/liquidmaster.pl\/en\/ultracoat-gentle-buff-microfibre-cloth-2-pack-320-gsm\/\" rel=\"bookmark\">Read More \u00bb<span class=\"screen-reader-text\">Ultracoat Gentle Buff Microfibre Cloth 2-pack 320 gsm<\/span><\/a><\/p>","protected":false},"featured_media":1847212,"comment_status":"open","ping_status":"open","template":"","meta":{"neve_meta_sidebar":"","neve_meta_container":"","neve_meta_enable_content_width":"","neve_meta_content_width":0,"neve_meta_title_alignment":"","neve_meta_author_avatar":"","neve_post_elements_order":"","neve_meta_disable_header":"","neve_meta_disable_footer":"","neve_meta_disable_title":"","_themeisle_gutenberg_block_has_review":false},"product_brand":[],"product_cat":[757,758,798],"product_tag":[372],"class_list":{"0":"post-1917744","1":"product","2":"type-product","3":"status-publish","4":"has-post-thumbnail","6":"product_cat-akcesoria","7":"product_cat-mikrofibry-i-reczniki","8":"product_cat-uniwersalne","9":"product_tag-ultracoat","11":"first","12":"instock","13":"taxable","14":"shipping-taxable","15":"purchasable","16":"product-type-simple"},"_links":{"self":[{"href":"https:\/\/liquidmaster.pl\/en\/wp-json\/wp\/v2\/product\/1917744","targetHints":{"allow":["GET"]}}],"collection":[{"href":"https:\/\/liquidmaster.pl\/en\/wp-json\/wp\/v2\/product"}],"about":[{"href":"https:\/\/liquidmaster.pl\/en\/wp-json\/wp\/v2\/types\/product"}],"replies":[{"embeddable":true,"href":"https:\/\/liquidmaster.pl\/en\/wp-json\/wp\/v2\/comments?post=1917744"}],"wp:featuredmedia":[{"embeddable":true,"href":"https:\/\/liquidmaster.pl\/en\/wp-json\/wp\/v2\/media\/1847212"}],"wp:attachment":[{"href":"https:\/\/liquidmaster.pl\/en\/wp-json\/wp\/v2\/media?parent=1917744"}],"wp:term":[{"taxonomy":"product_brand","embeddable":true,"href":"https:\/\/liquidmaster.pl\/en\/wp-json\/wp\/v2\/product_brand?post=1917744"},{"taxonomy":"product_cat","embeddable":true,"href":"https:\/\/liquidmaster.pl\/en\/wp-json\/wp\/v2\/product_cat?post=1917744"},{"taxonomy":"product_tag","embeddable":true,"href":"https:\/\/liquidmaster.pl\/en\/wp-json\/wp\/v2\/product_tag?post=1917744"}],"curies":[{"name":"wp","href":"https:\/\/api.w.org\/{rel}","templated":true}]}}