{"id":1917313,"date":"2025-09-09T00:46:06","date_gmt":"2025-09-08T22:46:06","guid":{"rendered":"https:\/\/liquidmaster.pl\/carpro-mfx-mf-detergent-plyn-do-prania-sciereczek-z-mikrofibry-przywraca-chlonnosc-1l\/"},"modified":"2026-04-19T03:05:45","modified_gmt":"2026-04-19T01:05:45","slug":"carpro-mfx-mf-detergent-plyn-do-prania-sciereczek-z-mikrofibry-przywraca-chlonnosc-1l","status":"publish","type":"product","link":"https:\/\/liquidmaster.pl\/en\/carpro-mfx-mf-detergent-plyn-do-prania-sciereczek-z-mikrofibry-przywraca-chlonnosc-1l\/","title":{"rendered":"CarPro MFX MF Detergent - liquid for washing microfiber cloths, restores absorbency 1L"},"content":{"rendered":"<p>CarPro MFX - is a liquid designed to remove oils, waxes and dirt from microfiber cloths, thanks to which they restore their natural performance!<\/p>\n<p>Microfiber is made of thin polyester and polyamide fibers. Polyester is the primary ingredient and was developed to absorb oils while polyamides are designed to absorb water.<\/p>\n<p>During the lapping of waxes or sealants, the fibers are covered with oils, which reduces the absorbency of the microfiber, which makes them smudged on the paint surface. The solution to this problem is MFX.<\/p>\n<p>The most important features:<\/p>\n<ul>\n<li>Removes oils, waxes and light soiling<\/li>\n<li>Machine washable<\/li>\n<li>Suitable for washing polishing pads<\/li>\n<li>Antistatic effect<\/li>\n<\/ul>\n<p>Capacity: 1000 ml<\/p>","protected":false},"excerpt":{"rendered":"<p>CarPro MFX \u2013 to p\u0142yn stworzony do usuwania olejk\u00f3w, wosk\u00f3w i brudu ze \u015bciereczek z mikrofibry, dzi\u0119ki czemu przywraca im naturaln\u0105 wydajno\u015b\u0107! Mikrofibra wykonana jest z cienkich w\u0142\u00f3kien poliestrowych i poliamidowych. Poliester jest podstawowym sk\u0142adnikiem i zosta\u0142 opracowany do wch\u0142aniania olej\u00f3w, podczas gdy poliamidy s\u0105 przeznaczone do wch\u0142aniania wody. W trakcie docierania wosk\u00f3w lub sealant\u00f3w,&hellip;&nbsp;<a href=\"https:\/\/liquidmaster.pl\/en\/carpro-mfx-mf-detergent-plyn-do-prania-sciereczek-z-mikrofibry-przywraca-chlonnosc-1l\/\" rel=\"bookmark\">Read More \u00bb<span class=\"screen-reader-text\">CarPro MFX MF Detergent - liquid for washing microfiber cloths, restores absorbency 1L<\/span><\/a><\/p>","protected":false},"featured_media":1842959,"comment_status":"open","ping_status":"open","template":"","meta":{"neve_meta_sidebar":"","neve_meta_container":"","neve_meta_enable_content_width":"","neve_meta_content_width":0,"neve_meta_title_alignment":"","neve_meta_author_avatar":"","neve_post_elements_order":"","neve_meta_disable_header":"","neve_meta_disable_footer":"","neve_meta_disable_title":"","_themeisle_gutenberg_block_has_review":false},"product_brand":[],"product_cat":[749,877,748],"product_tag":[275],"class_list":{"0":"post-1917313","1":"product","2":"type-product","3":"status-publish","4":"has-post-thumbnail","6":"product_cat-akcesoria-polerskie","7":"product_cat-czyszczenie-padow","8":"product_cat-polerowanie","9":"product_tag-carpro","11":"first","12":"instock","13":"taxable","14":"shipping-taxable","15":"purchasable","16":"product-type-simple"},"_links":{"self":[{"href":"https:\/\/liquidmaster.pl\/en\/wp-json\/wp\/v2\/product\/1917313","targetHints":{"allow":["GET"]}}],"collection":[{"href":"https:\/\/liquidmaster.pl\/en\/wp-json\/wp\/v2\/product"}],"about":[{"href":"https:\/\/liquidmaster.pl\/en\/wp-json\/wp\/v2\/types\/product"}],"replies":[{"embeddable":true,"href":"https:\/\/liquidmaster.pl\/en\/wp-json\/wp\/v2\/comments?post=1917313"}],"wp:featuredmedia":[{"embeddable":true,"href":"https:\/\/liquidmaster.pl\/en\/wp-json\/wp\/v2\/media\/1842959"}],"wp:attachment":[{"href":"https:\/\/liquidmaster.pl\/en\/wp-json\/wp\/v2\/media?parent=1917313"}],"wp:term":[{"taxonomy":"product_brand","embeddable":true,"href":"https:\/\/liquidmaster.pl\/en\/wp-json\/wp\/v2\/product_brand?post=1917313"},{"taxonomy":"product_cat","embeddable":true,"href":"https:\/\/liquidmaster.pl\/en\/wp-json\/wp\/v2\/product_cat?post=1917313"},{"taxonomy":"product_tag","embeddable":true,"href":"https:\/\/liquidmaster.pl\/en\/wp-json\/wp\/v2\/product_tag?post=1917313"}],"curies":[{"name":"wp","href":"https:\/\/api.w.org\/{rel}","templated":true}]}}