{"id":1917311,"date":"2025-09-09T00:44:06","date_gmt":"2025-09-08T22:44:06","guid":{"rendered":"https:\/\/liquidmaster.pl\/carpro-long-shirt-orange-detailer-xxl-bluzka-z-dlugim-rekawem\/"},"modified":"2026-04-18T04:20:09","modified_gmt":"2026-04-18T02:20:09","slug":"carpro-long-shirt-orange-detailer-xxl-bluzka-z-dlugim-rekawem","status":"publish","type":"product","link":"https:\/\/liquidmaster.pl\/en\/carpro-long-shirt-orange-detailer-xxl-bluzka-z-dlugim-rekawem\/","title":{"rendered":"CarPro Long-Shirt Orange Detailer XXL - long sleeve blouse"},"content":{"rendered":"<p>CarPro Long Shirt Orange \u2013 a long-sleeved blouse for the biggest fans of the CarPro brand.<\/p>\n<p>Show everyone that you choose the best detailing products and do it with style! Carry it to your detailing studio and inform your clients about all the necessary precautions and tips on how to deal with a real detailer.<\/p>\n<p>Size: XXL<\/p>\n<p>Color: black and orange<\/p>","protected":false},"excerpt":{"rendered":"<p>CarPro Long\u00a0Shirt\u00a0Orange \u2013 to bluzka z d\u0142ugim r\u0119kawem dla najwi\u0119kszych fan\u00f3w marki CarPro. Poka\u017c wszystkim, \u017ce wybierasz najlepsze produkty do detailingu i robisz to w dobrym stylu! No\u015b j\u0105 swoim studiu detailingowym i poinformuj klient\u00f3w o wszystkich niezb\u0119dnych \u015brodkach ostro\u017cno\u015bci i wskaz\u00f3wkach, jak radzi\u0107 sobie z prawdziwym detailerem. Rozmiar: XXL Kolor: czarno-pomara\u0144czowy<\/p>","protected":false},"featured_media":1842957,"comment_status":"open","ping_status":"open","template":"","meta":{"neve_meta_sidebar":"","neve_meta_container":"","neve_meta_enable_content_width":"","neve_meta_content_width":0,"neve_meta_title_alignment":"","neve_meta_author_avatar":"","neve_post_elements_order":"","neve_meta_disable_header":"","neve_meta_disable_footer":"","neve_meta_disable_title":"","_themeisle_gutenberg_block_has_review":false},"product_brand":[],"product_cat":[757,862,811],"product_tag":[275],"class_list":{"0":"post-1917311","1":"product","2":"type-product","3":"status-publish","4":"has-post-thumbnail","6":"product_cat-akcesoria","7":"product_cat-gadzety","8":"product_cat-pozostale-akcesoria","9":"product_tag-carpro","11":"first","12":"outofstock","13":"taxable","14":"shipping-taxable","15":"purchasable","16":"product-type-simple"},"_links":{"self":[{"href":"https:\/\/liquidmaster.pl\/en\/wp-json\/wp\/v2\/product\/1917311","targetHints":{"allow":["GET"]}}],"collection":[{"href":"https:\/\/liquidmaster.pl\/en\/wp-json\/wp\/v2\/product"}],"about":[{"href":"https:\/\/liquidmaster.pl\/en\/wp-json\/wp\/v2\/types\/product"}],"replies":[{"embeddable":true,"href":"https:\/\/liquidmaster.pl\/en\/wp-json\/wp\/v2\/comments?post=1917311"}],"wp:featuredmedia":[{"embeddable":true,"href":"https:\/\/liquidmaster.pl\/en\/wp-json\/wp\/v2\/media\/1842957"}],"wp:attachment":[{"href":"https:\/\/liquidmaster.pl\/en\/wp-json\/wp\/v2\/media?parent=1917311"}],"wp:term":[{"taxonomy":"product_brand","embeddable":true,"href":"https:\/\/liquidmaster.pl\/en\/wp-json\/wp\/v2\/product_brand?post=1917311"},{"taxonomy":"product_cat","embeddable":true,"href":"https:\/\/liquidmaster.pl\/en\/wp-json\/wp\/v2\/product_cat?post=1917311"},{"taxonomy":"product_tag","embeddable":true,"href":"https:\/\/liquidmaster.pl\/en\/wp-json\/wp\/v2\/product_tag?post=1917311"}],"curies":[{"name":"wp","href":"https:\/\/api.w.org\/{rel}","templated":true}]}}