{"id":1917266,"date":"2025-09-08T09:46:07","date_gmt":"2025-09-08T07:46:07","guid":{"rendered":"https:\/\/liquidmaster.pl\/meguiars-metal-polish-170g-pasta-do-polerowania-metalu\/"},"modified":"2026-04-20T08:33:00","modified_gmt":"2026-04-20T06:33:00","slug":"meguiars-metal-polish-170g-pasta-do-polerowania-metalu","status":"publish","type":"product","link":"https:\/\/liquidmaster.pl\/en\/meguiars-metal-polish-170g-pasta-do-polerowania-metalu\/","title":{"rendered":"Meguiar&#039;s Metal Polish 170g \u2013 metal polishing paste"},"content":{"rendered":"<p>Meguiar\u2019s Metal Polish to idealne rozwi\u0105zanie do polerowania i renowacji nielakierowanych metalowych element\u00f3w na twoim samochodzie, ci\u0119\u017car\u00f3wce, motocyklu lub \u0142odzi. Specjalnie opracowana pasta szybko usuwa oksydacje, drobne zarysowania, plamy i naloty, kt\u00f3re zmniejszaj\u0105 po\u0142ysk i blask. Specjalistyczne zwi\u0105zki poleruj\u0105ce czyszcz\u0105 bez zarysowa\u0144, pozostawiaj\u0105c powierzchnie o jasnym, lustrzanym po\u0142ysku. Nak\u0142adaj r\u0119cznie, za pomoc\u0105 wiertarki i filcu lub g\u0105bki polerskiej, aby uzyska\u0107 doskona\u0142\u0105 przejrzysto\u015b\u0107 i po\u0142ysk na wszystkich nielakierowanych metalach, w tym na chromie i polerowanym aluminium.<\/p>\n<ul>\n<li>Bezpiecznie i skutecznie czy\u015bci wszystkie nielakierowane metale, w tym chrom i aluminium<\/li>\n<li>Formu\u0142a czy\u015bci i poleruje bez zarysowa\u0144, pozostawiaj\u0105c wspania\u0142y, lustrzany po\u0142ysk<\/li>\n<li>Szybko i \u0142atwo usuwa utlenienia, drobne zarysowania, plamy i naloty, zapewniaj\u0105c przejrzysto\u015b\u0107 i po\u0142ysk<\/li>\n<li>Idealna do przywracania po\u0142ysku nielakierowanym metalom na samochodach, \u0142odziach, motocyklach i nie tylko!<\/li>\n<\/ul>\n<p>HOW TO USE:<\/p>\n<li>Na\u0142\u00f3\u017c niewielk\u0105 ilo\u015b\u0107 pasty na powierzchni\u0119 za pomoc\u0105 czystego, 100% bawe\u0142nianego r\u0119cznika frotte lub aplikatora piankowego.<\/li>\n<li>Mocne wcieranie nie jest konieczne. \u0141agodnie i dok\u0142adnie wetrzyj past\u0119 w metalow\u0105 powierzchni\u0119.<\/li>\n<li>Pasta robi spektakularny efekt na polerowanym aluminium i chromie! Nie zalecana do poz\u0142acanych, anodowanych, lakierowanych lub powlekanych powierzchni.<\/li>\n<p>Pojemno\u015b\u0107 170 g<\/p>\n<p>\u00a0<\/p>","protected":false},"excerpt":{"rendered":"<p>Meguiar\u2019s Metal Polish to idealne rozwi\u0105zanie do polerowania i renowacji nielakierowanych metalowych element\u00f3w na twoim samochodzie, ci\u0119\u017car\u00f3wce, motocyklu lub \u0142odzi. Specjalnie opracowana pasta szybko usuwa oksydacje, drobne zarysowania, plamy i naloty, kt\u00f3re zmniejszaj\u0105 po\u0142ysk i blask. Specjalistyczne zwi\u0105zki poleruj\u0105ce czyszcz\u0105 bez zarysowa\u0144, pozostawiaj\u0105c powierzchnie o jasnym, lustrzanym po\u0142ysku. Nak\u0142adaj r\u0119cznie, za pomoc\u0105 wiertarki i filcu&hellip;&nbsp;<a href=\"https:\/\/liquidmaster.pl\/en\/meguiars-metal-polish-170g-pasta-do-polerowania-metalu\/\" rel=\"bookmark\">Read More \u00bb<span class=\"screen-reader-text\">Meguiar&#039;s Metal Polish 170g \u2013 metal polishing paste<\/span><\/a><\/p>","protected":false},"featured_media":1917268,"comment_status":"open","ping_status":"open","template":"","meta":{"neve_meta_sidebar":"","neve_meta_container":"","neve_meta_enable_content_width":"","neve_meta_content_width":0,"neve_meta_title_alignment":"","neve_meta_author_avatar":"","neve_post_elements_order":"","neve_meta_disable_header":"","neve_meta_disable_footer":"","neve_meta_disable_title":"","_themeisle_gutenberg_block_has_review":false},"product_brand":[],"product_cat":[836,733,837],"product_tag":[322],"class_list":{"0":"post-1917266","1":"product","2":"type-product","3":"status-publish","4":"has-post-thumbnail","6":"product_cat-elementy-metalowe","7":"product_cat-na-zewnatrz","8":"product_cat-polerowanie-metalu","9":"product_tag-meguiars","11":"first","12":"instock","13":"taxable","14":"shipping-taxable","15":"purchasable","16":"product-type-simple"},"_links":{"self":[{"href":"https:\/\/liquidmaster.pl\/en\/wp-json\/wp\/v2\/product\/1917266","targetHints":{"allow":["GET"]}}],"collection":[{"href":"https:\/\/liquidmaster.pl\/en\/wp-json\/wp\/v2\/product"}],"about":[{"href":"https:\/\/liquidmaster.pl\/en\/wp-json\/wp\/v2\/types\/product"}],"replies":[{"embeddable":true,"href":"https:\/\/liquidmaster.pl\/en\/wp-json\/wp\/v2\/comments?post=1917266"}],"wp:featuredmedia":[{"embeddable":true,"href":"https:\/\/liquidmaster.pl\/en\/wp-json\/wp\/v2\/media\/1917268"}],"wp:attachment":[{"href":"https:\/\/liquidmaster.pl\/en\/wp-json\/wp\/v2\/media?parent=1917266"}],"wp:term":[{"taxonomy":"product_brand","embeddable":true,"href":"https:\/\/liquidmaster.pl\/en\/wp-json\/wp\/v2\/product_brand?post=1917266"},{"taxonomy":"product_cat","embeddable":true,"href":"https:\/\/liquidmaster.pl\/en\/wp-json\/wp\/v2\/product_cat?post=1917266"},{"taxonomy":"product_tag","embeddable":true,"href":"https:\/\/liquidmaster.pl\/en\/wp-json\/wp\/v2\/product_tag?post=1917266"}],"curies":[{"name":"wp","href":"https:\/\/api.w.org\/{rel}","templated":true}]}}