{"id":1917263,"date":"2025-09-08T09:44:07","date_gmt":"2025-09-08T07:44:07","guid":{"rendered":"https:\/\/liquidmaster.pl\/geko-stolek-warsztatowy-obrotowy-z-polka\/"},"modified":"2026-04-18T04:51:40","modified_gmt":"2026-04-18T02:51:40","slug":"geko-stolek-warsztatowy-obrotowy-z-polka","status":"publish","type":"product","link":"https:\/\/liquidmaster.pl\/en\/geko-stolek-warsztatowy-obrotowy-z-polka\/","title":{"rendered":"GEKO Swivel work stool with shelf"},"content":{"rendered":"<p>Product features:<\/p>\n<ul>\n<li>durable steel construction<\/li>\n<li>4 fully steerable wheels<\/li>\n<li>swivel seat with adjustable height<\/li>\n<li>large shelf for tools<\/li>\n<li>fully padded seat<\/li>\n<li>maximum load capacity 136 kg<\/li>\n<\/ul>\n<p>Technical data<\/p>\n<ul>\n<li>Stool height: 425 \u2013 540 mm<\/li>\n<li>Pillow diameter: 300 mm<\/li>\n<li>Shelf diameter: 400 mm<\/li>\n<li>Maximum load: 136 kg<\/li>\n<li>Wheel diameter: 60 mm<\/li>\n<li>Additional information: 4 360\u00b0 rotating wheels<\/li>\n<\/ul>","protected":false},"excerpt":{"rendered":"<p>Cechy produktu: wytrzyma\u0142a stalowa konstrukcja 4 w pe\u0142nik skr\u0119tne ko\u0142a obrotowe siedzisko z mo\u017cliwo\u015bci\u0105 regulacji wysoko\u015bci du\u017ca p\u00f3\u0142ka na narz\u0119dzia w pe\u0142ni wy\u015bcie\u0142ane siedlisko ud\u017awig maksymalny 136 kg Dane techniczne Wysoko\u015b\u0107 sto\u0142ka: 425 &#8211; 540 mm \u015arednica poduszki: 300 mm \u015arednica p\u00f3\u0142ki: 400 mm Maksymalne obci\u0105\u017cenie: 136 kg \u015arednica k\u00f3\u0142ek: 60 mm Informacje dodatkowe: 4&hellip;&nbsp;<a href=\"https:\/\/liquidmaster.pl\/en\/geko-stolek-warsztatowy-obrotowy-z-polka\/\" rel=\"bookmark\">Read More \u00bb<span class=\"screen-reader-text\">GEKO Swivel work stool with shelf<\/span><\/a><\/p>","protected":false},"featured_media":1917265,"comment_status":"open","ping_status":"open","template":"","meta":{"neve_meta_sidebar":"","neve_meta_container":"","neve_meta_enable_content_width":"","neve_meta_content_width":0,"neve_meta_title_alignment":"","neve_meta_author_avatar":"","neve_post_elements_order":"","neve_meta_disable_header":"","neve_meta_disable_footer":"","neve_meta_disable_title":"","_themeisle_gutenberg_block_has_review":false},"product_brand":[],"product_cat":[757,839,811],"product_tag":[345],"class_list":{"0":"post-1917263","1":"product","2":"type-product","3":"status-publish","4":"has-post-thumbnail","6":"product_cat-akcesoria","7":"product_cat-bezpieczenstwo-i-higiena-pracy","8":"product_cat-pozostale-akcesoria","9":"product_tag-pozostali","11":"first","12":"instock","13":"taxable","14":"shipping-taxable","15":"purchasable","16":"product-type-simple"},"_links":{"self":[{"href":"https:\/\/liquidmaster.pl\/en\/wp-json\/wp\/v2\/product\/1917263","targetHints":{"allow":["GET"]}}],"collection":[{"href":"https:\/\/liquidmaster.pl\/en\/wp-json\/wp\/v2\/product"}],"about":[{"href":"https:\/\/liquidmaster.pl\/en\/wp-json\/wp\/v2\/types\/product"}],"replies":[{"embeddable":true,"href":"https:\/\/liquidmaster.pl\/en\/wp-json\/wp\/v2\/comments?post=1917263"}],"wp:featuredmedia":[{"embeddable":true,"href":"https:\/\/liquidmaster.pl\/en\/wp-json\/wp\/v2\/media\/1917265"}],"wp:attachment":[{"href":"https:\/\/liquidmaster.pl\/en\/wp-json\/wp\/v2\/media?parent=1917263"}],"wp:term":[{"taxonomy":"product_brand","embeddable":true,"href":"https:\/\/liquidmaster.pl\/en\/wp-json\/wp\/v2\/product_brand?post=1917263"},{"taxonomy":"product_cat","embeddable":true,"href":"https:\/\/liquidmaster.pl\/en\/wp-json\/wp\/v2\/product_cat?post=1917263"},{"taxonomy":"product_tag","embeddable":true,"href":"https:\/\/liquidmaster.pl\/en\/wp-json\/wp\/v2\/product_tag?post=1917263"}],"curies":[{"name":"wp","href":"https:\/\/api.w.org\/{rel}","templated":true}]}}