{"id":1917242,"date":"2025-09-08T09:22:08","date_gmt":"2025-09-08T07:22:08","guid":{"rendered":"https:\/\/liquidmaster.pl\/koch-chemie-gabka-fine-cut-zolta-150mm-gabka-polerska-srednio-twarda\/"},"modified":"2026-04-18T04:51:36","modified_gmt":"2026-04-18T02:51:36","slug":"koch-chemie-gabka-fine-cut-zolta-150mm-gabka-polerska-srednio-twarda","status":"publish","type":"product","link":"https:\/\/liquidmaster.pl\/en\/koch-chemie-gabka-fine-cut-zolta-150mm-gabka-polerska-srednio-twarda\/","title":{"rendered":"Koch Chemie G\u0105bka Fine Cut \u017b\u00f3\u0142ta 150mm &#8211; g\u0105bka polerska \u015brednio twarda"},"content":{"rendered":"<p>A medium-hard sanding sponge for removing moderately weathered surfaces and scratches using Fine Cut. At just 25 mm in height, it produces lower deformation forces, provides comfortable work, and offers superior stability. The exceptional density of the sponge&#039;s material ensures it remains hard even during polishing. Its reticulated (foam) structure and appropriate porosity ensure greater durability and a high degree of cleanliness. Milled edges increase the polishing pad&#039;s flexibility, allowing for better adaptation to the shape of the polished object. The material&#039;s color, matching the polish, enhances process safety.<\/p>\n<p>Rozmiar 150 mm<\/p>","protected":false},"excerpt":{"rendered":"<p>G\u0105bka do szlifowania, \u015brednio twarda, do usuwania \u015brednio zwietrza\u0142ych element\u00f3w i zarysowa\u0144 z wykorzystaniem Fine Cut. Zaledwie 25 mm wysoko\u015bci zapewnia powstawanie ni\u017cszych si\u0142 deformuj\u0105cych, bardzo wygodn\u0105 prac\u0119 i najwy\u017csz\u0105 stabilno\u015b\u0107. Wyj\u0105tkowa g\u0119sto\u015b\u0107 materia\u0142u, z kt\u00f3rego wykonana jest g\u0105bka, zapewnia zachowanie twardo\u015bci nawet podczas polerowania. Dzi\u0119ki siatkowatej (piankowej) strukturze i odpowiedniej porowato\u015bci zostaj\u0105 zapewnione wi\u0119ksza&hellip;&nbsp;<a href=\"https:\/\/liquidmaster.pl\/en\/koch-chemie-gabka-fine-cut-zolta-150mm-gabka-polerska-srednio-twarda\/\" rel=\"bookmark\">Read More \u00bb<span class=\"screen-reader-text\">Koch Chemie G\u0105bka Fine Cut \u017b\u00f3\u0142ta 150mm &#8211; g\u0105bka polerska \u015brednio twarda<\/span><\/a><\/p>","protected":false},"featured_media":1917244,"comment_status":"open","ping_status":"open","template":"","meta":{"neve_meta_sidebar":"","neve_meta_container":"","neve_meta_enable_content_width":"","neve_meta_content_width":0,"neve_meta_title_alignment":"","neve_meta_author_avatar":"","neve_post_elements_order":"","neve_meta_disable_header":"","neve_meta_disable_footer":"","neve_meta_disable_title":"","_themeisle_gutenberg_block_has_review":false},"product_brand":[],"product_cat":[823,822,748],"product_tag":[313],"class_list":{"0":"post-1917242","1":"product","2":"type-product","3":"status-publish","4":"has-post-thumbnail","6":"product_cat-gabki-polerskie","7":"product_cat-pady-polerskie","8":"product_cat-polerowanie","9":"product_tag-koch-chemie","11":"first","12":"instock","13":"taxable","14":"shipping-taxable","15":"purchasable","16":"product-type-simple"},"_links":{"self":[{"href":"https:\/\/liquidmaster.pl\/en\/wp-json\/wp\/v2\/product\/1917242","targetHints":{"allow":["GET"]}}],"collection":[{"href":"https:\/\/liquidmaster.pl\/en\/wp-json\/wp\/v2\/product"}],"about":[{"href":"https:\/\/liquidmaster.pl\/en\/wp-json\/wp\/v2\/types\/product"}],"replies":[{"embeddable":true,"href":"https:\/\/liquidmaster.pl\/en\/wp-json\/wp\/v2\/comments?post=1917242"}],"wp:featuredmedia":[{"embeddable":true,"href":"https:\/\/liquidmaster.pl\/en\/wp-json\/wp\/v2\/media\/1917244"}],"wp:attachment":[{"href":"https:\/\/liquidmaster.pl\/en\/wp-json\/wp\/v2\/media?parent=1917242"}],"wp:term":[{"taxonomy":"product_brand","embeddable":true,"href":"https:\/\/liquidmaster.pl\/en\/wp-json\/wp\/v2\/product_brand?post=1917242"},{"taxonomy":"product_cat","embeddable":true,"href":"https:\/\/liquidmaster.pl\/en\/wp-json\/wp\/v2\/product_cat?post=1917242"},{"taxonomy":"product_tag","embeddable":true,"href":"https:\/\/liquidmaster.pl\/en\/wp-json\/wp\/v2\/product_tag?post=1917242"}],"curies":[{"name":"wp","href":"https:\/\/api.w.org\/{rel}","templated":true}]}}