{"id":1917239,"date":"2025-09-08T09:20:09","date_gmt":"2025-09-08T07:20:09","guid":{"rendered":"https:\/\/liquidmaster.pl\/koch-chemie-gabka-one-cut-pomaranczowa-76mm-gabka-polerska-srednio-twarda\/"},"modified":"2026-04-18T04:51:35","modified_gmt":"2026-04-18T02:51:35","slug":"koch-chemie-gabka-one-cut-pomaranczowa-76mm-gabka-polerska-srednio-twarda","status":"publish","type":"product","link":"https:\/\/liquidmaster.pl\/en\/koch-chemie-gabka-one-cut-pomaranczowa-76mm-gabka-polerska-srednio-twarda\/","title":{"rendered":"Koch Chemie G\u0105bka One Cut Pomara\u0144czowa 76mm &#8211; g\u0105bka polerska \u015brednio twarda"},"content":{"rendered":"<p>G\u0105bka do szlifowania, \u015brednio twarda, do usuwania \u015brednio zwietrza\u0142ych element\u00f3w i zarysowa\u0144 z wykorzystaniem One Cut and Finish. Zaledwie 25 mm wysoko\u015bci zapewnia powstawanie ni\u017cszych si\u0142 deformuj\u0105cych, bardzo wygodn\u0105 prac\u0119 i najwy\u017csz\u0105 stabilno\u015b\u0107. Wyj\u0105tkowa g\u0119sto\u015b\u0107 materia\u0142u, z kt\u00f3rego wykonana jest g\u0105bka, zapewnia zachowanie twardo\u015bci nawet podczas polerowania. Dzi\u0119ki siatkowatej (piankowej) strukturze i odpowiedniej porowato\u015bci zostaj\u0105 zapewnione wi\u0119ksza trwa\u0142o\u015b\u0107 oraz wysoki stopie\u0144 czysto\u015bci. Frezowane kraw\u0119dzie zwi\u0119kszaj\u0105 elastyczno\u015b\u0107 padu polerskiego, co pozwala na lepsze dopasowanie si\u0119 do kszta\u0142tu polerowanego przedmiotu. Kolor materia\u0142u dopasowany do politury zwi\u0119ksza bezpiecze\u0144stwo proces\u00f3w.<\/p>\n<p>Rozmiar 76 mm<\/p>","protected":false},"excerpt":{"rendered":"<p>G\u0105bka do szlifowania, \u015brednio twarda, do usuwania \u015brednio zwietrza\u0142ych element\u00f3w i zarysowa\u0144 z wykorzystaniem One Cut and Finish. Zaledwie 25 mm wysoko\u015bci zapewnia powstawanie ni\u017cszych si\u0142 deformuj\u0105cych, bardzo wygodn\u0105 prac\u0119 i najwy\u017csz\u0105 stabilno\u015b\u0107. Wyj\u0105tkowa g\u0119sto\u015b\u0107 materia\u0142u, z kt\u00f3rego wykonana jest g\u0105bka, zapewnia zachowanie twardo\u015bci nawet podczas polerowania. Dzi\u0119ki siatkowatej (piankowej) strukturze i odpowiedniej porowato\u015bci zostaj\u0105&hellip;&nbsp;<a href=\"https:\/\/liquidmaster.pl\/en\/koch-chemie-gabka-one-cut-pomaranczowa-76mm-gabka-polerska-srednio-twarda\/\" rel=\"bookmark\">Read More \u00bb<span class=\"screen-reader-text\">Koch Chemie G\u0105bka One Cut Pomara\u0144czowa 76mm &#8211; g\u0105bka polerska \u015brednio twarda<\/span><\/a><\/p>","protected":false},"featured_media":1917241,"comment_status":"open","ping_status":"open","template":"","meta":{"neve_meta_sidebar":"","neve_meta_container":"","neve_meta_enable_content_width":"","neve_meta_content_width":0,"neve_meta_title_alignment":"","neve_meta_author_avatar":"","neve_post_elements_order":"","neve_meta_disable_header":"","neve_meta_disable_footer":"","neve_meta_disable_title":"","_themeisle_gutenberg_block_has_review":false},"product_brand":[],"product_cat":[823,822,748],"product_tag":[313],"class_list":{"0":"post-1917239","1":"product","2":"type-product","3":"status-publish","4":"has-post-thumbnail","6":"product_cat-gabki-polerskie","7":"product_cat-pady-polerskie","8":"product_cat-polerowanie","9":"product_tag-koch-chemie","11":"first","12":"instock","13":"taxable","14":"shipping-taxable","15":"purchasable","16":"product-type-simple"},"_links":{"self":[{"href":"https:\/\/liquidmaster.pl\/en\/wp-json\/wp\/v2\/product\/1917239","targetHints":{"allow":["GET"]}}],"collection":[{"href":"https:\/\/liquidmaster.pl\/en\/wp-json\/wp\/v2\/product"}],"about":[{"href":"https:\/\/liquidmaster.pl\/en\/wp-json\/wp\/v2\/types\/product"}],"replies":[{"embeddable":true,"href":"https:\/\/liquidmaster.pl\/en\/wp-json\/wp\/v2\/comments?post=1917239"}],"wp:featuredmedia":[{"embeddable":true,"href":"https:\/\/liquidmaster.pl\/en\/wp-json\/wp\/v2\/media\/1917241"}],"wp:attachment":[{"href":"https:\/\/liquidmaster.pl\/en\/wp-json\/wp\/v2\/media?parent=1917239"}],"wp:term":[{"taxonomy":"product_brand","embeddable":true,"href":"https:\/\/liquidmaster.pl\/en\/wp-json\/wp\/v2\/product_brand?post=1917239"},{"taxonomy":"product_cat","embeddable":true,"href":"https:\/\/liquidmaster.pl\/en\/wp-json\/wp\/v2\/product_cat?post=1917239"},{"taxonomy":"product_tag","embeddable":true,"href":"https:\/\/liquidmaster.pl\/en\/wp-json\/wp\/v2\/product_tag?post=1917239"}],"curies":[{"name":"wp","href":"https:\/\/api.w.org\/{rel}","templated":true}]}}