{"id":1917236,"date":"2025-09-08T07:56:07","date_gmt":"2025-09-08T05:56:07","guid":{"rendered":"https:\/\/liquidmaster.pl\/detailing-house-textilpro-szczotka-do-tapicerki\/"},"modified":"2026-04-18T04:51:17","modified_gmt":"2026-04-18T02:51:17","slug":"detailing-house-textilpro-szczotka-do-tapicerki","status":"publish","type":"product","link":"https:\/\/liquidmaster.pl\/en\/detailing-house-textilpro-szczotka-do-tapicerki\/","title":{"rendered":"Detailing House TextilPro \u2013 Upholstery Brush"},"content":{"rendered":"<p>Szczotka\u00a0TextilPro to wysokiej jako\u015bci, profesjonalna szczotka stworzona z my\u015bl\u0105 o efektywnym rozprowadzaniu prespray\u00f3w i odplamiaczy na tapicerkach samochodowych oraz meblowych.<br \/>\nWyposa\u017cona w d\u0142ugi, ergonomiczny uchwyt, zapewnia komfort pracy i \u0142atwy dost\u0119p nawet do trudno dost\u0119pnych miejsc.<\/p>\n<p>The most important features:<\/p>\n<ul>\n<li>Trwa\u0142e w\u0142osie poliamidowe \u2013 spr\u0119\u017cyste, wracaj\u0105ce do pierwotnego kszta\u0142tu, idealnie dopasowuje si\u0119 do struktury czyszczonego materia\u0142u.<\/li>\n<li>6 rz\u0119d\u00f3w g\u0119stego w\u0142osia dla maksymalnej skuteczno\u015bci czyszczenia.<\/li>\n<li>Bezpieczna dla delikatnych tkanin \u2013 \u0142agodne ko\u0144c\u00f3wki w\u0142\u00f3kien minimalizuj\u0105 ryzyko uszkodze\u0144 weluru, zamszu, alcantary czy tapicerki z fr\u0119dzlami.<\/li>\n<li>Zaoblone boki chroni\u0105 powierzchni\u0119 przed zarysowaniami.<\/li>\n<li>Wy\u017csza odporno\u015b\u0107 na \u015bcieranie ni\u017c w przypadku standardowych szczotek \u2013 d\u0142u\u017csza \u017cywotno\u015b\u0107 produktu.<\/li>\n<li>Optymalna wysoko\u015b\u0107 w\u0142osia i ilo\u015b\u0107 p\u0119czk\u00f3w dla najlepszych efekt\u00f3w czyszczenia.<\/li>\n<li>Lakier bezbarwny \u2013 dodatkowa ochrona i estetyczny wygl\u0105d.<\/li>\n<\/ul>\n<p>Dzi\u0119ki swojej konstrukcji szczotka\u00a0TextilPro to wyb\u00f3r zar\u00f3wno dla profesjonalist\u00f3w, jak i pasjonat\u00f3w detailingu, kt\u00f3rzy oczekuj\u0105 najwy\u017cszej skuteczno\u015bci i bezpiecze\u0144stwa pracy.<\/p>","protected":false},"excerpt":{"rendered":"<p>Szczotka\u00a0TextilPro to wysokiej jako\u015bci, profesjonalna szczotka stworzona z my\u015bl\u0105 o efektywnym rozprowadzaniu prespray\u00f3w i odplamiaczy na tapicerkach samochodowych oraz meblowych. Wyposa\u017cona w d\u0142ugi, ergonomiczny uchwyt, zapewnia komfort pracy i \u0142atwy dost\u0119p nawet do trudno dost\u0119pnych miejsc. Najwa\u017cniejsze cechy: Trwa\u0142e w\u0142osie poliamidowe \u2013 spr\u0119\u017cyste, wracaj\u0105ce do pierwotnego kszta\u0142tu, idealnie dopasowuje si\u0119 do struktury czyszczonego materia\u0142u. 6&hellip;&nbsp;<a href=\"https:\/\/liquidmaster.pl\/en\/detailing-house-textilpro-szczotka-do-tapicerki\/\" rel=\"bookmark\">Read More \u00bb<span class=\"screen-reader-text\">Detailing House TextilPro \u2013 Upholstery Brush<\/span><\/a><\/p>","protected":false},"featured_media":1917238,"comment_status":"open","ping_status":"open","template":"","meta":{"neve_meta_sidebar":"","neve_meta_container":"","neve_meta_enable_content_width":"","neve_meta_content_width":0,"neve_meta_title_alignment":"","neve_meta_author_avatar":"","neve_post_elements_order":"","neve_meta_disable_header":"","neve_meta_disable_footer":"","neve_meta_disable_title":"","_themeisle_gutenberg_block_has_review":false},"product_brand":[],"product_cat":[799,800,768],"product_tag":[286],"class_list":{"0":"post-1917236","1":"product","2":"type-product","3":"status-publish","4":"has-post-thumbnail","6":"product_cat-narzedzia-i-akcesoria","7":"product_cat-szczotki-pedzelki-i-narzedzia","8":"product_cat-wnetrze-auta","9":"product_tag-detailing-house","11":"first","12":"instock","13":"taxable","14":"shipping-taxable","15":"purchasable","16":"product-type-simple"},"_links":{"self":[{"href":"https:\/\/liquidmaster.pl\/en\/wp-json\/wp\/v2\/product\/1917236","targetHints":{"allow":["GET"]}}],"collection":[{"href":"https:\/\/liquidmaster.pl\/en\/wp-json\/wp\/v2\/product"}],"about":[{"href":"https:\/\/liquidmaster.pl\/en\/wp-json\/wp\/v2\/types\/product"}],"replies":[{"embeddable":true,"href":"https:\/\/liquidmaster.pl\/en\/wp-json\/wp\/v2\/comments?post=1917236"}],"wp:featuredmedia":[{"embeddable":true,"href":"https:\/\/liquidmaster.pl\/en\/wp-json\/wp\/v2\/media\/1917238"}],"wp:attachment":[{"href":"https:\/\/liquidmaster.pl\/en\/wp-json\/wp\/v2\/media?parent=1917236"}],"wp:term":[{"taxonomy":"product_brand","embeddable":true,"href":"https:\/\/liquidmaster.pl\/en\/wp-json\/wp\/v2\/product_brand?post=1917236"},{"taxonomy":"product_cat","embeddable":true,"href":"https:\/\/liquidmaster.pl\/en\/wp-json\/wp\/v2\/product_cat?post=1917236"},{"taxonomy":"product_tag","embeddable":true,"href":"https:\/\/liquidmaster.pl\/en\/wp-json\/wp\/v2\/product_tag?post=1917236"}],"curies":[{"name":"wp","href":"https:\/\/api.w.org\/{rel}","templated":true}]}}