{"id":1917230,"date":"2025-09-08T07:52:07","date_gmt":"2025-09-08T05:52:07","guid":{"rendered":"https:\/\/liquidmaster.pl\/detailing-house-professional-40x40-mango\/"},"modified":"2026-04-18T04:51:16","modified_gmt":"2026-04-18T02:51:16","slug":"detailing-house-professional-40x40-mango","status":"publish","type":"product","link":"https:\/\/liquidmaster.pl\/en\/detailing-house-professional-40x40-mango\/","title":{"rendered":"Detailing House Professional 40\u00d740 Mango"},"content":{"rendered":"<p>Profesjonalna, uniwersalna mikrofibra o wymiarach 40\u00d740 cm, stworzona do efektywnego docierania past polerskich, pow\u0142ok ochronnych, wosk\u00f3w i quick detailer\u00f3w, a tak\u017ce czyszczenia element\u00f3w plastikowych we wn\u0119trzu oraz piel\u0119gnacji felg.<\/p>\n<p>Dzi\u0119ki wi\u0119kszemu rozmiarowi w por\u00f3wnaniu do standardowych zapewnia wi\u0119ksz\u0105 powierzchni\u0119 robocz\u0105 i jeszcze szybsz\u0105 prac\u0119. Wysokiej jako\u015bci, mi\u0119kkie w\u0142\u00f3kna s\u0105 bezpieczne dla lakieru i delikatnych powierzchni, a intensywny kolor u\u0142atwia rozr\u00f3\u017cnianie mikrofiber wed\u0142ug zastosowania.<\/p>\n<p>The most important features:<\/p>\n<ul>\n<li>Uniwersalne zastosowanie \u2013 do wn\u0119trza i zewn\u0119trznych element\u00f3w auta.<\/li>\n<li>Wysoka ch\u0142onno\u015b\u0107 \u2013 skuteczne zbieranie resztek past, wosk\u00f3w i pow\u0142ok.<\/li>\n<li>Bezpieczna dla lakieru \u2013 mi\u0119kkie w\u0142\u00f3kna minimalizuj\u0105 ryzyko zarysowa\u0144.<\/li>\n<li>Rozmiar 40\u00d740 cm \u2013 wi\u0119ksza efektywno\u015b\u0107 pracy.<\/li>\n<li>Kolor \u2013 \u0142atwa identyfikacja w\u015br\u00f3d innych mikrofiber.<\/li>\n<\/ul>\n<p>Application:<\/p>\n<ul>\n<li>Docieranie pow\u0142ok i wosk\u00f3w<\/li>\n<li>Quick Details<\/li>\n<li>Docieranie past polerskich<\/li>\n<li>Czyszczenie plastik\u00f3w wewn\u0119trznych<\/li>\n<li>Felgi<\/li>\n<\/ul>","protected":false},"excerpt":{"rendered":"<p>Profesjonalna, uniwersalna mikrofibra o wymiarach 40\u00d740 cm, stworzona do efektywnego docierania past polerskich, pow\u0142ok ochronnych, wosk\u00f3w i quick detailer\u00f3w, a tak\u017ce czyszczenia element\u00f3w plastikowych we wn\u0119trzu oraz piel\u0119gnacji felg. Dzi\u0119ki wi\u0119kszemu rozmiarowi w por\u00f3wnaniu do standardowych zapewnia wi\u0119ksz\u0105 powierzchni\u0119 robocz\u0105 i jeszcze szybsz\u0105 prac\u0119. Wysokiej jako\u015bci, mi\u0119kkie w\u0142\u00f3kna s\u0105 bezpieczne dla lakieru i delikatnych powierzchni,&hellip;&nbsp;<a href=\"https:\/\/liquidmaster.pl\/en\/detailing-house-professional-40x40-mango\/\" rel=\"bookmark\">Read More \u00bb<span class=\"screen-reader-text\">Detailing House Professional 40\u00d740 Mango<\/span><\/a><\/p>","protected":false},"featured_media":1917232,"comment_status":"open","ping_status":"open","template":"","meta":{"neve_meta_sidebar":"","neve_meta_container":"","neve_meta_enable_content_width":"","neve_meta_content_width":0,"neve_meta_title_alignment":"","neve_meta_author_avatar":"","neve_post_elements_order":"","neve_meta_disable_header":"","neve_meta_disable_footer":"","neve_meta_disable_title":"","_themeisle_gutenberg_block_has_review":false},"product_brand":[],"product_cat":[757,758,798],"product_tag":[286],"class_list":{"0":"post-1917230","1":"product","2":"type-product","3":"status-publish","4":"has-post-thumbnail","6":"product_cat-akcesoria","7":"product_cat-mikrofibry-i-reczniki","8":"product_cat-uniwersalne","9":"product_tag-detailing-house","11":"first","12":"instock","13":"taxable","14":"shipping-taxable","15":"purchasable","16":"product-type-simple"},"_links":{"self":[{"href":"https:\/\/liquidmaster.pl\/en\/wp-json\/wp\/v2\/product\/1917230","targetHints":{"allow":["GET"]}}],"collection":[{"href":"https:\/\/liquidmaster.pl\/en\/wp-json\/wp\/v2\/product"}],"about":[{"href":"https:\/\/liquidmaster.pl\/en\/wp-json\/wp\/v2\/types\/product"}],"replies":[{"embeddable":true,"href":"https:\/\/liquidmaster.pl\/en\/wp-json\/wp\/v2\/comments?post=1917230"}],"wp:featuredmedia":[{"embeddable":true,"href":"https:\/\/liquidmaster.pl\/en\/wp-json\/wp\/v2\/media\/1917232"}],"wp:attachment":[{"href":"https:\/\/liquidmaster.pl\/en\/wp-json\/wp\/v2\/media?parent=1917230"}],"wp:term":[{"taxonomy":"product_brand","embeddable":true,"href":"https:\/\/liquidmaster.pl\/en\/wp-json\/wp\/v2\/product_brand?post=1917230"},{"taxonomy":"product_cat","embeddable":true,"href":"https:\/\/liquidmaster.pl\/en\/wp-json\/wp\/v2\/product_cat?post=1917230"},{"taxonomy":"product_tag","embeddable":true,"href":"https:\/\/liquidmaster.pl\/en\/wp-json\/wp\/v2\/product_tag?post=1917230"}],"curies":[{"name":"wp","href":"https:\/\/api.w.org\/{rel}","templated":true}]}}