{"id":1916881,"date":"2025-09-07T01:56:07","date_gmt":"2025-09-06T23:56:07","guid":{"rendered":"https:\/\/liquidmaster.pl\/bigboi-blowr-mini-car-dryer-dmuchawa-do-bezdotykowego-osuszania-samochodu-2x1400w\/"},"modified":"2026-04-19T03:30:50","modified_gmt":"2026-04-19T01:30:50","slug":"bigboi-blowr-mini-car-dryer-dmuchawa-do-bezdotykowego-osuszania-samochodu-2x1400w","status":"publish","type":"product","link":"https:\/\/liquidmaster.pl\/en\/bigboi-blowr-mini-3\/","title":{"rendered":"BigBoi BlowR Mini+ Car Dryer \u2013 dmuchawa do bezdotykowego osuszania samochodu, 2x1400W"},"content":{"rendered":"<p>BigBoi BlowR Mini+ Car Dryer \u2013 entuzja\u015bci detailingu wiedz\u0105, \u017ce bezdotykowe metody piel\u0119gnacji pojazdu pozwalaj\u0105 zmniejszy\u0107 ryzyko zarysowania lakieru.<\/p>\n<p>BlowR Mini+ eliminuje negatywne skutki tradycyjnego osuszania za pomoc\u0105 r\u0119cznika z mikrofibry, dzi\u0119ki czemu lakier samochodu jest wolny od hologram\u00f3w i swirli, kt\u00f3re mog\u0105 powsta\u0107 podczas nieumiej\u0119tnego dotykowego suszenia.<\/p>\n<p>BlowR Mini+ wyposa\u017cony jest w dwa silniki o mocy 1400W ka\u017cdy, kt\u00f3re wykorzystuj\u0105 ogrzane i filtrowane powietrze do usuni\u0119cia wody z lakieru, metalu, szk\u0142a i chromu, zderzak\u00f3w, felg, \u015bwiate\u0142, lusterek i innych trudno dost\u0119pnych miejsc.<\/p>\n<p>BlowR Mini+ posiada dwie wymienne dysze, kt\u00f3re umo\u017cliwiaj\u0105 kierowanie powietrza do wn\u0119k i szczelin. W zestawie znajduje si\u0119 r\u00f3wnie\u017c w\u0105\u017c o d\u0142ugo\u015bci 5 m.<\/p>\n<p>Funkcja BigTechnology Temperature Technology (BTT) wykorzystuje powietrze o temperaturze (do wyboru) 15, 25 lub 45 stopni C do optymalnego suszenia i odparowania wody.<\/p>\n<p>Urz\u0105dzenie zapewnia p\u0142ynn\u0105 regulacj\u0119 pr\u0119dko\u015bci nadmuchu w zakresie od 72 do 275 km\/h.<\/p>\n<p>Dmuchawa posiada technologi\u0119 &#8222;Low Noise&#8221; z podw\u00f3jnym filtrem, redukuj\u0105c\u0105 generowany ha\u0142as.<\/p>\n<p>Specification:<\/p>\n<ul>\n<li>Warranty: 1 year<\/li>\n<li>Wymiary: 53 x 24.5 x 24 cm<\/li>\n<li>D\u0142ugo\u015b\u0107 w\u0119\u017ca: 5 m<\/li>\n<li>Technologia &#8222;low noise&#8221;<\/li>\n<li>Technologia BTT<\/li>\n<li>Regulowana pr\u0119dko\u015b\u0107 i temperatura nadmuchu<\/li>\n<li>Waga: 5,2 kg<\/li>\n<\/ul>","protected":false},"excerpt":{"rendered":"<p>BigBoi BlowR Mini+ Car Dryer \u2013 entuzja\u015bci detailingu wiedz\u0105, \u017ce bezdotykowe metody piel\u0119gnacji pojazdu pozwalaj\u0105 zmniejszy\u0107 ryzyko zarysowania lakieru. BlowR Mini+ eliminuje negatywne skutki tradycyjnego osuszania za pomoc\u0105 r\u0119cznika z mikrofibry, dzi\u0119ki czemu lakier samochodu jest wolny od hologram\u00f3w i swirli, kt\u00f3re mog\u0105 powsta\u0107 podczas nieumiej\u0119tnego dotykowego suszenia. BlowR Mini+ wyposa\u017cony jest w dwa silniki&hellip;&nbsp;<a href=\"https:\/\/liquidmaster.pl\/en\/bigboi-blowr-mini-3\/\" rel=\"bookmark\">Read More \u00bb<span class=\"screen-reader-text\">BigBoi BlowR Mini+ Car Dryer \u2013 dmuchawa do bezdotykowego osuszania samochodu, 2x1400W<\/span><\/a><\/p>","protected":false},"featured_media":1848901,"comment_status":"open","ping_status":"open","template":"","meta":{"neve_meta_sidebar":"","neve_meta_container":"","neve_meta_enable_content_width":"","neve_meta_content_width":0,"neve_meta_title_alignment":"","neve_meta_author_avatar":"","neve_post_elements_order":"","neve_meta_disable_header":"","neve_meta_disable_footer":"","neve_meta_disable_title":"","_themeisle_gutenberg_block_has_review":false},"product_brand":[],"product_cat":[734,733,821],"product_tag":[1110],"class_list":{"0":"post-1916881","1":"product","2":"type-product","3":"status-publish","4":"has-post-thumbnail","6":"product_cat-mycie-i-osuszanie","7":"product_cat-na-zewnatrz","8":"product_cat-wspomaganie-osuszania","9":"product_tag-bigboi","11":"first","12":"instock","13":"taxable","14":"shipping-taxable","15":"purchasable","16":"product-type-simple"},"_links":{"self":[{"href":"https:\/\/liquidmaster.pl\/en\/wp-json\/wp\/v2\/product\/1916881","targetHints":{"allow":["GET"]}}],"collection":[{"href":"https:\/\/liquidmaster.pl\/en\/wp-json\/wp\/v2\/product"}],"about":[{"href":"https:\/\/liquidmaster.pl\/en\/wp-json\/wp\/v2\/types\/product"}],"replies":[{"embeddable":true,"href":"https:\/\/liquidmaster.pl\/en\/wp-json\/wp\/v2\/comments?post=1916881"}],"wp:featuredmedia":[{"embeddable":true,"href":"https:\/\/liquidmaster.pl\/en\/wp-json\/wp\/v2\/media\/1848901"}],"wp:attachment":[{"href":"https:\/\/liquidmaster.pl\/en\/wp-json\/wp\/v2\/media?parent=1916881"}],"wp:term":[{"taxonomy":"product_brand","embeddable":true,"href":"https:\/\/liquidmaster.pl\/en\/wp-json\/wp\/v2\/product_brand?post=1916881"},{"taxonomy":"product_cat","embeddable":true,"href":"https:\/\/liquidmaster.pl\/en\/wp-json\/wp\/v2\/product_cat?post=1916881"},{"taxonomy":"product_tag","embeddable":true,"href":"https:\/\/liquidmaster.pl\/en\/wp-json\/wp\/v2\/product_tag?post=1916881"}],"curies":[{"name":"wp","href":"https:\/\/api.w.org\/{rel}","templated":true}]}}