{"id":1916879,"date":"2025-09-07T01:54:07","date_gmt":"2025-09-06T23:54:07","guid":{"rendered":"https:\/\/liquidmaster.pl\/bigboi-blowr-mini-car-dryer-mala-dmuchawa-do-bezdotykowego-osuszania-auta\/"},"modified":"2026-04-20T08:23:37","modified_gmt":"2026-04-20T06:23:37","slug":"bigboi-blowr-mini-car-dryer-mala-dmuchawa-do-bezdotykowego-osuszania-auta","status":"publish","type":"product","link":"https:\/\/liquidmaster.pl\/en\/bigboi-blowr-mini-2\/","title":{"rendered":"BigBoi BlowR Mini Car Dryer \u2013 ma\u0142a dmuchawa do bezdotykowego osuszania auta"},"content":{"rendered":"<p>BigBoi BlowR Mini Car Dryer \u2013 entuzja\u015bci detailingu wiedz\u0105, \u017ce bezdotykowe metody piel\u0119gnacji pojazdu pozwalaj\u0105 zmniejszy\u0107 ryzyko zarysowania lakieru.<\/p>\n<p>BigBoi BlowR Mini eliminuje negatywne skutki tradycyjnego osuszania za pomoc\u0105 r\u0119cznika z mikrofibry, dzi\u0119ki czemu lakier samochodu jest wolny od hologram\u00f3w i swirli, kt\u00f3re mog\u0105 powsta\u0107 podczas nieumiej\u0119tnego dotykowego suszenia.<\/p>\n<p>BigBoi BlowR Mini wyposa\u017cony jest w niezwykle wydajny pojedynczy silnik o mocy 3000 W, kt\u00f3ry wykorzystuje podgrzane lub ciep\u0142e, filtrowane powietrze do usuni\u0119cia wody z lakieru, metalu, szk\u0142a i chromu, zderzak\u00f3w, felg, \u015bwiate\u0142, lusterek i innych trudno dost\u0119pnych miejsc. BlowR Mini posiada dwie wymienne dysze, kt\u00f3re umo\u017cliwiaj\u0105 kierowanie powietrza do wn\u0119k i szczelin. W zestawie znajduje si\u0119 r\u00f3wnie\u017c w\u0105\u017c o d\u0142ugo\u015bci 3,5 m.<\/p>\n<p>Funkcja BigTechnology Temperature Technology (BTT) wykorzystuje powietrze o temperaturze (do wyboru) 15, 25 lub 45 stopni C do optymalnego suszenia i odparowania wody. Urz\u0105dzenie pozwala r\u00f3wnie\u017c na wyb\u00f3r pomi\u0119dzy dwoma pr\u0119dko\u015bciami podmuchu (od 72 km\/h do 220 km\/h!) w zale\u017cno\u015bci od wykonywanej czynno\u015bci.<\/p>\n<p>Dmuchawa posiada technologi\u0119 &#8222;Low Noise&#8221; z podw\u00f3jnym filtrem, redukuj\u0105c\u0105 generowany ha\u0142as.<\/p>\n<p>Wymiary: 35 x 40 x 20 cm<\/p>\n<p>Waga: 2,5 kg<\/p>","protected":false},"excerpt":{"rendered":"<p>BigBoi BlowR Mini Car Dryer \u2013 entuzja\u015bci detailingu wiedz\u0105, \u017ce bezdotykowe metody piel\u0119gnacji pojazdu pozwalaj\u0105 zmniejszy\u0107 ryzyko zarysowania lakieru. BigBoi BlowR Mini eliminuje negatywne skutki tradycyjnego osuszania za pomoc\u0105 r\u0119cznika z mikrofibry, dzi\u0119ki czemu lakier samochodu jest wolny od hologram\u00f3w i swirli, kt\u00f3re mog\u0105 powsta\u0107 podczas nieumiej\u0119tnego dotykowego suszenia. BigBoi BlowR Mini wyposa\u017cony jest w&hellip;&nbsp;<a href=\"https:\/\/liquidmaster.pl\/en\/bigboi-blowr-mini-2\/\" rel=\"bookmark\">Read More \u00bb<span class=\"screen-reader-text\">BigBoi BlowR Mini Car Dryer \u2013 ma\u0142a dmuchawa do bezdotykowego osuszania auta<\/span><\/a><\/p>","protected":false},"featured_media":1848899,"comment_status":"open","ping_status":"open","template":"","meta":{"neve_meta_sidebar":"","neve_meta_container":"","neve_meta_enable_content_width":"","neve_meta_content_width":0,"neve_meta_title_alignment":"","neve_meta_author_avatar":"","neve_post_elements_order":"","neve_meta_disable_header":"","neve_meta_disable_footer":"","neve_meta_disable_title":"","_themeisle_gutenberg_block_has_review":false},"product_brand":[],"product_cat":[734,733,821],"product_tag":[1110],"class_list":{"0":"post-1916879","1":"product","2":"type-product","3":"status-publish","4":"has-post-thumbnail","6":"product_cat-mycie-i-osuszanie","7":"product_cat-na-zewnatrz","8":"product_cat-wspomaganie-osuszania","9":"product_tag-bigboi","11":"first","12":"outofstock","13":"taxable","14":"shipping-taxable","15":"purchasable","16":"product-type-simple"},"_links":{"self":[{"href":"https:\/\/liquidmaster.pl\/en\/wp-json\/wp\/v2\/product\/1916879","targetHints":{"allow":["GET"]}}],"collection":[{"href":"https:\/\/liquidmaster.pl\/en\/wp-json\/wp\/v2\/product"}],"about":[{"href":"https:\/\/liquidmaster.pl\/en\/wp-json\/wp\/v2\/types\/product"}],"replies":[{"embeddable":true,"href":"https:\/\/liquidmaster.pl\/en\/wp-json\/wp\/v2\/comments?post=1916879"}],"wp:featuredmedia":[{"embeddable":true,"href":"https:\/\/liquidmaster.pl\/en\/wp-json\/wp\/v2\/media\/1848899"}],"wp:attachment":[{"href":"https:\/\/liquidmaster.pl\/en\/wp-json\/wp\/v2\/media?parent=1916879"}],"wp:term":[{"taxonomy":"product_brand","embeddable":true,"href":"https:\/\/liquidmaster.pl\/en\/wp-json\/wp\/v2\/product_brand?post=1916879"},{"taxonomy":"product_cat","embeddable":true,"href":"https:\/\/liquidmaster.pl\/en\/wp-json\/wp\/v2\/product_cat?post=1916879"},{"taxonomy":"product_tag","embeddable":true,"href":"https:\/\/liquidmaster.pl\/en\/wp-json\/wp\/v2\/product_tag?post=1916879"}],"curies":[{"name":"wp","href":"https:\/\/api.w.org\/{rel}","templated":true}]}}