{"id":1916877,"date":"2025-09-07T01:52:06","date_gmt":"2025-09-06T23:52:06","guid":{"rendered":"https:\/\/liquidmaster.pl\/aqua-aplikator-z-kieszonka\/"},"modified":"2026-04-19T03:30:49","modified_gmt":"2026-04-19T01:30:49","slug":"aqua-aplikator-z-kieszonka","status":"publish","type":"product","link":"https:\/\/liquidmaster.pl\/en\/aqua-aplikator-z-kieszonka\/","title":{"rendered":"AQUA Aplikator Z Kieszonk\u0105"},"content":{"rendered":"<p>Profesjonalny aplikator wykonany z mi\u0119kkiej, wysokiej jako\u015bci mikrofibry, idealny do aplikacji pow\u0142ok ochronnych na powierzchnie lakierowane samochodu. Dzi\u0119ki ergonomicznej konstrukcji i kieszonkowej formie, aplikacja jest precyzyjna i wygodna.<\/p>\n<p>Product features:<\/p>\n<ul>\n<li>Materia\u0142: Mi\u0119kka mikrofibra, delikatna dla lakieru<\/li>\n<li>Kszta\u0142t: Okr\u0105g\u0142y, \u0142atwy do trzymania i u\u017cytkowania<\/li>\n<li>Zastosowanie: Aplikacja pow\u0142ok ceramicznych, wosk\u00f3w itp.<\/li>\n<li>Szybka i ekonomiczna aplikacja: Aplikator zapewnia r\u00f3wnomierne rozprowadzanie produktu, minimalizuj\u0105c jego zu\u017cycie \u2013 ma\u0142a ilo\u015b\u0107 produktu wystarcza na pokrycie du\u017cej powierzchni.<\/li>\n<li>Wymiary: Standardowy rozmiar, dopasowany do d\u0142oni<\/li>\n<\/ul>\n<p>Idealny zar\u00f3wno dla profesjonalist\u00f3w, jak i entuzjast\u00f3w car detailingu. Doskona\u0142a absorpcja i r\u00f3wnomierne rozprowadzanie produktu gwarantuj\u0105 doskona\u0142e efekty.<\/p>","protected":false},"excerpt":{"rendered":"<p>Profesjonalny aplikator wykonany z mi\u0119kkiej, wysokiej jako\u015bci mikrofibry, idealny do aplikacji pow\u0142ok ochronnych na powierzchnie lakierowane samochodu. Dzi\u0119ki ergonomicznej konstrukcji i kieszonkowej formie, aplikacja jest precyzyjna i wygodna. Cechy produktu: Materia\u0142: Mi\u0119kka mikrofibra, delikatna dla lakieru Kszta\u0142t: Okr\u0105g\u0142y, \u0142atwy do trzymania i u\u017cytkowania Zastosowanie: Aplikacja pow\u0142ok ceramicznych, wosk\u00f3w itp. Szybka i ekonomiczna aplikacja: Aplikator zapewnia&hellip;&nbsp;<a href=\"https:\/\/liquidmaster.pl\/en\/aqua-aplikator-z-kieszonka\/\" rel=\"bookmark\">Read More \u00bb<span class=\"screen-reader-text\">AQUA Aplikator Z Kieszonk\u0105<\/span><\/a><\/p>","protected":false},"featured_media":1848890,"comment_status":"open","ping_status":"open","template":"","meta":{"neve_meta_sidebar":"","neve_meta_container":"","neve_meta_enable_content_width":"","neve_meta_content_width":0,"neve_meta_title_alignment":"","neve_meta_author_avatar":"","neve_post_elements_order":"","neve_meta_disable_header":"","neve_meta_disable_footer":"","neve_meta_disable_title":"","_themeisle_gutenberg_block_has_review":false},"product_brand":[],"product_cat":[757,786,787],"product_tag":[598],"class_list":{"0":"post-1916877","1":"product","2":"type-product","3":"status-publish","4":"has-post-thumbnail","6":"product_cat-akcesoria","7":"product_cat-aplikatory","8":"product_cat-aplikatory-do-ceramiki","9":"product_tag-aqua-car-cosmetics","11":"first","12":"instock","13":"taxable","14":"shipping-taxable","15":"purchasable","16":"product-type-simple"},"_links":{"self":[{"href":"https:\/\/liquidmaster.pl\/en\/wp-json\/wp\/v2\/product\/1916877","targetHints":{"allow":["GET"]}}],"collection":[{"href":"https:\/\/liquidmaster.pl\/en\/wp-json\/wp\/v2\/product"}],"about":[{"href":"https:\/\/liquidmaster.pl\/en\/wp-json\/wp\/v2\/types\/product"}],"replies":[{"embeddable":true,"href":"https:\/\/liquidmaster.pl\/en\/wp-json\/wp\/v2\/comments?post=1916877"}],"wp:featuredmedia":[{"embeddable":true,"href":"https:\/\/liquidmaster.pl\/en\/wp-json\/wp\/v2\/media\/1848890"}],"wp:attachment":[{"href":"https:\/\/liquidmaster.pl\/en\/wp-json\/wp\/v2\/media?parent=1916877"}],"wp:term":[{"taxonomy":"product_brand","embeddable":true,"href":"https:\/\/liquidmaster.pl\/en\/wp-json\/wp\/v2\/product_brand?post=1916877"},{"taxonomy":"product_cat","embeddable":true,"href":"https:\/\/liquidmaster.pl\/en\/wp-json\/wp\/v2\/product_cat?post=1916877"},{"taxonomy":"product_tag","embeddable":true,"href":"https:\/\/liquidmaster.pl\/en\/wp-json\/wp\/v2\/product_tag?post=1916877"}],"curies":[{"name":"wp","href":"https:\/\/api.w.org\/{rel}","templated":true}]}}