{"id":1916869,"date":"2025-09-07T01:44:06","date_gmt":"2025-09-06T23:44:06","guid":{"rendered":"https:\/\/liquidmaster.pl\/shiny-garage-back2black-tiredressing-500ml-cherry-dressing-do-opon\/"},"modified":"2026-04-18T04:43:07","modified_gmt":"2026-04-18T02:43:07","slug":"shiny-garage-back2black-tiredressing-500ml-cherry-dressing-do-opon","status":"publish","type":"product","link":"https:\/\/liquidmaster.pl\/en\/shiny-garage-back2black-tiredressing-500ml-cherry-dressing-do-opon\/","title":{"rendered":"Shiny Garage Back2Black TireDressing 500ml Cherry \u2013 tire dressing"},"content":{"rendered":"<p>Back2Black Tyre Cream to trwa\u0142y dressing do opon w formie g\u0119stego mleczka, oparty o SiO2. Od\u017cywia oraz zabezpiecza powierzchni\u0119 przed nadmiernym niszczeniem i p\u0142owieniem. Zapewnia w\u0142a\u015bciwo\u015bci antystatyczne i hydrofobowe. Nie zawiera silikon\u00f3w, pozostawia niet\u0142uste satynowe wyko\u0144czenie.<\/p>\n<ul>\n<li>very high effectiveness<\/li>\n<li>wysoka trwa\u0142o\u015b\u0107 (do 2 miesi\u0119cy)<\/li>\n<li>w\u0142a\u015bciwo\u015bci antystatyczne i hydrofobowe<\/li>\n<li>banalna aplikacja &#8211; brak silikon\u00f3w w sk\u0142adzie<\/li>\n<li>niet\u0142uste wyko\u0144czenie<\/li>\n<\/ul>\n<p>Zapach: cherry<\/p>\n<p>Usage:<\/p>\n<li>Make sure the surface is cool<\/li>\n<li>Do not apply in direct sunlight<\/li>\n<li>Dok\u0142adnie umyj i osusz opon\u0119 za pomoc\u0105 Pure Black Tire Cleaner.<\/li>\n<li>Apply a small amount of the product to the applicator.<\/li>\n<li>Spread evenly over the surface.<\/li>\n<li>Leave to dry.<\/li>\n<p>Capacity 500ml<\/p>\n<p>\u00a0<\/p>","protected":false},"excerpt":{"rendered":"<p>Back2Black Tyre Cream to trwa\u0142y dressing do opon w formie g\u0119stego mleczka, oparty o SiO2. Od\u017cywia oraz zabezpiecza powierzchni\u0119 przed nadmiernym niszczeniem i p\u0142owieniem. Zapewnia w\u0142a\u015bciwo\u015bci antystatyczne i hydrofobowe. Nie zawiera silikon\u00f3w, pozostawia niet\u0142uste satynowe wyko\u0144czenie. bardzo wysoka skuteczno\u015b\u0107 wysoka trwa\u0142o\u015b\u0107 (do 2 miesi\u0119cy) w\u0142a\u015bciwo\u015bci antystatyczne i hydrofobowe banalna aplikacja &#8211; brak silikon\u00f3w w sk\u0142adzie&hellip;&nbsp;<a href=\"https:\/\/liquidmaster.pl\/en\/shiny-garage-back2black-tiredressing-500ml-cherry-dressing-do-opon\/\" rel=\"bookmark\">Read More \u00bb<span class=\"screen-reader-text\">Shiny Garage Back2Black TireDressing 500ml Cherry \u2013 tire dressing<\/span><\/a><\/p>","protected":false},"featured_media":1848879,"comment_status":"open","ping_status":"open","template":"","meta":{"neve_meta_sidebar":"","neve_meta_container":"","neve_meta_enable_content_width":"","neve_meta_content_width":0,"neve_meta_title_alignment":"","neve_meta_author_avatar":"","neve_post_elements_order":"","neve_meta_disable_header":"","neve_meta_disable_footer":"","neve_meta_disable_title":"","_themeisle_gutenberg_block_has_review":false},"product_brand":[],"product_cat":[765,745,733],"product_tag":[360],"class_list":{"0":"post-1916869","1":"product","2":"type-product","3":"status-publish","4":"has-post-thumbnail","6":"product_cat-dressingi","7":"product_cat-kola-i-opony","8":"product_cat-na-zewnatrz","9":"product_tag-shiny-garage","11":"first","12":"outofstock","13":"taxable","14":"shipping-taxable","15":"purchasable","16":"product-type-simple"},"_links":{"self":[{"href":"https:\/\/liquidmaster.pl\/en\/wp-json\/wp\/v2\/product\/1916869","targetHints":{"allow":["GET"]}}],"collection":[{"href":"https:\/\/liquidmaster.pl\/en\/wp-json\/wp\/v2\/product"}],"about":[{"href":"https:\/\/liquidmaster.pl\/en\/wp-json\/wp\/v2\/types\/product"}],"replies":[{"embeddable":true,"href":"https:\/\/liquidmaster.pl\/en\/wp-json\/wp\/v2\/comments?post=1916869"}],"wp:featuredmedia":[{"embeddable":true,"href":"https:\/\/liquidmaster.pl\/en\/wp-json\/wp\/v2\/media\/1848879"}],"wp:attachment":[{"href":"https:\/\/liquidmaster.pl\/en\/wp-json\/wp\/v2\/media?parent=1916869"}],"wp:term":[{"taxonomy":"product_brand","embeddable":true,"href":"https:\/\/liquidmaster.pl\/en\/wp-json\/wp\/v2\/product_brand?post=1916869"},{"taxonomy":"product_cat","embeddable":true,"href":"https:\/\/liquidmaster.pl\/en\/wp-json\/wp\/v2\/product_cat?post=1916869"},{"taxonomy":"product_tag","embeddable":true,"href":"https:\/\/liquidmaster.pl\/en\/wp-json\/wp\/v2\/product_tag?post=1916869"}],"curies":[{"name":"wp","href":"https:\/\/api.w.org\/{rel}","templated":true}]}}