{"id":1916863,"date":"2025-09-07T01:38:07","date_gmt":"2025-09-06T23:38:07","guid":{"rendered":"https:\/\/liquidmaster.pl\/schuller-scratch-welna-stalowa-200g-granulacja-0\/"},"modified":"2026-04-18T04:43:06","modified_gmt":"2026-04-18T02:43:06","slug":"schuller-scratch-welna-stalowa-200g-granulacja-0","status":"publish","type":"product","link":"https:\/\/liquidmaster.pl\/en\/schuller-scratch-welna-stalowa-200g-granulacja-0\/","title":{"rendered":"Schuller Scratch We\u0142na Stalowa 200g &#8211; Granulacja 0"},"content":{"rendered":"<p>We\u0142na stalowa, odporna na rozdarcia, elastyczna, do czyszczenia, polerowania i szlifowania ro\u017cnych powierzchni.<\/p>\n<p>Waga: 200g<\/p>\n<p>Granulacja: 0<\/p>","protected":false},"excerpt":{"rendered":"<p>We\u0142na stalowa, odporna na rozdarcia, elastyczna, do czyszczenia, polerowania i szlifowania ro\u017cnych powierzchni. Waga: 200g Granulacja: 0<\/p>","protected":false},"featured_media":1848866,"comment_status":"open","ping_status":"open","template":"","meta":{"neve_meta_sidebar":"","neve_meta_container":"","neve_meta_enable_content_width":"","neve_meta_content_width":0,"neve_meta_title_alignment":"","neve_meta_author_avatar":"","neve_post_elements_order":"","neve_meta_disable_header":"","neve_meta_disable_footer":"","neve_meta_disable_title":"","_themeisle_gutenberg_block_has_review":false},"product_brand":[],"product_cat":[836,733,837],"product_tag":[358],"class_list":{"0":"post-1916863","1":"product","2":"type-product","3":"status-publish","4":"has-post-thumbnail","6":"product_cat-elementy-metalowe","7":"product_cat-na-zewnatrz","8":"product_cat-polerowanie-metalu","9":"product_tag-schuller","11":"first","12":"instock","13":"taxable","14":"shipping-taxable","15":"purchasable","16":"product-type-simple"},"_links":{"self":[{"href":"https:\/\/liquidmaster.pl\/en\/wp-json\/wp\/v2\/product\/1916863","targetHints":{"allow":["GET"]}}],"collection":[{"href":"https:\/\/liquidmaster.pl\/en\/wp-json\/wp\/v2\/product"}],"about":[{"href":"https:\/\/liquidmaster.pl\/en\/wp-json\/wp\/v2\/types\/product"}],"replies":[{"embeddable":true,"href":"https:\/\/liquidmaster.pl\/en\/wp-json\/wp\/v2\/comments?post=1916863"}],"wp:featuredmedia":[{"embeddable":true,"href":"https:\/\/liquidmaster.pl\/en\/wp-json\/wp\/v2\/media\/1848866"}],"wp:attachment":[{"href":"https:\/\/liquidmaster.pl\/en\/wp-json\/wp\/v2\/media?parent=1916863"}],"wp:term":[{"taxonomy":"product_brand","embeddable":true,"href":"https:\/\/liquidmaster.pl\/en\/wp-json\/wp\/v2\/product_brand?post=1916863"},{"taxonomy":"product_cat","embeddable":true,"href":"https:\/\/liquidmaster.pl\/en\/wp-json\/wp\/v2\/product_cat?post=1916863"},{"taxonomy":"product_tag","embeddable":true,"href":"https:\/\/liquidmaster.pl\/en\/wp-json\/wp\/v2\/product_tag?post=1916863"}],"curies":[{"name":"wp","href":"https:\/\/api.w.org\/{rel}","templated":true}]}}