{"id":1916853,"date":"2025-09-07T01:28:06","date_gmt":"2025-09-06T23:28:06","guid":{"rendered":"https:\/\/liquidmaster.pl\/work-stuff-drill-brush-hard-szczotka-do-czyszczenia-tapicerki-na-wkretarke\/"},"modified":"2026-04-18T04:43:03","modified_gmt":"2026-04-18T02:43:03","slug":"work-stuff-drill-brush-hard-szczotka-do-czyszczenia-tapicerki-na-wkretarke","status":"publish","type":"product","link":"https:\/\/liquidmaster.pl\/en\/work-stuff-drill-brush-hard-szczotka-do-czyszczenia-tapicerki-na-wkretarke\/","title":{"rendered":"Work Stuff Drill Brush Hard \u2013 Upholstery cleaning brush for a screwdriver"},"content":{"rendered":"<p>DRILL BRUSH \u2013 this brush is an indispensable tool for quick and effective cleaning of upholstery, carpets, floor coverings, e.g. trunk carpets, and all other fabric\/upholstered parts of the car.<\/p>\n<p>Simply attach the brush to your drill or screwdriver. The integrated shaft means you don&#039;t need to search for an additional adapter, so you can start working immediately. The specially selected bristle structure ensures complete safety for the material being cleaned, preventing snags or pilling, and not damaging even delicate fabric weaves. Despite this, the bristles are resistant to maximum speed, significantly speeding up work even on heavily soiled surfaces with minimal user effort.<\/p>\n<p>The brush handle is made of a material that is safe to use with other components. The base doesn&#039;t crack or warp when the brushes get wet, which can occur with similar brushes with a wooden construction, which is less resistant to chemicals. The chrome-plated hexagon handle fits most screwdrivers available on the market.<\/p>\n<p>The Drill&#039;s biggest advantage is its ability to work wet, both for spreading pre-spray and bonetting, but also dry, for example, to remove sand from upholstery. You can also use it for non-automotive applications, such as cleaning carpets, chair covers, and sofas.<\/p>\n<p>MAIN FEATURES:<\/p>\n<ul>\n<li>Diameter: 10 cm<\/li>\n<li>Bristle length: 3 cm<\/li>\n<li>Handle: hexagonal, integrated<\/li>\n<li>Hardness: hard<\/li>\n<li>Mount: 1\/4\u2032<\/li>\n<li>Application: upholstery, carpets, floor coverings, trunk linings, other upholstered elements\u00a0<\/li>\n<\/ul>","protected":false},"excerpt":{"rendered":"<p>DRILL BRUSH &#8211; ta szczotka to niezast\u0105pione narz\u0119dzie do szybkiego i skutecznego czyszczenia tapicerki, dywanik\u00f3w, ok\u0142adziny pod\u0142ogi, wyk\u0142adzin np. baga\u017cnika a tak\u017ce wszystkich innych materia\u0142owych\/tapicerowanych element\u00f3w auta. Wystarczy, \u017ce zamontujesz szczotk\u0119 na wiertarce lub wkr\u0119tarce, zintegrowany trzon sprawia, \u017ce nie musisz szuka\u0107 dodatkowej przej\u015bci\u00f3wki wi\u0119c od razu mo\u017cesz rozpocz\u0105\u0107 prac\u0119. Specjalnie dobrana struktura w\u0142osia zapewnia&hellip;&nbsp;<a href=\"https:\/\/liquidmaster.pl\/en\/work-stuff-drill-brush-hard-szczotka-do-czyszczenia-tapicerki-na-wkretarke\/\" rel=\"bookmark\">Read More \u00bb<span class=\"screen-reader-text\">Work Stuff Drill Brush Hard \u2013 Upholstery cleaning brush for a screwdriver<\/span><\/a><\/p>","protected":false},"featured_media":1848840,"comment_status":"open","ping_status":"open","template":"","meta":{"neve_meta_sidebar":"","neve_meta_container":"","neve_meta_enable_content_width":"","neve_meta_content_width":0,"neve_meta_title_alignment":"","neve_meta_author_avatar":"","neve_post_elements_order":"","neve_meta_disable_header":"","neve_meta_disable_footer":"","neve_meta_disable_title":"","_themeisle_gutenberg_block_has_review":false},"product_brand":[],"product_cat":[799,800,768],"product_tag":[381],"class_list":{"0":"post-1916853","1":"product","2":"type-product","3":"status-publish","4":"has-post-thumbnail","6":"product_cat-narzedzia-i-akcesoria","7":"product_cat-szczotki-pedzelki-i-narzedzia","8":"product_cat-wnetrze-auta","9":"product_tag-work-stuff","11":"first","12":"instock","13":"taxable","14":"shipping-taxable","15":"purchasable","16":"product-type-simple"},"_links":{"self":[{"href":"https:\/\/liquidmaster.pl\/en\/wp-json\/wp\/v2\/product\/1916853","targetHints":{"allow":["GET"]}}],"collection":[{"href":"https:\/\/liquidmaster.pl\/en\/wp-json\/wp\/v2\/product"}],"about":[{"href":"https:\/\/liquidmaster.pl\/en\/wp-json\/wp\/v2\/types\/product"}],"replies":[{"embeddable":true,"href":"https:\/\/liquidmaster.pl\/en\/wp-json\/wp\/v2\/comments?post=1916853"}],"wp:featuredmedia":[{"embeddable":true,"href":"https:\/\/liquidmaster.pl\/en\/wp-json\/wp\/v2\/media\/1848840"}],"wp:attachment":[{"href":"https:\/\/liquidmaster.pl\/en\/wp-json\/wp\/v2\/media?parent=1916853"}],"wp:term":[{"taxonomy":"product_brand","embeddable":true,"href":"https:\/\/liquidmaster.pl\/en\/wp-json\/wp\/v2\/product_brand?post=1916853"},{"taxonomy":"product_cat","embeddable":true,"href":"https:\/\/liquidmaster.pl\/en\/wp-json\/wp\/v2\/product_cat?post=1916853"},{"taxonomy":"product_tag","embeddable":true,"href":"https:\/\/liquidmaster.pl\/en\/wp-json\/wp\/v2\/product_tag?post=1916853"}],"curies":[{"name":"wp","href":"https:\/\/api.w.org\/{rel}","templated":true}]}}