{"id":1916849,"date":"2025-09-07T01:24:07","date_gmt":"2025-09-06T23:24:07","guid":{"rendered":"https:\/\/liquidmaster.pl\/work-stuff-cyclone-tire-brush-applicator-pedzelek-do-opon\/"},"modified":"2026-04-18T04:43:02","modified_gmt":"2026-04-18T02:43:02","slug":"work-stuff-cyclone-tire-brush-applicator-pedzelek-do-opon","status":"publish","type":"product","link":"https:\/\/liquidmaster.pl\/en\/work-stuff-cyclone-tire-brush-applicator-pedzelek-do-opon\/","title":{"rendered":"Work Stuff Cyclone Tire Brush Applicator \u2013 tire brush"},"content":{"rendered":"<p>CYCLONE To aplikator dressingu do opon w formie p\u0119dzla, wykonany z mi\u0119kkiego i g\u0119stego w\u0142osia. Ten wyj\u0105tkowy gad\u017cet pomaga w oszcz\u0119dzaniu produktu, dzi\u0119ki dok\u0142adnej i r\u00f3wnomiernej aplikacji minimalizujesz straty i nadmierne zu\u017cycie dressingu, w przeciwie\u0144stwie do np. aplikator\u00f3w &#8211; g\u0105bek, w kt\u00f3r\u0105 du\u017co produktu po prostu wsi\u0105ka.<\/p>\n<p>\u00a0<\/p>\n<p>U\u017cywaj\u0105c Cyclona nie uzyskasz smug i zaciek\u00f3w, bo dok\u0142adnie pokryje ka\u017cdy fragment opony, z \u0142atwo\u015bci\u0105 dotrze do wszystkich zakamark\u00f3w, niezale\u017cnie od umieszczonych na niej przet\u0142ocze\u0144, oznacze\u0144 czy skomplikowanych bie\u017cnikach. Stemplowa konstrukcja oznacza, \u017ce mo\u017cesz go \u0142atwo trzyma\u0107 w d\u0142oni, pozostawiaj\u0105c tym samym czyste r\u0119ce.<\/p>\n<p>\u00a0<\/p>\n<p>Wa\u017cn\u0105 cech\u0105 Cyclona jest to, \u017ce mo\u017cesz pracowa\u0107 na oponach o r\u00f3\u017cnych profilach i u\u017cywa\u0107 wszystkich rodzajach dressing\u00f3w: p\u0142ynnych, \u017celowych czy kremowych. Bardzo praktyczny stojak chroni p\u0119dzel przed odkszta\u0142ceniem czy zniszczeniem, a twoje miejsce pracy pozwala utrzyma\u0107 w czysto\u015bci . Po zako\u0144czonej pracy wystarczy, \u017ce umyjesz p\u0119dzel w wodzie i pozostawisz do wyschni\u0119cia.<\/p>\n<p>\u00a0<\/p>\n<p>\u015awietnie sprawdzi si\u0119 na zlotach samochodowych czy wystawach, gdzie chcesz szybko i bez ba\u0142aganu poprawi\u0107 wygl\u0105d swojego auta. Polecamy r\u00f3wniez do motocykli i rower\u00f3w.<\/p>\n<p>\u00a0<\/p>\n<p>MAIN FEATURES:<\/p>\n<ul>\n<li class=\"tab-pane active\">Zastosowanie: Do dressingu na opony. Do dressing\u00f3w p\u0142ynnych, \u017celowych i kremowych.<\/li>\n<li class=\"tab-pane active\">Stand included<\/li>\n<li class=\"tab-pane active\">Ergonomic shape<\/li>\n<li class=\"tab-pane active\">Wysoko\u015b\u0107 w\u0142osia: 1,5 cm<\/li>\n<li class=\"tab-pane active\">Diameter: 5 cm<\/li>\n<\/ul>","protected":false},"excerpt":{"rendered":"<p>CYCLONE To aplikator dressingu do opon w formie p\u0119dzla, wykonany z mi\u0119kkiego i g\u0119stego w\u0142osia. Ten wyj\u0105tkowy gad\u017cet pomaga w oszcz\u0119dzaniu produktu, dzi\u0119ki dok\u0142adnej i r\u00f3wnomiernej aplikacji minimalizujesz straty i nadmierne zu\u017cycie dressingu, w przeciwie\u0144stwie do np. aplikator\u00f3w &#8211; g\u0105bek, w kt\u00f3r\u0105 du\u017co produktu po prostu wsi\u0105ka. \u00a0 U\u017cywaj\u0105c Cyclona nie uzyskasz smug i zaciek\u00f3w,&hellip;&nbsp;<a href=\"https:\/\/liquidmaster.pl\/en\/work-stuff-cyclone-tire-brush-applicator-pedzelek-do-opon\/\" rel=\"bookmark\">Read More \u00bb<span class=\"screen-reader-text\">Work Stuff Cyclone Tire Brush Applicator \u2013 tire brush<\/span><\/a><\/p>","protected":false},"featured_media":1848832,"comment_status":"open","ping_status":"open","template":"","meta":{"neve_meta_sidebar":"","neve_meta_container":"","neve_meta_enable_content_width":"","neve_meta_content_width":0,"neve_meta_title_alignment":"","neve_meta_author_avatar":"","neve_post_elements_order":"","neve_meta_disable_header":"","neve_meta_disable_footer":"","neve_meta_disable_title":"","_themeisle_gutenberg_block_has_review":false},"product_brand":[],"product_cat":[745,733,779],"product_tag":[381],"class_list":{"0":"post-1916849","1":"product","2":"type-product","3":"status-publish","4":"has-post-thumbnail","6":"product_cat-kola-i-opony","7":"product_cat-na-zewnatrz","8":"product_cat-szczotki-pedzelki-i-aplikatory-do-kol","9":"product_tag-work-stuff","11":"first","12":"instock","13":"taxable","14":"shipping-taxable","15":"purchasable","16":"product-type-simple"},"_links":{"self":[{"href":"https:\/\/liquidmaster.pl\/en\/wp-json\/wp\/v2\/product\/1916849","targetHints":{"allow":["GET"]}}],"collection":[{"href":"https:\/\/liquidmaster.pl\/en\/wp-json\/wp\/v2\/product"}],"about":[{"href":"https:\/\/liquidmaster.pl\/en\/wp-json\/wp\/v2\/types\/product"}],"replies":[{"embeddable":true,"href":"https:\/\/liquidmaster.pl\/en\/wp-json\/wp\/v2\/comments?post=1916849"}],"wp:featuredmedia":[{"embeddable":true,"href":"https:\/\/liquidmaster.pl\/en\/wp-json\/wp\/v2\/media\/1848832"}],"wp:attachment":[{"href":"https:\/\/liquidmaster.pl\/en\/wp-json\/wp\/v2\/media?parent=1916849"}],"wp:term":[{"taxonomy":"product_brand","embeddable":true,"href":"https:\/\/liquidmaster.pl\/en\/wp-json\/wp\/v2\/product_brand?post=1916849"},{"taxonomy":"product_cat","embeddable":true,"href":"https:\/\/liquidmaster.pl\/en\/wp-json\/wp\/v2\/product_cat?post=1916849"},{"taxonomy":"product_tag","embeddable":true,"href":"https:\/\/liquidmaster.pl\/en\/wp-json\/wp\/v2\/product_tag?post=1916849"}],"curies":[{"name":"wp","href":"https:\/\/api.w.org\/{rel}","templated":true}]}}