{"id":1916847,"date":"2025-09-07T01:22:07","date_gmt":"2025-09-06T23:22:07","guid":{"rendered":"https:\/\/liquidmaster.pl\/good-stuff-glass-cleaner-supreme-5l-plyn-do-mycia-mocno-zatluszczonych-szyb\/"},"modified":"2026-04-20T08:23:30","modified_gmt":"2026-04-20T06:23:30","slug":"good-stuff-glass-cleaner-supreme-5l-plyn-do-mycia-mocno-zatluszczonych-szyb","status":"publish","type":"product","link":"https:\/\/liquidmaster.pl\/en\/good-stuff-glass-cleaner-supreme-5l-plyn-do-mycia-mocno-zatluszczonych-szyb\/","title":{"rendered":"Good Stuff Glass Cleaner Supreme 5L \u2013 liquid for cleaning heavily greased windows"},"content":{"rendered":"<p>Glass Cleaner Supreme is a cleaning fluid unlike any you&#039;ve ever used. It contains 50% more alcohol than standard products on the market, yet it&#039;s odorless, making it pleasant to use. It&#039;s probably the best ready-to-use cleaner for windows, mirrors, and other glass surfaces in cars, homes, and offices.<\/p>\n<p>Doskonale usuwa film nikotynowy, osad po e-papierosach, odciski palc\u00f3w, a nawet owady &#8211; w skr\u00f3cie nadaj\u0119 si\u0119 wsz\u0119dzie tam, gdzie zawodz\u0105 standardowe \u015brodki do szyb. Produkt szybko paruje, wi\u0119c nale\u017cy od razu przetrze\u0107 powierzchni\u0119 drug\u0105 mikrofibr\u0105, czyszcz\u0105c szyb\u0119 ma\u0142ymi obszarami. Dzi\u0119ki szybko paruj\u0105cej formule proces czyszczenia szyb staje si\u0119 szybszy i bardziej efektywny, pozostawiaj\u0105c bezsmugowy rezultat. Produkt doskonale przygotowuje szyby do aplikacji wszelkiego rodzaju pow\u0142ok ochronnych.<\/p>\n<p>HOW TO USE:<\/p>\n<li>Spray the glass with the product<\/li>\n<li>Spread the product with a microfiber cloth over the surface to be cleaned<\/li>\n<li>Polish with the other side of the microfiber cloth<\/li>\n<p>Capacity 5L<\/p>","protected":false},"excerpt":{"rendered":"<p>Glass Cleaner Supreme to p\u0142yn czyszcz\u0105cy inny ni\u017c wszystkie, jakie dot\u0105d u\u017cywa\u0142e\u015b. Zawiera a\u017c 50% wi\u0119cej alkoholu ni\u017c standardowe produkty dost\u0119pne na rynku, a mimo to nie wydziela dra\u017cni\u0105cego zapachu, co czyni go przyjemnym w u\u017cyciu. Jest to prawdopodobnie najlepszy gotowy do u\u017cycia preparat do szyb, lusterek oraz innych powierzchni szklanych w samochodach, domach i&hellip;&nbsp;<a href=\"https:\/\/liquidmaster.pl\/en\/good-stuff-glass-cleaner-supreme-5l-plyn-do-mycia-mocno-zatluszczonych-szyb\/\" rel=\"bookmark\">Read More \u00bb<span class=\"screen-reader-text\">Good Stuff Glass Cleaner Supreme 5L \u2013 liquid for cleaning heavily greased windows<\/span><\/a><\/p>","protected":false},"featured_media":1848830,"comment_status":"open","ping_status":"open","template":"","meta":{"neve_meta_sidebar":"","neve_meta_container":"","neve_meta_enable_content_width":"","neve_meta_content_width":0,"neve_meta_title_alignment":"","neve_meta_author_avatar":"","neve_post_elements_order":"","neve_meta_disable_header":"","neve_meta_disable_footer":"","neve_meta_disable_title":"","_themeisle_gutenberg_block_has_review":false},"product_brand":[],"product_cat":[733,774,773],"product_tag":[300],"class_list":{"0":"post-1916847","1":"product","2":"type-product","3":"status-publish","4":"has-post-thumbnail","6":"product_cat-na-zewnatrz","7":"product_cat-plyny-do-szyb","8":"product_cat-szyby","9":"product_tag-good-stuff","11":"first","12":"instock","13":"taxable","14":"shipping-taxable","15":"purchasable","16":"product-type-simple"},"_links":{"self":[{"href":"https:\/\/liquidmaster.pl\/en\/wp-json\/wp\/v2\/product\/1916847","targetHints":{"allow":["GET"]}}],"collection":[{"href":"https:\/\/liquidmaster.pl\/en\/wp-json\/wp\/v2\/product"}],"about":[{"href":"https:\/\/liquidmaster.pl\/en\/wp-json\/wp\/v2\/types\/product"}],"replies":[{"embeddable":true,"href":"https:\/\/liquidmaster.pl\/en\/wp-json\/wp\/v2\/comments?post=1916847"}],"wp:featuredmedia":[{"embeddable":true,"href":"https:\/\/liquidmaster.pl\/en\/wp-json\/wp\/v2\/media\/1848830"}],"wp:attachment":[{"href":"https:\/\/liquidmaster.pl\/en\/wp-json\/wp\/v2\/media?parent=1916847"}],"wp:term":[{"taxonomy":"product_brand","embeddable":true,"href":"https:\/\/liquidmaster.pl\/en\/wp-json\/wp\/v2\/product_brand?post=1916847"},{"taxonomy":"product_cat","embeddable":true,"href":"https:\/\/liquidmaster.pl\/en\/wp-json\/wp\/v2\/product_cat?post=1916847"},{"taxonomy":"product_tag","embeddable":true,"href":"https:\/\/liquidmaster.pl\/en\/wp-json\/wp\/v2\/product_tag?post=1916847"}],"curies":[{"name":"wp","href":"https:\/\/api.w.org\/{rel}","templated":true}]}}