{"id":1916839,"date":"2025-09-07T01:14:07","date_gmt":"2025-09-06T23:14:07","guid":{"rendered":"https:\/\/liquidmaster.pl\/good-stuff-aqua-soft-shampoo-500ml-szampon-zmiekczajacy-wode\/"},"modified":"2026-04-18T04:42:59","modified_gmt":"2026-04-18T02:42:59","slug":"good-stuff-aqua-soft-shampoo-500ml-szampon-zmiekczajacy-wode","status":"publish","type":"product","link":"https:\/\/liquidmaster.pl\/en\/good-stuff-aqua-soft-shampoo-500ml-szampon-zmiekczajacy-wode\/","title":{"rendered":"Good Stuff Aqua Soft Shampoo 500ml &#8211; szampon zmi\u0119kczaj\u0105cy wod\u0119"},"content":{"rendered":"<p>Aqua Soft Shampoo to specjalistyczny szampon przeznaczony do mycia w\u0142a\u015bciwego. Dzi\u0119ki odpowiednio dobranej kompozycji sk\u0142adnik\u00f3w skutecznie zmi\u0119kcza wod\u0119, przez co ograniczamy powstawanie osad\u00f3w mineralnych &#8211; nawet do 50% mniej water spot\u00f3w!<\/p>\n<p>This is especially noticeable when using less than ideal water quality. It&#039;s a phenomenal solution for summer, when washing becomes more difficult. The most important feature of this shampoo is that it can be washed outdoors, even at high temperatures (in a shaded area, of course). Despite its high density, the product is easy to dose, as you&#039;ll know by how easily it rinses out of the measuring cup.<\/p>\n<p>The formula prevents hard water droplets from forming, also known as streaks, while also providing a slippery surface during cleaning. This is important because some products designed to remove deposits can become very dull due to water evaporation, requiring more pressure on the sponge to remove them, resulting in micro-scratches. This product is designed for safe use on protective coatings, chrome and painted surfaces, PPF films, headlights, waxes, and QDs.<\/p>\n<p>Its neutral pH is gentle on every surface of your car. Its distinct Cola candy scent will also make your work more enjoyable.<\/p>\n<p>HOW TO USE:<\/p>\n<li>Rinse the car under pressure<\/li>\n<li>Depending on the dirt, pour 20-50 ml of shampoo into the bucket for every 10 liters of water.<\/li>\n<li>Lather the shampoo with a strong stream of water<\/li>\n<li>Wash the vehicle from top to bottom with a mitt or sponge<\/li>\n<li>Rinse thoroughly and dry the car<\/li>\n<p>Capacity 500ml<\/p>","protected":false},"excerpt":{"rendered":"<p>Aqua Soft Shampoo to specjalistyczny szampon przeznaczony do mycia w\u0142a\u015bciwego. Dzi\u0119ki odpowiednio dobranej kompozycji sk\u0142adnik\u00f3w skutecznie zmi\u0119kcza wod\u0119, przez co ograniczamy powstawanie osad\u00f3w mineralnych &#8211; nawet do 50% mniej water spot\u00f3w! Przede wszystkim jest to zauwa\u017calne przy uzyciu wody o niedealnej jako\u015bci. Jest fenomenalnym rozwi\u0105zaniem na okres letni, kiedy mycie staje si\u0119 trudniejsze. Najwa\u017cniejsz\u0105 cech\u0105&hellip;&nbsp;<a href=\"https:\/\/liquidmaster.pl\/en\/good-stuff-aqua-soft-shampoo-500ml-szampon-zmiekczajacy-wode\/\" rel=\"bookmark\">Read More \u00bb<span class=\"screen-reader-text\">Good Stuff Aqua Soft Shampoo 500ml &#8211; szampon zmi\u0119kczaj\u0105cy wod\u0119<\/span><\/a><\/p>","protected":false},"featured_media":1848816,"comment_status":"open","ping_status":"open","template":"","meta":{"neve_meta_sidebar":"","neve_meta_container":"","neve_meta_enable_content_width":"","neve_meta_content_width":0,"neve_meta_title_alignment":"","neve_meta_author_avatar":"","neve_post_elements_order":"","neve_meta_disable_header":"","neve_meta_disable_footer":"","neve_meta_disable_title":"","_themeisle_gutenberg_block_has_review":false},"product_brand":[],"product_cat":[734,733,740],"product_tag":[300],"class_list":{"0":"post-1916839","1":"product","2":"type-product","3":"status-publish","4":"has-post-thumbnail","6":"product_cat-mycie-i-osuszanie","7":"product_cat-na-zewnatrz","8":"product_cat-szampony-mycie-i-osuszanie","9":"product_tag-good-stuff","11":"first","12":"instock","13":"taxable","14":"shipping-taxable","15":"purchasable","16":"product-type-simple"},"_links":{"self":[{"href":"https:\/\/liquidmaster.pl\/en\/wp-json\/wp\/v2\/product\/1916839","targetHints":{"allow":["GET"]}}],"collection":[{"href":"https:\/\/liquidmaster.pl\/en\/wp-json\/wp\/v2\/product"}],"about":[{"href":"https:\/\/liquidmaster.pl\/en\/wp-json\/wp\/v2\/types\/product"}],"replies":[{"embeddable":true,"href":"https:\/\/liquidmaster.pl\/en\/wp-json\/wp\/v2\/comments?post=1916839"}],"wp:featuredmedia":[{"embeddable":true,"href":"https:\/\/liquidmaster.pl\/en\/wp-json\/wp\/v2\/media\/1848816"}],"wp:attachment":[{"href":"https:\/\/liquidmaster.pl\/en\/wp-json\/wp\/v2\/media?parent=1916839"}],"wp:term":[{"taxonomy":"product_brand","embeddable":true,"href":"https:\/\/liquidmaster.pl\/en\/wp-json\/wp\/v2\/product_brand?post=1916839"},{"taxonomy":"product_cat","embeddable":true,"href":"https:\/\/liquidmaster.pl\/en\/wp-json\/wp\/v2\/product_cat?post=1916839"},{"taxonomy":"product_tag","embeddable":true,"href":"https:\/\/liquidmaster.pl\/en\/wp-json\/wp\/v2\/product_tag?post=1916839"}],"curies":[{"name":"wp","href":"https:\/\/api.w.org\/{rel}","templated":true}]}}