{"id":1916833,"date":"2025-09-07T01:08:07","date_gmt":"2025-09-06T23:08:07","guid":{"rendered":"https:\/\/liquidmaster.pl\/fresso-pedzelek-detailing-brush-no-16-30-mm-pedzelek-detailingowy\/"},"modified":"2026-04-18T04:42:58","modified_gmt":"2026-04-18T02:42:58","slug":"fresso-pedzelek-detailing-brush-no-16-30-mm-pedzelek-detailingowy","status":"publish","type":"product","link":"https:\/\/liquidmaster.pl\/en\/fresso-pedzelek-detailing-brush-no16-30-mm-pedzelek-detailingowy\/","title":{"rendered":"Fresso Detailing Brush No. 16 30 mm \u2013 detailing brush"},"content":{"rendered":"<p>This detailing brush was designed for use inside and outside the vehicle. It&#039;s perfect for cleaning hard-to-reach areas and small details. It features a plastic ferrule and delicate, synthetic bristles.\u00a0<\/p>\n<p>\u00a0<\/p>\n<p>Key product features:\u00a0<\/p>\n<ul>\n<li>Dimensions: diameter 30 mm<\/li>\n<li>Synthetic, delicate bristles.<\/li>\n<li>Plastic fitting<\/li>\n<li>For use inside and outside the vehicle\u00a0<\/li>\n<\/ul>\n<p>Directions for use:<\/p>\n<p>After each use, rinse the brush in warm water.<\/p>","protected":false},"excerpt":{"rendered":"<p>P\u0119dzelek detailingowy, kt\u00f3ry zosta\u0142 stworzony z my\u015bl\u0105 o u\u017cytkowaniu w \u015brodku i na zewn\u0105trz pojazdu. Doskonale sprawdzi si\u0119 podczas czyszczenia trudno dost\u0119pnych miejsc oraz niewielkich detali. Posiada plastikowe okucie wraz z delikatnym, syntetycznym w\u0142osiem.\u00a0 \u00a0 Najwa\u017cniejsze cechy produktu:\u00a0 Wymiary: \u015brednica 30 mm Syntetyczne, delikatne w\u0142osie. Plastikowe okucie Do u\u017cytku w \u015brodku i na zewn\u0105trz pojazdu\u00a0&hellip;&nbsp;<a href=\"https:\/\/liquidmaster.pl\/en\/fresso-pedzelek-detailing-brush-no16-30-mm-pedzelek-detailingowy\/\" rel=\"bookmark\">Read More \u00bb<span class=\"screen-reader-text\">Fresso Detailing Brush No. 16 30 mm \u2013 detailing brush<\/span><\/a><\/p>","protected":false},"featured_media":1848807,"comment_status":"open","ping_status":"open","template":"","meta":{"neve_meta_sidebar":"","neve_meta_container":"","neve_meta_enable_content_width":"","neve_meta_content_width":0,"neve_meta_title_alignment":"","neve_meta_author_avatar":"","neve_post_elements_order":"","neve_meta_disable_header":"","neve_meta_disable_footer":"","neve_meta_disable_title":"","_themeisle_gutenberg_block_has_review":false},"product_brand":[],"product_cat":[757,911,777],"product_tag":[296],"class_list":{"0":"post-1916833","1":"product","2":"type-product","3":"status-publish","4":"has-post-thumbnail","6":"product_cat-akcesoria","7":"product_cat-do-kol","8":"product_cat-szczotki-i-pedzelki","9":"product_tag-fresso","11":"first","12":"instock","13":"taxable","14":"shipping-taxable","15":"purchasable","16":"product-type-simple"},"_links":{"self":[{"href":"https:\/\/liquidmaster.pl\/en\/wp-json\/wp\/v2\/product\/1916833","targetHints":{"allow":["GET"]}}],"collection":[{"href":"https:\/\/liquidmaster.pl\/en\/wp-json\/wp\/v2\/product"}],"about":[{"href":"https:\/\/liquidmaster.pl\/en\/wp-json\/wp\/v2\/types\/product"}],"replies":[{"embeddable":true,"href":"https:\/\/liquidmaster.pl\/en\/wp-json\/wp\/v2\/comments?post=1916833"}],"wp:featuredmedia":[{"embeddable":true,"href":"https:\/\/liquidmaster.pl\/en\/wp-json\/wp\/v2\/media\/1848807"}],"wp:attachment":[{"href":"https:\/\/liquidmaster.pl\/en\/wp-json\/wp\/v2\/media?parent=1916833"}],"wp:term":[{"taxonomy":"product_brand","embeddable":true,"href":"https:\/\/liquidmaster.pl\/en\/wp-json\/wp\/v2\/product_brand?post=1916833"},{"taxonomy":"product_cat","embeddable":true,"href":"https:\/\/liquidmaster.pl\/en\/wp-json\/wp\/v2\/product_cat?post=1916833"},{"taxonomy":"product_tag","embeddable":true,"href":"https:\/\/liquidmaster.pl\/en\/wp-json\/wp\/v2\/product_tag?post=1916833"}],"curies":[{"name":"wp","href":"https:\/\/api.w.org\/{rel}","templated":true}]}}