{"id":1916829,"date":"2025-09-07T01:04:06","date_gmt":"2025-09-06T23:04:06","guid":{"rendered":"https:\/\/liquidmaster.pl\/fresso-apc-5l-uniwersalny-plyn-do-czyszczenia-samochodu\/"},"modified":"2026-04-18T04:42:57","modified_gmt":"2026-04-18T02:42:57","slug":"fresso-apc-5l-uniwersalny-plyn-do-czyszczenia-samochodu","status":"publish","type":"product","link":"https:\/\/liquidmaster.pl\/en\/fresso-apc-5l-uniwersalny-plyn-do-czyszczenia-samochodu\/","title":{"rendered":"Fresso APC 5L \u2013 universal car cleaning fluid"},"content":{"rendered":"<p>Fresso APC to silnie skoncentrowany produkt czyszcz\u0105cy, kt\u00f3ry doskonale nadaje si\u0119 do usuwania zabrudze\u0144 z zewn\u0119trznych i wewn\u0119trznych cz\u0119\u015bci pojazdu.<\/p>\n<p>Dzi\u0119ki zastosowaniu najnowocze\u015bniejszych sk\u0142adnik\u00f3w czyszcz\u0105cych natychmiastowo rozpuszcza i usuwa nawet najbardziej uporczywe zanieczyszczenia.<\/p>\n<p>Zapewnia g\u0119st\u0105 i obfit\u0105 pian\u0119, a co najwa\u017cniejsze nie pozostawia nieestetycznych, bia\u0142ych \u015blad\u00f3w. Cechuje si\u0119 doskona\u0142ymi w\u0142a\u015bciwo\u015bciami odt\u0142uszczaj\u0105cymi, kt\u00f3re umo\u017cliwiaj\u0105 usuni\u0119cie t\u0142ustych i oleistych plam.<\/p>\n<p>Usage:<\/p>\n<li>Przygotuj roztw\u00f3r roboczy w zale\u017cno\u015bci od stopnia zabrudzenia od 1:5 do 1:30.<\/li>\n<li>Zaaplikuj produkt na czyszczon\u0105 powierzchni\u0119.<\/li>\n<li>Wypracuj p\u0119dzelkiem lub szczotk\u0105.<\/li>\n<li>Nadmiar produktu zbierz czyst\u0105 i such\u0105 mikrofibr\u0105.<\/li>\n<ul>\n<li>Nie nano\u015b produktu na rozgrzane elementy.<\/li>\n<li>Before using the product, test its operation in an inconspicuous place.<\/li>\n<li>Store at a temperature above 4 degrees Celsius in a dark place.<\/li>\n<\/ul>\n<p>Capacity: 5L<\/p>","protected":false},"excerpt":{"rendered":"<p>Fresso APC to silnie skoncentrowany produkt czyszcz\u0105cy, kt\u00f3ry doskonale nadaje si\u0119 do usuwania zabrudze\u0144 z zewn\u0119trznych i wewn\u0119trznych cz\u0119\u015bci pojazdu. Dzi\u0119ki zastosowaniu najnowocze\u015bniejszych sk\u0142adnik\u00f3w czyszcz\u0105cych natychmiastowo rozpuszcza i usuwa nawet najbardziej uporczywe zanieczyszczenia. Zapewnia g\u0119st\u0105 i obfit\u0105 pian\u0119, a co najwa\u017cniejsze nie pozostawia nieestetycznych, bia\u0142ych \u015blad\u00f3w. Cechuje si\u0119 doskona\u0142ymi w\u0142a\u015bciwo\u015bciami odt\u0142uszczaj\u0105cymi, kt\u00f3re umo\u017cliwiaj\u0105 usuni\u0119cie t\u0142ustych&hellip;&nbsp;<a href=\"https:\/\/liquidmaster.pl\/en\/fresso-apc-5l-uniwersalny-plyn-do-czyszczenia-samochodu\/\" rel=\"bookmark\">Read More \u00bb<span class=\"screen-reader-text\">Fresso APC 5L \u2013 universal car cleaning fluid<\/span><\/a><\/p>","protected":false},"featured_media":1848795,"comment_status":"open","ping_status":"open","template":"","meta":{"neve_meta_sidebar":"","neve_meta_container":"","neve_meta_enable_content_width":"","neve_meta_content_width":0,"neve_meta_title_alignment":"","neve_meta_author_avatar":"","neve_post_elements_order":"","neve_meta_disable_header":"","neve_meta_disable_footer":"","neve_meta_disable_title":"","_themeisle_gutenberg_block_has_review":false},"product_brand":[],"product_cat":[742,734,733],"product_tag":[296],"class_list":{"0":"post-1916829","1":"product","2":"type-product","3":"status-publish","4":"has-post-thumbnail","6":"product_cat-apc-mycie-i-osuszanie","7":"product_cat-mycie-i-osuszanie","8":"product_cat-na-zewnatrz","9":"product_tag-fresso","10":"pa_promocja-promocje","12":"first","13":"instock","14":"taxable","15":"shipping-taxable","16":"purchasable","17":"product-type-simple"},"_links":{"self":[{"href":"https:\/\/liquidmaster.pl\/en\/wp-json\/wp\/v2\/product\/1916829","targetHints":{"allow":["GET"]}}],"collection":[{"href":"https:\/\/liquidmaster.pl\/en\/wp-json\/wp\/v2\/product"}],"about":[{"href":"https:\/\/liquidmaster.pl\/en\/wp-json\/wp\/v2\/types\/product"}],"replies":[{"embeddable":true,"href":"https:\/\/liquidmaster.pl\/en\/wp-json\/wp\/v2\/comments?post=1916829"}],"wp:featuredmedia":[{"embeddable":true,"href":"https:\/\/liquidmaster.pl\/en\/wp-json\/wp\/v2\/media\/1848795"}],"wp:attachment":[{"href":"https:\/\/liquidmaster.pl\/en\/wp-json\/wp\/v2\/media?parent=1916829"}],"wp:term":[{"taxonomy":"product_brand","embeddable":true,"href":"https:\/\/liquidmaster.pl\/en\/wp-json\/wp\/v2\/product_brand?post=1916829"},{"taxonomy":"product_cat","embeddable":true,"href":"https:\/\/liquidmaster.pl\/en\/wp-json\/wp\/v2\/product_cat?post=1916829"},{"taxonomy":"product_tag","embeddable":true,"href":"https:\/\/liquidmaster.pl\/en\/wp-json\/wp\/v2\/product_tag?post=1916829"}],"curies":[{"name":"wp","href":"https:\/\/api.w.org\/{rel}","templated":true}]}}