{"id":1916798,"date":"2025-09-06T13:04:07","date_gmt":"2025-09-06T11:04:07","guid":{"rendered":"https:\/\/liquidmaster.pl\/steinel-opalarka-hl1821-s-zestaw\/"},"modified":"2026-04-18T04:40:08","modified_gmt":"2026-04-18T02:40:08","slug":"steinel-opalarka-hl1821-s-zestaw","status":"publish","type":"product","link":"https:\/\/liquidmaster.pl\/en\/steinel-opalarka-hl1821-s-zestaw\/","title":{"rendered":"Steinel Opalarka HL1821 S Zestaw"},"content":{"rendered":"<p>Podstawowa opalarka w przyst\u0119pnej cenie, prosta w u\u017cyciu<br \/>\nBogaty zestaw w walizce z dyszami<\/p>\n<p>The set includes:<\/p>\n<ul>\n<li>opalarka HL1821 S<\/li>\n<li>walizka z tworzywa sztucznego<\/li>\n<li>dysza reflektorowa ST070519<\/li>\n<li>dysza szerokostrumieniowa 75mm ST070212<\/li>\n<li>dysza okienna 50 mm ST070311<\/li>\n<\/ul>\n<p>Moc: 1800 W<br \/>\nNapi\u0119cie zasilania: 230 V \/ 50 Hz<br \/>\nWydatek powietrza: 350 l\/min; 450 l\/min<br \/>\nTemperatura: 300\u00b0C; 550\u00b0C<br \/>\nWymiary: 252 x 86 x 200 mm<br \/>\nWaga: 720 g<\/p>","protected":false},"excerpt":{"rendered":"<p>Podstawowa opalarka w przyst\u0119pnej cenie, prosta w u\u017cyciu Bogaty zestaw w walizce z dyszami W sk\u0142ad zestawu wchodz\u0105: opalarka HL1821 S walizka z tworzywa sztucznego dysza reflektorowa ST070519 dysza szerokostrumieniowa 75mm ST070212 dysza okienna 50 mm ST070311 Moc: 1800 W Napi\u0119cie zasilania: 230 V \/ 50 Hz Wydatek powietrza: 350 l\/min; 450 l\/min Temperatura: 300\u00b0C;&hellip;&nbsp;<a href=\"https:\/\/liquidmaster.pl\/en\/steinel-opalarka-hl1821-s-zestaw\/\" rel=\"bookmark\">Read More \u00bb<span class=\"screen-reader-text\">Steinel Opalarka HL1821 S Zestaw<\/span><\/a><\/p>","protected":false},"featured_media":1916800,"comment_status":"open","ping_status":"open","template":"","meta":{"neve_meta_sidebar":"","neve_meta_container":"","neve_meta_enable_content_width":"","neve_meta_content_width":0,"neve_meta_title_alignment":"","neve_meta_author_avatar":"","neve_post_elements_order":"","neve_meta_disable_header":"","neve_meta_disable_footer":"","neve_meta_disable_title":"","_themeisle_gutenberg_block_has_review":false},"product_brand":[],"product_cat":[757,908,846],"product_tag":[],"class_list":{"0":"post-1916798","1":"product","2":"type-product","3":"status-publish","4":"has-post-thumbnail","6":"product_cat-akcesoria","7":"product_cat-narzedzia","8":"product_cat-reszta","10":"first","11":"instock","12":"taxable","13":"shipping-taxable","14":"purchasable","15":"product-type-simple"},"_links":{"self":[{"href":"https:\/\/liquidmaster.pl\/en\/wp-json\/wp\/v2\/product\/1916798","targetHints":{"allow":["GET"]}}],"collection":[{"href":"https:\/\/liquidmaster.pl\/en\/wp-json\/wp\/v2\/product"}],"about":[{"href":"https:\/\/liquidmaster.pl\/en\/wp-json\/wp\/v2\/types\/product"}],"replies":[{"embeddable":true,"href":"https:\/\/liquidmaster.pl\/en\/wp-json\/wp\/v2\/comments?post=1916798"}],"wp:featuredmedia":[{"embeddable":true,"href":"https:\/\/liquidmaster.pl\/en\/wp-json\/wp\/v2\/media\/1916800"}],"wp:attachment":[{"href":"https:\/\/liquidmaster.pl\/en\/wp-json\/wp\/v2\/media?parent=1916798"}],"wp:term":[{"taxonomy":"product_brand","embeddable":true,"href":"https:\/\/liquidmaster.pl\/en\/wp-json\/wp\/v2\/product_brand?post=1916798"},{"taxonomy":"product_cat","embeddable":true,"href":"https:\/\/liquidmaster.pl\/en\/wp-json\/wp\/v2\/product_cat?post=1916798"},{"taxonomy":"product_tag","embeddable":true,"href":"https:\/\/liquidmaster.pl\/en\/wp-json\/wp\/v2\/product_tag?post=1916798"}],"curies":[{"name":"wp","href":"https:\/\/api.w.org\/{rel}","templated":true}]}}