{"id":1916792,"date":"2025-09-06T13:00:09","date_gmt":"2025-09-06T11:00:09","guid":{"rendered":"https:\/\/liquidmaster.pl\/steinel-opalarka-hg2120-e-zestaw-car-wrapper\/"},"modified":"2026-04-18T04:40:07","modified_gmt":"2026-04-18T02:40:07","slug":"steinel-opalarka-hg2120-e-zestaw-car-wrapper","status":"publish","type":"product","link":"https:\/\/liquidmaster.pl\/en\/steinel-opalarka-hg2120-e-zestaw-car-wrapper\/","title":{"rendered":"Steinel Opalarka HG2120 E &#8211; zestaw car wrapper"},"content":{"rendered":"<p>Opalarka profesjonalna Steinel z p\u0142ynn\u0105 mechaniczn\u0105 regulacj\u0105 temperatury.<br \/>\nModel z 7,5-metrowym przewodem zasilaj\u0105cym. Dedykowany do car wrappingu<\/p>\n<ul>\n<li>nowe podzespo\u0142y &#8211; \u017cywotno\u015b\u0107 silnika 20% wi\u0119ksza<\/li>\n<li>inne umiejscowienie r\u0119koje\u015bci &#8211; idealnie po\u0142o\u017cony \u015brodek ci\u0119\u017cko\u015bci<\/li>\n<\/ul>\n<p>HG2120 E:<\/p>\n<ul>\n<li>regulacja temperatury p\u0142ynna (pokr\u0119t\u0142o)<\/li>\n<li>nadmuch 3-stopniowy (bieg I wych\u0142adzanie)<\/li>\n<li>wylot rury \u00d8 34 mm z naci\u0119ciami dla dysz p\u00f3\u0142profesjonalnych<\/li>\n<li>uchwyt do zawieszenia lub do zamontowania pirometru HL SCAN<\/li>\n<\/ul>\n<p>Moc: 2200 W<br \/>\nTemperatura: 80 \u2013 630 \u00baC<br \/>\nRegulacja p\u0142ynna (pokr\u0119t\u0142o)\u00a0<br \/>\nWydatek powietrza 150 \/ 150 \u2013 300 \/ 300 \u2013 500 l\/min<br \/>\n\u017bywotno\u015b\u0107 silnika: 750 h<br \/>\nWymiary: 253 x 86,5 x 200 mm<br \/>\nWaga: 850 g<\/p>\n<p>Model z d\u0142ugim przewodem zasilaj\u0105cym &#8211; wygodne narz\u0119dzie do prac w poligrafii, do wyklejania foliami karoserii samochodowych i innych element\u00f3w.<br \/>\nGwarancja: 3 lata bez wzgl\u0119du na form\u0119 zakupu<\/p>","protected":false},"excerpt":{"rendered":"<p>Opalarka profesjonalna Steinel z p\u0142ynn\u0105 mechaniczn\u0105 regulacj\u0105 temperatury. Model z 7,5-metrowym przewodem zasilaj\u0105cym. Dedykowany do car wrappingu nowe podzespo\u0142y &#8211; \u017cywotno\u015b\u0107 silnika 20% wi\u0119ksza inne umiejscowienie r\u0119koje\u015bci &#8211; idealnie po\u0142o\u017cony \u015brodek ci\u0119\u017cko\u015bci HG2120 E: regulacja temperatury p\u0142ynna (pokr\u0119t\u0142o) nadmuch 3-stopniowy (bieg I wych\u0142adzanie) wylot rury \u00d8 34 mm z naci\u0119ciami dla dysz p\u00f3\u0142profesjonalnych uchwyt do&hellip;&nbsp;<a href=\"https:\/\/liquidmaster.pl\/en\/steinel-opalarka-hg2120-e-zestaw-car-wrapper\/\" rel=\"bookmark\">Read More \u00bb<span class=\"screen-reader-text\">Steinel Opalarka HG2120 E &#8211; zestaw car wrapper<\/span><\/a><\/p>","protected":false},"featured_media":1916794,"comment_status":"open","ping_status":"open","template":"","meta":{"neve_meta_sidebar":"","neve_meta_container":"","neve_meta_enable_content_width":"","neve_meta_content_width":0,"neve_meta_title_alignment":"","neve_meta_author_avatar":"","neve_post_elements_order":"","neve_meta_disable_header":"","neve_meta_disable_footer":"","neve_meta_disable_title":"","_themeisle_gutenberg_block_has_review":false},"product_brand":[],"product_cat":[757,908,846],"product_tag":[],"class_list":{"0":"post-1916792","1":"product","2":"type-product","3":"status-publish","4":"has-post-thumbnail","6":"product_cat-akcesoria","7":"product_cat-narzedzia","8":"product_cat-reszta","10":"first","11":"outofstock","12":"taxable","13":"shipping-taxable","14":"purchasable","15":"product-type-simple"},"_links":{"self":[{"href":"https:\/\/liquidmaster.pl\/en\/wp-json\/wp\/v2\/product\/1916792","targetHints":{"allow":["GET"]}}],"collection":[{"href":"https:\/\/liquidmaster.pl\/en\/wp-json\/wp\/v2\/product"}],"about":[{"href":"https:\/\/liquidmaster.pl\/en\/wp-json\/wp\/v2\/types\/product"}],"replies":[{"embeddable":true,"href":"https:\/\/liquidmaster.pl\/en\/wp-json\/wp\/v2\/comments?post=1916792"}],"wp:featuredmedia":[{"embeddable":true,"href":"https:\/\/liquidmaster.pl\/en\/wp-json\/wp\/v2\/media\/1916794"}],"wp:attachment":[{"href":"https:\/\/liquidmaster.pl\/en\/wp-json\/wp\/v2\/media?parent=1916792"}],"wp:term":[{"taxonomy":"product_brand","embeddable":true,"href":"https:\/\/liquidmaster.pl\/en\/wp-json\/wp\/v2\/product_brand?post=1916792"},{"taxonomy":"product_cat","embeddable":true,"href":"https:\/\/liquidmaster.pl\/en\/wp-json\/wp\/v2\/product_cat?post=1916792"},{"taxonomy":"product_tag","embeddable":true,"href":"https:\/\/liquidmaster.pl\/en\/wp-json\/wp\/v2\/product_tag?post=1916792"}],"curies":[{"name":"wp","href":"https:\/\/api.w.org\/{rel}","templated":true}]}}